{"id":18654,"date":"2026-02-27T00:40:55","date_gmt":"2026-02-27T00:40:55","guid":{"rendered":"https:\/\/nordicmart.andreevmaster.com\/product\/vasagle-kladstallning-i-ekfarg\/"},"modified":"2026-02-27T08:29:15","modified_gmt":"2026-02-27T08:29:15","slug":"vasagle-kladstallning-i-ekfarg","status":"publish","type":"product","link":"https:\/\/nordicmart.andreevmaster.com\/sv\/produkt\/vasagle-kladstallning-i-ekfarg\/","title":{"rendered":"VASAGLE kl\u00e4dst\u00e4llning i ekf\u00e4rg"},"content":{"rendered":"<p>Denna frist\u00e5ende garderob \u00e4r precis vad du beh\u00f6ver f\u00f6r att bli lycklig Ett snyggt hem g\u00f6r helt enkelt lycklig. Skaffa denna garderob fr\u00e5n VASAGLE och ta det f\u00f6rsta steget mot ett lyckligare hem. Rensa bort kl\u00e4dh\u00f6garna fr\u00e5n soffan och f\u00f6rvandla din l\u00e4genhet till en plats d\u00e4r du m\u00e5r bra igen. \u00d6versikt \u00f6ver h\u00f6jdpunkterna i denna garderob: &#8211; Denna garderob st\u00f6ds av 3 ben och \u00e4r stabil och v\u00e4lter inte n\u00e4r du h\u00e4nger din jacka p\u00e5 en krok. Den \u00e4r dessutom extremt robust och h\u00e5llbar. &#8211; 11 krokar med rundade \u00e4ndar st\u00e5r till ditt f\u00f6rfogande, d\u00e4r du kan h\u00e4nga kl\u00e4der, v\u00e4skor och andra f\u00f6rem\u00e5l s\u00e5 att de \u00e4r l\u00e4ttillg\u00e4ngliga och v\u00e4lv\u00e5rdade. &#8211; Monteringen kommer inte att ge dig huvudbry: det \u00e4r barnsligt enkelt att montera denna garderob! Produktdetaljer:- F\u00e4rg: ekf\u00e4rgad &#8211; Material: gummitr\u00e4 &#8211; Storlek: 57 x 57 x 172 cm (L x B x H) &#8211; L\u00e4ngd per krok: 13 cm &#8211; Vikt: 3,4 kg &#8211; Max. statisk belastningskapacitet per krok: 5 kg &#8211; Max. statisk belastningskapacitet totalt: 15 kg Leveransomfattning:- 1 x garderob &#8211; 1 x bruksanvisning (DE, EN, FR, ES, IT) VASAGLE Anm\u00e4rkningar: &#8211; Uts\u00e4tt inte produkten f\u00f6r direkt solljus under l\u00e4ngre tid. &#8211; Den max. belastningskapaciteten i texten avser den statiska maxvikten.<\/p>\n","protected":false},"excerpt":{"rendered":"<p>VASAGLE kl\u00e4dh\u00e4ngare, kl\u00e4dst\u00e4ll med 11 krokar, frist\u00e5ende kl\u00e4dh\u00e4ngare i tr\u00e4dform, av massivt tr\u00e4, f\u00f6r kl\u00e4der, hattar, v\u00e4skor, ekf\u00e4rgad RCR002R01<\/p>\n","protected":false},"featured_media":45645,"comment_status":"open","ping_status":"closed","template":"","meta":[],"product_brand":[],"product_cat":[33],"product_tag":[],"class_list":{"0":"post-18654","1":"product","2":"type-product","3":"status-publish","4":"has-post-thumbnail","6":"product_cat-okategoriserad","8":"first","9":"instock","10":"shipping-taxable","11":"purchasable","12":"product-type-simple"},"_links":{"self":[{"href":"https:\/\/nordicmart.andreevmaster.com\/sv\/wp-json\/wp\/v2\/product\/18654","targetHints":{"allow":["GET"]}}],"collection":[{"href":"https:\/\/nordicmart.andreevmaster.com\/sv\/wp-json\/wp\/v2\/product"}],"about":[{"href":"https:\/\/nordicmart.andreevmaster.com\/sv\/wp-json\/wp\/v2\/types\/product"}],"replies":[{"embeddable":true,"href":"https:\/\/nordicmart.andreevmaster.com\/sv\/wp-json\/wp\/v2\/comments?post=18654"}],"wp:featuredmedia":[{"embeddable":true,"href":"https:\/\/nordicmart.andreevmaster.com\/sv\/wp-json\/wp\/v2\/media\/45645"}],"wp:attachment":[{"href":"https:\/\/nordicmart.andreevmaster.com\/sv\/wp-json\/wp\/v2\/media?parent=18654"}],"wp:term":[{"taxonomy":"product_brand","embeddable":true,"href":"https:\/\/nordicmart.andreevmaster.com\/sv\/wp-json\/wp\/v2\/product_brand?post=18654"},{"taxonomy":"product_cat","embeddable":true,"href":"https:\/\/nordicmart.andreevmaster.com\/sv\/wp-json\/wp\/v2\/product_cat?post=18654"},{"taxonomy":"product_tag","embeddable":true,"href":"https:\/\/nordicmart.andreevmaster.com\/sv\/wp-json\/wp\/v2\/product_tag?post=18654"}],"curies":[{"name":"wp","href":"https:\/\/api.w.org\/{rel}","templated":true}]}}