{"id":18652,"date":"2026-02-27T00:40:54","date_gmt":"2026-02-27T00:40:54","guid":{"rendered":"https:\/\/nordicmart.andreevmaster.com\/product\/songmics-fargglada-forvaringslador-3-pack\/"},"modified":"2026-02-27T08:29:14","modified_gmt":"2026-02-27T08:29:14","slug":"songmics-fargglada-forvaringslador-3-pack","status":"publish","type":"product","link":"https:\/\/nordicmart.andreevmaster.com\/sv\/produkt\/songmics-fargglada-forvaringslador-3-pack\/","title":{"rendered":"SONGMICS F\u00e4rgglada f\u00f6rvaringsl\u00e5dor, 3-pack"},"content":{"rendered":"<p>I olika f\u00e4rger: Saknar du f\u00f6rvaringsutrymme i barnrummet? Prova dessa 3 f\u00e4rgglada f\u00f6rvaringsl\u00e5dor fr\u00e5n SONGMICS! Livfulla f\u00e4rger, praktisk design \u2013 dessa l\u00e5dor hj\u00e4lper dina barn att h\u00e5lla ordning p\u00e5 sina saker och uppmuntrar dem samtidigt att st\u00e4da upp. Stapelbara: Dessa l\u00e5dor kan staplas p\u00e5 varandra f\u00f6r att spara plats i din bostad. St\u00e4ll dem i garderoben, bredvid soffan eller s\u00e4ngen f\u00f6r att f\u00f6rvara kl\u00e4der, leksaker, b\u00f6cker, skor eller v\u00e4skor p\u00e5 ett ordnat s\u00e4tt. Stabil stapling: Varje l\u00e5da har en robust metallram p\u00e5 insidan som ger god stabilitet vid stapling. Dessutom \u00e4r ovansidan f\u00f6rsedd med kardborreband som f\u00f6rhindrar o\u00f6nskad glidning.Hopf\u00e4llbar: N\u00e4r du inte anv\u00e4nder dem kan du enkelt f\u00e4lla ihop l\u00e5dorna och skjuta in dem under s\u00e4ngen. Produktdetaljer: F\u00e4rg: Bl\u00e5, orange, gul Material: Fleece med linneaktig struktur, j\u00e4rnram, kartong, 600D Oxford-tyg Storlek: 38 x 35 x 25 cm (L x B x H) Vikt per l\u00e5da: 3 kg Max. statisk belastningskapacitet per l\u00e5da: 10 kg Leveransomfattning: 3 x f\u00f6rvaringsl\u00e5da (1 i bl\u00e5tt, 1 i orange, 1 i gult) 1 x bruksanvisning (DE, EN, FR, ES, IT) SONGMICS Anm\u00e4rkningar:Tv\u00e4tta inte produkten direkt med vatten. Torka av den med en fuktig trasa f\u00f6r att ta bort smuts. Produkten kan ha en svag lukt n\u00e4r den packas upp. Placera den i s\u00e5 fall p\u00e5 en v\u00e4l ventilerad plats. Lukten f\u00f6rsvinner efter en kort stund.<\/p>\n","protected":false},"excerpt":{"rendered":"<p>SONGMICS f\u00f6rvaringsl\u00e5dor, 3-pack, vikbara l\u00e5dor med magnetisk lock, stapelbara tygl\u00e5dor med metallram och handtag, f\u00f6r leksaker och kl\u00e4der, bl\u00e5, orange, gul RCLB03G<\/p>\n","protected":false},"featured_media":45643,"comment_status":"open","ping_status":"closed","template":"","meta":[],"product_brand":[],"product_cat":[33],"product_tag":[],"class_list":{"0":"post-18652","1":"product","2":"type-product","3":"status-publish","4":"has-post-thumbnail","6":"product_cat-okategoriserad","8":"first","9":"instock","10":"shipping-taxable","11":"purchasable","12":"product-type-simple"},"_links":{"self":[{"href":"https:\/\/nordicmart.andreevmaster.com\/sv\/wp-json\/wp\/v2\/product\/18652","targetHints":{"allow":["GET"]}}],"collection":[{"href":"https:\/\/nordicmart.andreevmaster.com\/sv\/wp-json\/wp\/v2\/product"}],"about":[{"href":"https:\/\/nordicmart.andreevmaster.com\/sv\/wp-json\/wp\/v2\/types\/product"}],"replies":[{"embeddable":true,"href":"https:\/\/nordicmart.andreevmaster.com\/sv\/wp-json\/wp\/v2\/comments?post=18652"}],"wp:featuredmedia":[{"embeddable":true,"href":"https:\/\/nordicmart.andreevmaster.com\/sv\/wp-json\/wp\/v2\/media\/45643"}],"wp:attachment":[{"href":"https:\/\/nordicmart.andreevmaster.com\/sv\/wp-json\/wp\/v2\/media?parent=18652"}],"wp:term":[{"taxonomy":"product_brand","embeddable":true,"href":"https:\/\/nordicmart.andreevmaster.com\/sv\/wp-json\/wp\/v2\/product_brand?post=18652"},{"taxonomy":"product_cat","embeddable":true,"href":"https:\/\/nordicmart.andreevmaster.com\/sv\/wp-json\/wp\/v2\/product_cat?post=18652"},{"taxonomy":"product_tag","embeddable":true,"href":"https:\/\/nordicmart.andreevmaster.com\/sv\/wp-json\/wp\/v2\/product_tag?post=18652"}],"curies":[{"name":"wp","href":"https:\/\/api.w.org\/{rel}","templated":true}]}}