{"id":18651,"date":"2026-02-27T00:40:54","date_gmt":"2026-02-27T00:40:54","guid":{"rendered":"https:\/\/nordicmart.andreevmaster.com\/product\/songmics-hangande-forvaring-med-2-lador-gra\/"},"modified":"2026-02-27T08:29:14","modified_gmt":"2026-02-27T08:29:14","slug":"songmics-hangande-forvaring-med-2-lador-gra","status":"publish","type":"product","link":"https:\/\/nordicmart.andreevmaster.com\/sv\/produkt\/songmics-hangande-forvaring-med-2-lador-gra\/","title":{"rendered":"SONGMICS h\u00e4ngande f\u00f6rvaring med 2 l\u00e5dor Gr\u00e5"},"content":{"rendered":"<p>Irriterar det dig att den prydligt hopvikta kl\u00e4dh\u00f6gen faller omkull n\u00e4r du letar efter de kl\u00e4der du beh\u00f6ver? Tar du av dina fina stickade kl\u00e4der fr\u00e5n galgen och uppt\u00e4cker pl\u00f6tsligt att det finns fula bucklor p\u00e5 kl\u00e4derna? H\u00e4r \u00e4r ett &#8221;hemligt vapen&#8221; f\u00f6r dig \u2013 SONGMICS h\u00e4ngande f\u00f6rvaringssystem! Med den kan du f\u00f6rvara dina kl\u00e4der, skor etc. p\u00e5 ett \u00f6versk\u00e5dligt s\u00e4tt och h\u00e4nga upp dem p\u00e5 st\u00e5ngen. Den kan g\u00f6mmas i din garderob: \u00f6ppna bara garderobsd\u00f6rren och ta snabbt fram de f\u00f6rem\u00e5l du beh\u00f6ver! Med 5 stora fack och 2 uttagbara l\u00e5dor f\u00f6rvandlar organisat\u00f6ren det lediga utrymmet till f\u00f6rvaringsutrymme. Dessutom passar den gr\u00e5 f\u00e4rgen \u00f6verallt. I barnrummet kan leksaker, barnkl\u00e4der etc. f\u00f6rvaras snyggt; h\u00e4ng upp organisat\u00f6ren p\u00e5 kl\u00e4dh\u00e4ngaren f\u00f6r att f\u00f6rvara fler saker; i husvagnen g\u00f6r den sm\u00e5saker l\u00e4ttillg\u00e4ngliga. SONGMICS har gjort det till sin uppgift att erbjuda h\u00f6gkvalitativa produkter och underl\u00e4tta din vardag! Produktdetaljer:F\u00e4rg: Gr\u00e5, svart Material: Blandv\u00e4v (terylen\/bomull), kartong, st\u00e5lst\u00e4nger, 80 g\/m2 non-woven tyg Storlek: 30 x 30 x 108 cm (L x B x H) Vikt: 1,8 kg Max. belastningskapacitet: 15 kg Leveransomfattning: 1 x h\u00e4ngande f\u00f6rvaringssystem SONGMICS Anm\u00e4rkningar:Det kan h\u00e4nda att produkten avger en svag lukt n\u00e4r du packar upp den. I s\u00e5 fall kan du placera den i ett v\u00e4lventilerat rum s\u00e5 att lukten f\u00f6rsvinner efter en kort stund. Tv\u00e4tta inte produkten med vatten, utan torka av den med en fuktig trasa.<\/p>\n","protected":false},"excerpt":{"rendered":"<p>SONGMICS H\u00e4ngande hyllsystem med 5 niv\u00e5er, h\u00e4ngande f\u00f6rvaring med 2 l\u00e5dor, organisat\u00f6r f\u00f6r garderob, med fack och robust metallram, platsbesparande, f\u00f6r kl\u00e4der, gr\u00e5<\/p>\n","protected":false},"featured_media":45642,"comment_status":"open","ping_status":"closed","template":"","meta":[],"product_brand":[],"product_cat":[33],"product_tag":[],"class_list":{"0":"post-18651","1":"product","2":"type-product","3":"status-publish","4":"has-post-thumbnail","6":"product_cat-okategoriserad","8":"first","9":"instock","10":"shipping-taxable","11":"purchasable","12":"product-type-simple"},"_links":{"self":[{"href":"https:\/\/nordicmart.andreevmaster.com\/sv\/wp-json\/wp\/v2\/product\/18651","targetHints":{"allow":["GET"]}}],"collection":[{"href":"https:\/\/nordicmart.andreevmaster.com\/sv\/wp-json\/wp\/v2\/product"}],"about":[{"href":"https:\/\/nordicmart.andreevmaster.com\/sv\/wp-json\/wp\/v2\/types\/product"}],"replies":[{"embeddable":true,"href":"https:\/\/nordicmart.andreevmaster.com\/sv\/wp-json\/wp\/v2\/comments?post=18651"}],"wp:featuredmedia":[{"embeddable":true,"href":"https:\/\/nordicmart.andreevmaster.com\/sv\/wp-json\/wp\/v2\/media\/45642"}],"wp:attachment":[{"href":"https:\/\/nordicmart.andreevmaster.com\/sv\/wp-json\/wp\/v2\/media?parent=18651"}],"wp:term":[{"taxonomy":"product_brand","embeddable":true,"href":"https:\/\/nordicmart.andreevmaster.com\/sv\/wp-json\/wp\/v2\/product_brand?post=18651"},{"taxonomy":"product_cat","embeddable":true,"href":"https:\/\/nordicmart.andreevmaster.com\/sv\/wp-json\/wp\/v2\/product_cat?post=18651"},{"taxonomy":"product_tag","embeddable":true,"href":"https:\/\/nordicmart.andreevmaster.com\/sv\/wp-json\/wp\/v2\/product_tag?post=18651"}],"curies":[{"name":"wp","href":"https:\/\/api.w.org\/{rel}","templated":true}]}}