{"id":18650,"date":"2026-02-27T00:40:54","date_gmt":"2026-02-27T00:40:54","guid":{"rendered":"https:\/\/nordicmart.andreevmaster.com\/product\/songmics-hangande-forvaring-med-6-fack-gra\/"},"modified":"2026-02-27T08:29:14","modified_gmt":"2026-02-27T08:29:14","slug":"songmics-hangande-forvaring-med-6-fack-gra","status":"publish","type":"product","link":"https:\/\/nordicmart.andreevmaster.com\/sv\/produkt\/songmics-hangande-forvaring-med-6-fack-gra\/","title":{"rendered":"SONGMICS H\u00e4ngande f\u00f6rvaring med 6 fack Gr\u00e5"},"content":{"rendered":"<p>Letar du efter n\u00e5got som ger mer f\u00f6rvaringsutrymme om du inte har mycket plats i ditt sk\u00e5p? Eller orkar du inte l\u00e4ngre se kaos i din garderob varje dag? D\u00e5 kan denna Songmics h\u00e4ngande f\u00f6rvaring vara perfekt f\u00f6r dig, eftersom den enkelt f\u00e4sts p\u00e5 en st\u00e5ng och ger dig extra f\u00f6rvaringsutrymme p\u00e5 nolltid.Den erbjuder flexibla f\u00f6rvaringsm\u00f6jligheter och passar i sovrum, barnrum, badrum, hall, camping, husvagn&#8230; \u00f6verallt! Anvisningar: &#8211; Inte l\u00e4mplig f\u00f6r tunga f\u00f6rem\u00e5l som hantlar och \u00f6mt\u00e5liga f\u00f6rem\u00e5l som glasvaror. &#8211; Se till att de universella kardborref\u00e4stena sitter ordentligt fast innan anv\u00e4ndning. F\u00f6r att undvika att hela konstruktionen lutar b\u00f6r du placera f\u00f6rem\u00e5len i mitten av varje fack. &#8211; L\u00e5t inte barn dra i eller kl\u00e4ttra p\u00e5 den h\u00e4ngande f\u00f6rvaringen. &#8211; Kontrollera noggrant produktens m\u00e5tt innan du k\u00f6per den. Sk\u00f6tselr\u00e5d: &#8211; Inte l\u00e4mplig f\u00f6r v\u00e5ta kl\u00e4der.- Ej tv\u00e4ttbar, f\u00e5r inte strykas eller torkas i torktumlare; anv\u00e4nd en torr trasa vid reng\u00f6ring. Produktdetaljer: &#8211; F\u00e4rg: gr\u00e5 &#8211; Material: fleece + polyester + kartong &#8211; Vikt: 1,28 kg &#8211; M\u00e5tt: 30 x 130 x 30 cm (B x H x D) &#8211; M\u00e5tt f\u00f6r varje fack: 30 x 21 x 30 cm (B x H x D) &#8211; F\u00f6rpackningsm\u00e5tt: 31 x 31 x 5,5 cm Leveransomfattning: &#8211; 1 x h\u00e4ngande f\u00f6rvaring &#8211; 2 x foldback-kl\u00e4mmor<\/p>\n","protected":false},"excerpt":{"rendered":"<p>SONGMICS H\u00e4ngande hylla, h\u00e4ngande f\u00f6rvaring med 6 fack, insida med metallram, 2 kl\u00e4mmor gratis, f\u00f6r kl\u00e4dsk\u00e5p i olika h\u00f6jder 30 x 130 x 30 cm (B x H x D) Gr\u00e5 RCH06G<\/p>\n","protected":false},"featured_media":45641,"comment_status":"open","ping_status":"closed","template":"","meta":[],"product_brand":[],"product_cat":[33],"product_tag":[],"class_list":{"0":"post-18650","1":"product","2":"type-product","3":"status-publish","4":"has-post-thumbnail","6":"product_cat-okategoriserad","8":"first","9":"instock","10":"shipping-taxable","11":"purchasable","12":"product-type-simple"},"_links":{"self":[{"href":"https:\/\/nordicmart.andreevmaster.com\/sv\/wp-json\/wp\/v2\/product\/18650","targetHints":{"allow":["GET"]}}],"collection":[{"href":"https:\/\/nordicmart.andreevmaster.com\/sv\/wp-json\/wp\/v2\/product"}],"about":[{"href":"https:\/\/nordicmart.andreevmaster.com\/sv\/wp-json\/wp\/v2\/types\/product"}],"replies":[{"embeddable":true,"href":"https:\/\/nordicmart.andreevmaster.com\/sv\/wp-json\/wp\/v2\/comments?post=18650"}],"wp:featuredmedia":[{"embeddable":true,"href":"https:\/\/nordicmart.andreevmaster.com\/sv\/wp-json\/wp\/v2\/media\/45641"}],"wp:attachment":[{"href":"https:\/\/nordicmart.andreevmaster.com\/sv\/wp-json\/wp\/v2\/media?parent=18650"}],"wp:term":[{"taxonomy":"product_brand","embeddable":true,"href":"https:\/\/nordicmart.andreevmaster.com\/sv\/wp-json\/wp\/v2\/product_brand?post=18650"},{"taxonomy":"product_cat","embeddable":true,"href":"https:\/\/nordicmart.andreevmaster.com\/sv\/wp-json\/wp\/v2\/product_cat?post=18650"},{"taxonomy":"product_tag","embeddable":true,"href":"https:\/\/nordicmart.andreevmaster.com\/sv\/wp-json\/wp\/v2\/product_tag?post=18650"}],"curies":[{"name":"wp","href":"https:\/\/api.w.org\/{rel}","templated":true}]}}