{"id":18649,"date":"2026-02-27T00:40:53","date_gmt":"2026-02-27T00:40:53","guid":{"rendered":"https:\/\/nordicmart.andreevmaster.com\/product\/songmics-hangande-hyllor-i-tyg-9-fack-ljusgra\/"},"modified":"2026-02-27T08:29:14","modified_gmt":"2026-02-27T08:29:14","slug":"songmics-hangande-hyllor-i-tyg-9-fack-ljusgra","status":"publish","type":"product","link":"https:\/\/nordicmart.andreevmaster.com\/sv\/produkt\/songmics-hangande-hyllor-i-tyg-9-fack-ljusgra\/","title":{"rendered":"SONGMICS H\u00e4ngande hyllor i tyg 9 fack Ljusgr\u00e5"},"content":{"rendered":"<p>M\u00e5ngsidig anv\u00e4ndning: F\u00f6rvaring av kl\u00e4der: Fack i tv\u00e5 olika storlekar g\u00f6r att du kan sortera dina kl\u00e4der och utnyttja utrymmet maximalt. De 3 facken i den \u00f6vre delen \u00e4r l\u00e4mpliga f\u00f6r st\u00f6rre f\u00f6rem\u00e5l som T-shirts, jeans, byxor, tr\u00f6jor, leksaker, hattar; 6 ytterligare fack i den nedre delen \u00e4r perfekta f\u00f6r mindre f\u00f6rem\u00e5l som kortbyxor, handskar, halsdukar, handdukar. F\u00f6rvaring utomhus: Du kan \u00e4ven ta med dig organisat\u00f6ren p\u00e5 campingen och anv\u00e4nda de 3 stora facken f\u00f6r campingutrustning eller ett f\u00f6rsta hj\u00e4lpen-kit och de 6 sm\u00e5 facken f\u00f6r snacks, n\u00e4sdukar, solkr\u00e4m etc. Produktvikt inkl. f\u00f6rpackning: 1,2 kg<\/p>\n","protected":false},"excerpt":{"rendered":"<p>SONGMICS H\u00e4ngande hylla i tyg f\u00f6r skor, h\u00e4ngande f\u00f6rvaring, organisat\u00f6r f\u00f6r garderob, 9 fack f\u00f6r skor i olika storlekar, h\u00e4ngande skohylla med robust metallram, gr\u00e5 RCH05G<\/p>\n","protected":false},"featured_media":45640,"comment_status":"open","ping_status":"closed","template":"","meta":[],"product_brand":[],"product_cat":[33],"product_tag":[],"class_list":{"0":"post-18649","1":"product","2":"type-product","3":"status-publish","4":"has-post-thumbnail","6":"product_cat-okategoriserad","8":"first","9":"instock","10":"shipping-taxable","11":"purchasable","12":"product-type-simple"},"_links":{"self":[{"href":"https:\/\/nordicmart.andreevmaster.com\/sv\/wp-json\/wp\/v2\/product\/18649","targetHints":{"allow":["GET"]}}],"collection":[{"href":"https:\/\/nordicmart.andreevmaster.com\/sv\/wp-json\/wp\/v2\/product"}],"about":[{"href":"https:\/\/nordicmart.andreevmaster.com\/sv\/wp-json\/wp\/v2\/types\/product"}],"replies":[{"embeddable":true,"href":"https:\/\/nordicmart.andreevmaster.com\/sv\/wp-json\/wp\/v2\/comments?post=18649"}],"wp:featuredmedia":[{"embeddable":true,"href":"https:\/\/nordicmart.andreevmaster.com\/sv\/wp-json\/wp\/v2\/media\/45640"}],"wp:attachment":[{"href":"https:\/\/nordicmart.andreevmaster.com\/sv\/wp-json\/wp\/v2\/media?parent=18649"}],"wp:term":[{"taxonomy":"product_brand","embeddable":true,"href":"https:\/\/nordicmart.andreevmaster.com\/sv\/wp-json\/wp\/v2\/product_brand?post=18649"},{"taxonomy":"product_cat","embeddable":true,"href":"https:\/\/nordicmart.andreevmaster.com\/sv\/wp-json\/wp\/v2\/product_cat?post=18649"},{"taxonomy":"product_tag","embeddable":true,"href":"https:\/\/nordicmart.andreevmaster.com\/sv\/wp-json\/wp\/v2\/product_tag?post=18649"}],"curies":[{"name":"wp","href":"https:\/\/api.w.org\/{rel}","templated":true}]}}