{"id":18648,"date":"2026-02-27T00:40:53","date_gmt":"2026-02-27T00:40:53","guid":{"rendered":"https:\/\/nordicmart.andreevmaster.com\/product\/songmics-hangande-hylla-med-5-stora-fack\/"},"modified":"2026-02-27T08:29:13","modified_gmt":"2026-02-27T08:29:13","slug":"songmics-hangande-hylla-med-5-stora-fack","status":"publish","type":"product","link":"https:\/\/nordicmart.andreevmaster.com\/sv\/produkt\/songmics-hangande-hylla-med-5-stora-fack\/","title":{"rendered":"SONGMICS H\u00e4ngande hylla med 5 stora fack"},"content":{"rendered":"<p>SONGMICS H\u00e4ngande hylla med 5 stora fack, garderobsorganiserare med 9 sidfickor, h\u00e4ngande sk\u00e5p, h\u00e4ngande f\u00f6rvaring i tyg f\u00f6r kl\u00e4der, skor, accessoarer, 30 x 130 x 30 cm, gr\u00e5 RCH03G<\/p>\n","protected":false},"excerpt":{"rendered":"<p>SONGMICS H\u00e4ngande hylla med 5 stora fack, garderobsorganiserare med 9 sidfickor, h\u00e4ngande sk\u00e5p, h\u00e4ngande f\u00f6rvaring i tyg f\u00f6r kl\u00e4der, skor, accessoarer, 30 x 130 x 30 cm, gr\u00e5 RCH03G<\/p>\n","protected":false},"featured_media":45639,"comment_status":"open","ping_status":"closed","template":"","meta":[],"product_brand":[],"product_cat":[33],"product_tag":[],"class_list":{"0":"post-18648","1":"product","2":"type-product","3":"status-publish","4":"has-post-thumbnail","6":"product_cat-okategoriserad","8":"first","9":"instock","10":"shipping-taxable","11":"purchasable","12":"product-type-simple"},"_links":{"self":[{"href":"https:\/\/nordicmart.andreevmaster.com\/sv\/wp-json\/wp\/v2\/product\/18648","targetHints":{"allow":["GET"]}}],"collection":[{"href":"https:\/\/nordicmart.andreevmaster.com\/sv\/wp-json\/wp\/v2\/product"}],"about":[{"href":"https:\/\/nordicmart.andreevmaster.com\/sv\/wp-json\/wp\/v2\/types\/product"}],"replies":[{"embeddable":true,"href":"https:\/\/nordicmart.andreevmaster.com\/sv\/wp-json\/wp\/v2\/comments?post=18648"}],"wp:featuredmedia":[{"embeddable":true,"href":"https:\/\/nordicmart.andreevmaster.com\/sv\/wp-json\/wp\/v2\/media\/45639"}],"wp:attachment":[{"href":"https:\/\/nordicmart.andreevmaster.com\/sv\/wp-json\/wp\/v2\/media?parent=18648"}],"wp:term":[{"taxonomy":"product_brand","embeddable":true,"href":"https:\/\/nordicmart.andreevmaster.com\/sv\/wp-json\/wp\/v2\/product_brand?post=18648"},{"taxonomy":"product_cat","embeddable":true,"href":"https:\/\/nordicmart.andreevmaster.com\/sv\/wp-json\/wp\/v2\/product_cat?post=18648"},{"taxonomy":"product_tag","embeddable":true,"href":"https:\/\/nordicmart.andreevmaster.com\/sv\/wp-json\/wp\/v2\/product_tag?post=18648"}],"curies":[{"name":"wp","href":"https:\/\/api.w.org\/{rel}","templated":true}]}}