{"id":18646,"date":"2026-02-27T00:40:52","date_gmt":"2026-02-27T00:40:52","guid":{"rendered":"https:\/\/nordicmart.andreevmaster.com\/product\/songmics-hangande-forvaringssystem-med-metallkrokar-sandbeige\/"},"modified":"2026-02-27T08:29:13","modified_gmt":"2026-02-27T08:29:13","slug":"songmics-hangande-forvaringssystem-med-metallkrokar-sandbeige","status":"publish","type":"product","link":"https:\/\/nordicmart.andreevmaster.com\/sv\/produkt\/songmics-hangande-forvaringssystem-med-metallkrokar-sandbeige\/","title":{"rendered":"SONGMICS h\u00e4ngande f\u00f6rvaringssystem med metallkrokar sandbeige"},"content":{"rendered":"<p>SONGMICS H\u00e4ngande hylla, h\u00e4ngande f\u00f6rvaring, f\u00f6rvaringssystem f\u00f6r kl\u00e4der, i garderoben, platsbesparande och hopf\u00e4llbar, metallkrokar, bambuinsatser, linneaktig struktur, gr\u00e5 melerad RCH005G01<br \/>\nF\u00e4rg: Sandbeige<br \/>\nMaterial: 80 g\/m\u00b2 non-woven-tyg, bambuinsatser, metallram och metallkrokar i \u00f6vre delen, 2 mm tjock kartong<br \/>\nStorlek: 30 x 30 x 90 cm (D x B x H)<br \/>\nVikt: 0,5 kg<br \/>\nMax. statisk belastningskapacitet per fack: 2 kg<br \/>\nMax. statisk belastningskapacitet totalt: 10 kg<\/p>\n","protected":false},"excerpt":{"rendered":"<p>SONGMICS H\u00e4ngande hylla, h\u00e4ngande f\u00f6rvaring, f\u00f6rvaringssystem f\u00f6r kl\u00e4der, i garderoben, platsbesparande och hopf\u00e4llbar, metallkrokar, bambuinsatser, linneaktig struktur, gr\u00e5 melerad RCH005G01<\/p>\n","protected":false},"featured_media":45637,"comment_status":"open","ping_status":"closed","template":"","meta":[],"product_brand":[],"product_cat":[33],"product_tag":[],"class_list":{"0":"post-18646","1":"product","2":"type-product","3":"status-publish","4":"has-post-thumbnail","6":"product_cat-okategoriserad","8":"first","9":"instock","10":"shipping-taxable","11":"purchasable","12":"product-type-simple"},"_links":{"self":[{"href":"https:\/\/nordicmart.andreevmaster.com\/sv\/wp-json\/wp\/v2\/product\/18646","targetHints":{"allow":["GET"]}}],"collection":[{"href":"https:\/\/nordicmart.andreevmaster.com\/sv\/wp-json\/wp\/v2\/product"}],"about":[{"href":"https:\/\/nordicmart.andreevmaster.com\/sv\/wp-json\/wp\/v2\/types\/product"}],"replies":[{"embeddable":true,"href":"https:\/\/nordicmart.andreevmaster.com\/sv\/wp-json\/wp\/v2\/comments?post=18646"}],"wp:featuredmedia":[{"embeddable":true,"href":"https:\/\/nordicmart.andreevmaster.com\/sv\/wp-json\/wp\/v2\/media\/45637"}],"wp:attachment":[{"href":"https:\/\/nordicmart.andreevmaster.com\/sv\/wp-json\/wp\/v2\/media?parent=18646"}],"wp:term":[{"taxonomy":"product_brand","embeddable":true,"href":"https:\/\/nordicmart.andreevmaster.com\/sv\/wp-json\/wp\/v2\/product_brand?post=18646"},{"taxonomy":"product_cat","embeddable":true,"href":"https:\/\/nordicmart.andreevmaster.com\/sv\/wp-json\/wp\/v2\/product_cat?post=18646"},{"taxonomy":"product_tag","embeddable":true,"href":"https:\/\/nordicmart.andreevmaster.com\/sv\/wp-json\/wp\/v2\/product_tag?post=18646"}],"curies":[{"name":"wp","href":"https:\/\/api.w.org\/{rel}","templated":true}]}}