{"id":18642,"date":"2026-02-27T00:40:51","date_gmt":"2026-02-27T00:40:51","guid":{"rendered":"https:\/\/nordicmart.andreevmaster.com\/product\/songmics-gamingstol-med-fotstod\/"},"modified":"2026-02-27T08:29:12","modified_gmt":"2026-02-27T08:29:12","slug":"songmics-gamingstol-med-fotstod","status":"publish","type":"product","link":"https:\/\/nordicmart.andreevmaster.com\/sv\/produkt\/songmics-gamingstol-med-fotstod\/","title":{"rendered":"SONGMICS gamingstol med fotst\u00f6d"},"content":{"rendered":"<p>Rollspel, f\u00f6rstapersonsskjutare, Tower Defense eller onlinepoker \u2013 vilket dataspelsgenre f\u00f6redrar du? Oavsett om du som magiker f\u00f6rh\u00e4xar dina motst\u00e5ndare eller ivrigt v\u00e4ntar p\u00e5 en royal flush, hj\u00e4lper v\u00e5r gamingstol dig p\u00e5 v\u00e4gen mot segern. H\u00f6gkvalitativ, bekv\u00e4m, multifunktionell: Tack vare den ergonomiska designen och sitsen med formstabilt skum kan du njuta av h\u00f6gsta komfort, \u00e4ven om din medspelare \u00e5terigen \u00e4r AFK under en l\u00e4ngre tid. Om du vill ta en tupplur eller streama en video emellan\u00e5t f\u00e4ller du helt enkelt ut det praktiska fotst\u00f6det. Dessutom har datastolen m\u00e5nga funktioner. Armst\u00f6den kan r\u00f6ras flexibelt upp\u00e5t, ned\u00e5t, \u00e5t v\u00e4nster och \u00e5t h\u00f6ger. Stolen kan dessutom lutas bak\u00e5t upp till 135 grader. Den har \u00e4ven en vippmekanism. Med denna gamerf\u00e5t\u00f6lj f\u00e5r du dessutom en slitstark produkt med st\u00e5lstomme. V\u00e5r fotkors har klarat SGS:s kollisionstest och statiska trycktest (certifikat nr AJHL1811002706FT; Innehavare: Tillverkare av fotkorset). Testad kvalitet! Produktdetaljer: F\u00e4rg: Svart kamouflage Material: H\u00f6gdensitetsreflexskum, st\u00e5lstomme i sits och fotkors, kl\u00e4dsel av milj\u00f6v\u00e4nligt PU och n\u00e4tv\u00e4v, hjul av nylon Storlek: 69 x 70,5 x 128-138 cm (L x B x H) Vikt: 22 kg Maximal belastning: 150 kg Leveransomfattning: 1 x gamingstol 1 x insexnyckel 1 x tillbeh\u00f6rsp\u00e5se 1 x bruksanvisning (DE, EN, ES, FR, IT) SONGMICS Anm\u00e4rkningar:Var uppm\u00e4rksam p\u00e5 pilen p\u00e5 undersidan av sitsen och montera stolen enligt denna. S\u00e4tt dig inte p\u00e5 stolens framkant. P\u00e5 s\u00e5 s\u00e4tt undviker du att skada dig om stolen v\u00e4lter.<\/p>\n","protected":false},"excerpt":{"rendered":"<p>SONGMICS Gamingstol med fotst\u00f6d, 150 kg, kontorsstol, skrivbordsstol, l\u00e4ndryggskudde, huvudkudde, h\u00f6g ryggst\u00f6d, ergonomisk, st\u00e5l, konstl\u00e4der, andningsbart n\u00e4tmaterial, svart-vit RCG52BW<\/p>\n","protected":false},"featured_media":45633,"comment_status":"open","ping_status":"closed","template":"","meta":[],"product_brand":[],"product_cat":[33],"product_tag":[],"class_list":{"0":"post-18642","1":"product","2":"type-product","3":"status-publish","4":"has-post-thumbnail","6":"product_cat-okategoriserad","8":"first","9":"instock","10":"shipping-taxable","11":"purchasable","12":"product-type-simple"},"_links":{"self":[{"href":"https:\/\/nordicmart.andreevmaster.com\/sv\/wp-json\/wp\/v2\/product\/18642","targetHints":{"allow":["GET"]}}],"collection":[{"href":"https:\/\/nordicmart.andreevmaster.com\/sv\/wp-json\/wp\/v2\/product"}],"about":[{"href":"https:\/\/nordicmart.andreevmaster.com\/sv\/wp-json\/wp\/v2\/types\/product"}],"replies":[{"embeddable":true,"href":"https:\/\/nordicmart.andreevmaster.com\/sv\/wp-json\/wp\/v2\/comments?post=18642"}],"wp:featuredmedia":[{"embeddable":true,"href":"https:\/\/nordicmart.andreevmaster.com\/sv\/wp-json\/wp\/v2\/media\/45633"}],"wp:attachment":[{"href":"https:\/\/nordicmart.andreevmaster.com\/sv\/wp-json\/wp\/v2\/media?parent=18642"}],"wp:term":[{"taxonomy":"product_brand","embeddable":true,"href":"https:\/\/nordicmart.andreevmaster.com\/sv\/wp-json\/wp\/v2\/product_brand?post=18642"},{"taxonomy":"product_cat","embeddable":true,"href":"https:\/\/nordicmart.andreevmaster.com\/sv\/wp-json\/wp\/v2\/product_cat?post=18642"},{"taxonomy":"product_tag","embeddable":true,"href":"https:\/\/nordicmart.andreevmaster.com\/sv\/wp-json\/wp\/v2\/product_tag?post=18642"}],"curies":[{"name":"wp","href":"https:\/\/api.w.org\/{rel}","templated":true}]}}