{"id":18641,"date":"2026-02-27T00:40:51","date_gmt":"2026-02-27T00:40:51","guid":{"rendered":"https:\/\/nordicmart.andreevmaster.com\/product\/gaming-stol-med-fodstotte-2\/"},"modified":"2026-02-27T08:29:12","modified_gmt":"2026-02-27T08:29:12","slug":"gaming-stol-med-fodstotte-2","status":"publish","type":"product","link":"https:\/\/nordicmart.andreevmaster.com\/sv\/produkt\/gaming-stol-med-fodstotte-2\/","title":{"rendered":"Gaming-stol med fodst\u00f8tte"},"content":{"rendered":"<p>Rollespil, first-person shooters, tower defence eller online poker &#8211; hvilken computerspilsgenre er du til? Oavsett om du \u00e4r en trollkarl som f\u00f6rh\u00e4xar dina motst\u00e5ndare eller v\u00e4ntar sp\u00e4nt p\u00e5 en royal flush, kommer v\u00e5r gamingstol att hj\u00e4lpa dig p\u00e5 v\u00e4gen mot segern. H\u00f6g kvalitet, bekv\u00e4m, multifunktionell: Den ergonomiska designen och s\u00e4tet med formstabilt skum garanterar maximal komfort, \u00e4ven om din motst\u00e5ndare \u00e4r borta l\u00e4nge. Om du vill ta en tupplur eller streama en video emellan\u00e5t, f\u00e4ller du bara ut det praktiska fotst\u00f6det, och datastolen har ocks\u00e5 m\u00e5nga funktioner. Armst\u00f6den kan flyttas flexibelt upp\u00e5t, ned\u00e5t, \u00e5t v\u00e4nster och \u00e5t h\u00f6ger. Stolen kan ocks\u00e5 lutas bak\u00e5t upp till 135 grader. Denna spelstol \u00e4r ocks\u00e5 ett slitstarkt produkt med en st\u00e5lram. V\u00e5r stj\u00e4rnbas har klarat SGS-st\u00f6ttestet och det statiska trycktestet (certifikat nr. AJHL1811002706FT; innehavare: tillverkare av stj\u00e4rnbasen). Testad kvalitet! Produktdetaljer: F\u00e4rg: Svart kamouflage Material: Refleksskum med h\u00f6g densitet, s\u00e4tesram och bas av st\u00e5l, kl\u00e4dsel av milj\u00f6v\u00e4nligt PU- och n\u00e4tmaterial, nylonhjul Storlek: 69 x 70,5 x 128-138 cm (L x B x H)Vikt: 22 kgMaximal belastningskapacitet: 150 kgLeveransomfattning:1 x gamingstol1 x unbrakon\u00f8gle1 x tilbeh\u00f8rstaske1 x brugsanvisning (DE, EN, ES, FR, IT)SONGMICS Anm\u00e4rkningar: Var uppm\u00e4rksam p\u00e5 pilen i botten av sitsen och montera stolen i enlighet med denna. Sitt inte p\u00e5 stolens framkant. Det f\u00f6rhindrar att du skadas om stolen v\u00e4lter.<\/p>\n","protected":false},"excerpt":{"rendered":"<p>Rollespil, first-person shooters, tower defence eller online poker &#8211; hvilken computerspilsgenre er du til? Oavsett om du \u00e4r en trollkarl som f\u00f6rh\u00e4xar dina motst\u00e5ndare eller v\u00e4ntar sp\u00e4nt p\u00e5 en royal flush, kommer v\u00e5r gamingstol att hj\u00e4lpa dig p\u00e5 v\u00e4gen mot segern. H\u00f6g kvalitet, bekv\u00e4m, multifunktionell: Den ergonomiska designen och s\u00e4tet med formstabilt skum garanterar maximal [&hellip;]<\/p>\n","protected":false},"featured_media":0,"comment_status":"open","ping_status":"closed","template":"","meta":[],"product_brand":[],"product_cat":[33],"product_tag":[],"class_list":{"0":"post-18641","1":"product","2":"type-product","3":"status-publish","5":"product_cat-okategoriserad","7":"first","8":"instock","9":"shipping-taxable","10":"product-type-simple"},"_links":{"self":[{"href":"https:\/\/nordicmart.andreevmaster.com\/sv\/wp-json\/wp\/v2\/product\/18641","targetHints":{"allow":["GET"]}}],"collection":[{"href":"https:\/\/nordicmart.andreevmaster.com\/sv\/wp-json\/wp\/v2\/product"}],"about":[{"href":"https:\/\/nordicmart.andreevmaster.com\/sv\/wp-json\/wp\/v2\/types\/product"}],"replies":[{"embeddable":true,"href":"https:\/\/nordicmart.andreevmaster.com\/sv\/wp-json\/wp\/v2\/comments?post=18641"}],"wp:attachment":[{"href":"https:\/\/nordicmart.andreevmaster.com\/sv\/wp-json\/wp\/v2\/media?parent=18641"}],"wp:term":[{"taxonomy":"product_brand","embeddable":true,"href":"https:\/\/nordicmart.andreevmaster.com\/sv\/wp-json\/wp\/v2\/product_brand?post=18641"},{"taxonomy":"product_cat","embeddable":true,"href":"https:\/\/nordicmart.andreevmaster.com\/sv\/wp-json\/wp\/v2\/product_cat?post=18641"},{"taxonomy":"product_tag","embeddable":true,"href":"https:\/\/nordicmart.andreevmaster.com\/sv\/wp-json\/wp\/v2\/product_tag?post=18641"}],"curies":[{"name":"wp","href":"https:\/\/api.w.org\/{rel}","templated":true}]}}