{"id":18636,"date":"2026-02-27T00:40:50","date_gmt":"2026-02-27T00:40:50","guid":{"rendered":"https:\/\/nordicmart.andreevmaster.com\/product\/songmics-spelstol-med-stor-sittyta\/"},"modified":"2026-02-27T08:29:11","modified_gmt":"2026-02-27T08:29:11","slug":"songmics-spelstol-med-stor-sittyta","status":"publish","type":"product","link":"https:\/\/nordicmart.andreevmaster.com\/sv\/produkt\/songmics-spelstol-med-stor-sittyta\/","title":{"rendered":"SONGMICS spelstol med stor sittyta"},"content":{"rendered":"<p>Som om du vore en del av ditt videospel: Denna racingstol \u00e4r skapad f\u00f6r riktiga gamers! Om du \u00e4lskar fart, stil och dataspel kommer du att uppleva underbara stunder i denna stol. Dess ergonomiska design garanterar h\u00f6g sittkomfort, \u00e4ven efter l\u00e5nga spelsessioner. Gungfunktionen g\u00f6r det m\u00f6jligt att gunga l\u00e4tt fram och tillbaka, vilket minskar tr\u00f6ttheten. \u00c4ven sitth\u00f6jden och ryggst\u00f6dets lutningsvinkel \u00e4r flexibelt justerbara, s\u00e5 att du kan anpassa stolen perfekt efter dina behov. Auto-Return-cylindern har dessutom klarat s\u00e4kerhetstestet fr\u00e5n T\u00dcV Rheinland enligt DIN 4550, klass 4 (certifikat utf\u00e4rdat av: leverant\u00f6r).N\u00e4r du sitter p\u00e5 denna skrivbordsstol kommer du att k\u00e4nna dig som om du sitter bakom ratten i en h\u00e4stkraftsstark sportbil \u2013 s\u00e5 mycket kraft! Produktdetaljer: F\u00e4rg: svart-kamouflage Material: st\u00e5l, PVC, skumplast M\u00e5tt: Total h\u00f6jd: 121\u2013131 cm Total djup: 69 cm Total bredd: 70,5 cm Rullens diameter: 50 mm Rullens axeldiameter: 11 mm Stj\u00e4rnfotsdiameter: 70 cm Sitsh\u00f6jd: 46\u201356 cm Sitsbredd: 41 cm Armst\u00f6dsh\u00f6jd: 17\u201324 cm Ryggst\u00f6dets bredd: 55,5 cm Ryggst\u00f6dets h\u00f6jd: 80 cm Vikt: 19,5 kg Max. statisk belastningskapacitet: 120 kg SONGMICS Anm\u00e4rkningar: L\u00e5ngvarigt sittande kan ha en negativ inverkan p\u00e5 din h\u00e4lsa. Ta d\u00e4rf\u00f6r regelbundna pauser och str\u00e4ck p\u00e5 dig var halvtimme. Sitt inte enbart p\u00e5 stolens framkant, eftersom den d\u00e5 kan tippa fram\u00e5t.<\/p>\n","protected":false},"excerpt":{"rendered":"<p>SONGMICS Gamingstol, kontorsstol med h\u00f6g ryggst\u00f6d, datorstol, racingstol, vadderad sits, justerbart nackst\u00f6d och l\u00e4ndryggskudde, f\u00f6r kontoret, arbetsrummet, svart RCG47BK<\/p>\n","protected":false},"featured_media":45628,"comment_status":"open","ping_status":"closed","template":"","meta":[],"product_brand":[],"product_cat":[33],"product_tag":[],"class_list":{"0":"post-18636","1":"product","2":"type-product","3":"status-publish","4":"has-post-thumbnail","6":"product_cat-okategoriserad","8":"first","9":"instock","10":"shipping-taxable","11":"purchasable","12":"product-type-simple"},"_links":{"self":[{"href":"https:\/\/nordicmart.andreevmaster.com\/sv\/wp-json\/wp\/v2\/product\/18636","targetHints":{"allow":["GET"]}}],"collection":[{"href":"https:\/\/nordicmart.andreevmaster.com\/sv\/wp-json\/wp\/v2\/product"}],"about":[{"href":"https:\/\/nordicmart.andreevmaster.com\/sv\/wp-json\/wp\/v2\/types\/product"}],"replies":[{"embeddable":true,"href":"https:\/\/nordicmart.andreevmaster.com\/sv\/wp-json\/wp\/v2\/comments?post=18636"}],"wp:featuredmedia":[{"embeddable":true,"href":"https:\/\/nordicmart.andreevmaster.com\/sv\/wp-json\/wp\/v2\/media\/45628"}],"wp:attachment":[{"href":"https:\/\/nordicmart.andreevmaster.com\/sv\/wp-json\/wp\/v2\/media?parent=18636"}],"wp:term":[{"taxonomy":"product_brand","embeddable":true,"href":"https:\/\/nordicmart.andreevmaster.com\/sv\/wp-json\/wp\/v2\/product_brand?post=18636"},{"taxonomy":"product_cat","embeddable":true,"href":"https:\/\/nordicmart.andreevmaster.com\/sv\/wp-json\/wp\/v2\/product_cat?post=18636"},{"taxonomy":"product_tag","embeddable":true,"href":"https:\/\/nordicmart.andreevmaster.com\/sv\/wp-json\/wp\/v2\/product_tag?post=18636"}],"curies":[{"name":"wp","href":"https:\/\/api.w.org\/{rel}","templated":true}]}}