{"id":18635,"date":"2026-02-27T00:40:49","date_gmt":"2026-02-27T00:40:49","guid":{"rendered":"https:\/\/nordicmart.andreevmaster.com\/product\/songmics-kontorsstol-med-fotstod\/"},"modified":"2026-02-27T08:29:10","modified_gmt":"2026-02-27T08:29:10","slug":"songmics-kontorsstol-med-fotstod","status":"publish","type":"product","link":"https:\/\/nordicmart.andreevmaster.com\/sv\/produkt\/songmics-kontorsstol-med-fotstod\/","title":{"rendered":"SONGMICS kontorsstol med fotst\u00f6d"},"content":{"rendered":"<p>Skaffa det b\u00e4sta f\u00f6r att bli b\u00e4st: Om du vill bli v\u00e4rldens b\u00e4sta gamer b\u00f6r du ha r\u00e4tt utrustning i verkliga livet. Detta begr\u00e4nsar sig dock inte bara till en kraftfull processor eller ett utm\u00e4rkt grafikkort \u2013 du beh\u00f6ver ocks\u00e5 r\u00e4tt tillbeh\u00f6r: tangentbord, mus och ja, till och med en h\u00f6gkvalitativ gamingstol.Denna modell fr\u00e5n SONGMICS har utvecklats med tanke p\u00e5 utm\u00e4rkta prestanda f\u00f6r att ge dig en AAA-spelupplevelse till ett l\u00e5gt pris. \u00d6verl\u00e4gsen komfort: Denna racingstol erbjuder ett allt-i-ett-paket som inkluderar fotst\u00f6d, ergonomiskt nackst\u00f6d, justerbart l\u00e4ndryggsst\u00f6d och extra tjock sittdynor. Sitt avslappnat och bekv\u00e4mt p\u00e5 denna skrivbordsstol som t\u00e5l upp till 150 kg och l\u00e5t bara sp\u00e4nnande spel f\u00e5 ditt adrenalin att rusa. Testad kvalitet: Du f\u00f6rtj\u00e4nar en kontorsstol som st\u00f6der dig under l\u00e5ng tid. Hjulen p\u00e5 denna gamingstol har klarat SGS:s BIFMA-test f\u00f6r kontinuerlig belastning (rapport nr SDHL1604003871FT). \u00c4ven fotkorset har klarat olika belastningar (SGS-rapport nr SHHL1907037524FT).Produktdetaljer: F\u00e4rg: Svart Material: Konstl\u00e4der (PU), h\u00f6gdensitetsskum, st\u00e5l Storlek: 74 x 70 x 122-132 cm (L x B x H) Vikt: 23 kg Max. statisk belastningskapacitet: 120 kgLeveransomfattning:1 x gamingstol1 x tillbeh\u00f6rsp\u00e5se1 x bruksanvisning (DE, EN, FR, ES, IT)SONGMICS Anm\u00e4rkningar:H\u00e5ll stolen borta fr\u00e5n vassa eller skarpa f\u00f6rem\u00e5l f\u00f6r att undvika skador.Sitt inte p\u00e5 stolens framkant f\u00f6r att f\u00f6rhindra att den v\u00e4lter. Barn b\u00f6r endast anv\u00e4nda denna produkt under uppsikt av en vuxen; gravida kvinnor b\u00f6r ocks\u00e5 anv\u00e4nda produkten med f\u00f6rsiktighet.<\/p>\n","protected":false},"excerpt":{"rendered":"<p>SONGMICS gamingstol, skrivbordsstol med fotst\u00f6d, kontorsstol med ergonomiskt nackst\u00f6d och justerbart l\u00e4ndryggsst\u00f6d, konstl\u00e4der, tjock stoppning, fotkors i st\u00e5l, svart RCG45BK<\/p>\n","protected":false},"featured_media":45627,"comment_status":"open","ping_status":"closed","template":"","meta":[],"product_brand":[],"product_cat":[33],"product_tag":[],"class_list":{"0":"post-18635","1":"product","2":"type-product","3":"status-publish","4":"has-post-thumbnail","6":"product_cat-okategoriserad","8":"first","9":"instock","10":"shipping-taxable","11":"purchasable","12":"product-type-simple"},"_links":{"self":[{"href":"https:\/\/nordicmart.andreevmaster.com\/sv\/wp-json\/wp\/v2\/product\/18635","targetHints":{"allow":["GET"]}}],"collection":[{"href":"https:\/\/nordicmart.andreevmaster.com\/sv\/wp-json\/wp\/v2\/product"}],"about":[{"href":"https:\/\/nordicmart.andreevmaster.com\/sv\/wp-json\/wp\/v2\/types\/product"}],"replies":[{"embeddable":true,"href":"https:\/\/nordicmart.andreevmaster.com\/sv\/wp-json\/wp\/v2\/comments?post=18635"}],"wp:featuredmedia":[{"embeddable":true,"href":"https:\/\/nordicmart.andreevmaster.com\/sv\/wp-json\/wp\/v2\/media\/45627"}],"wp:attachment":[{"href":"https:\/\/nordicmart.andreevmaster.com\/sv\/wp-json\/wp\/v2\/media?parent=18635"}],"wp:term":[{"taxonomy":"product_brand","embeddable":true,"href":"https:\/\/nordicmart.andreevmaster.com\/sv\/wp-json\/wp\/v2\/product_brand?post=18635"},{"taxonomy":"product_cat","embeddable":true,"href":"https:\/\/nordicmart.andreevmaster.com\/sv\/wp-json\/wp\/v2\/product_cat?post=18635"},{"taxonomy":"product_tag","embeddable":true,"href":"https:\/\/nordicmart.andreevmaster.com\/sv\/wp-json\/wp\/v2\/product_tag?post=18635"}],"curies":[{"name":"wp","href":"https:\/\/api.w.org\/{rel}","templated":true}]}}