{"id":18632,"date":"2026-02-27T00:40:48","date_gmt":"2026-02-27T00:40:48","guid":{"rendered":"https:\/\/nordicmart.andreevmaster.com\/product\/songmics-gamingstol-kunstleder-svart-gra\/"},"modified":"2026-02-27T08:29:10","modified_gmt":"2026-02-27T08:29:10","slug":"songmics-gamingstol-kunstleder-svart-gra","status":"publish","type":"product","link":"https:\/\/nordicmart.andreevmaster.com\/sv\/produkt\/songmics-gamingstol-kunstleder-svart-gra\/","title":{"rendered":"SONGMICS Gamingstol Kunstleder Svart-Gr\u00e5"},"content":{"rendered":"<p> Produktbeskrivning: Rollspel, f\u00f6rstapersonsskjutare, Tower Defense eller onlinepoker \u2013 vilket dataspelsgenre f\u00f6redrar du? Oavsett om du som magiker f\u00f6rh\u00e4xar dina motst\u00e5ndare eller ivrigt v\u00e4ntar p\u00e5 en royal flush, hj\u00e4lper v\u00e5r gamingstol dig p\u00e5 v\u00e4gen mot segern. H\u00f6gkvalitativ, bekv\u00e4m, multifunktionell Tack vare den ergonomiska designen och sitsen med formstabilt skum kan du njuta av h\u00f6gsta komfort, \u00e4ven om din medspelare \u00e5terigen \u00e4r AFK under en l\u00e4ngre tid. Dessutom har datastolen m\u00e5nga funktioner. Armst\u00f6den kan r\u00f6ras flexibelt upp\u00e5t, ned\u00e5t, \u00e5t v\u00e4nster och \u00e5t h\u00f6ger. \u00c4ven l\u00e4ndryggskudden \u00e4r h\u00f6jdjusterbar. Dessutom kan stolen lutas bak\u00e5t upp till 135 grader. En vippmekanism finns ocks\u00e5.  Med denna gamingstol f\u00e5r du dessutom en slitstark produkt med ett stabilt st\u00e5lstativ. Fotkorset och hjulen har genomg\u00e5tt flera tester av SGS f\u00f6r att bekr\u00e4fta komponenternas stabilitet och h\u00e5llbarhet (certifikat nr AJHL1801000030FT; innehavare: tillverkaren av hjulen) (certifikat nr AJHL1811002706FT; innehavare: tillverkaren av fotkorset). Produktdetaljer: &#8211; F\u00e4rg: svart, gr\u00e5 &#8211; Material: h\u00f6gdensitetsreflexskum, st\u00e5lstomme och fotkors, kl\u00e4dsel av milj\u00f6v\u00e4nlig PU, hjul av nylon &#8211; Storlek: 69 x 71 x 128-138 cm (L x B x H) &#8211; Vikt: 22 kg &#8211; Maximal belastning: 150 kg Leveransomfattning: &#8211; 1x gamingstol &#8211; 1x insexnyckel &#8211; 1x tillbeh\u00f6rsp\u00e5se &#8211; 1x bruksanvisning (DE, EN, ES, FR, IT) SONGMICS Anm\u00e4rkningar: &#8211; Var uppm\u00e4rksam p\u00e5 pilen p\u00e5 undersidan av sitsen och montera stolen enligt denna. &#8211; S\u00e4tt dig inte p\u00e5 stolens framkant. P\u00e5 s\u00e5 s\u00e4tt undviker du att skada dig om stolen v\u00e4lter.<\/p>\n","protected":false},"excerpt":{"rendered":"<p>SONGMICS Gamingstol Kontorsstol Skrivbordsstol Chefsstol med armst\u00f6d \u00c5terst\u00e4llningsskum Svart-gr\u00e5 RCG42BG, 85 x 65 x 34 cm<\/p>\n","protected":false},"featured_media":45624,"comment_status":"open","ping_status":"closed","template":"","meta":[],"product_brand":[],"product_cat":[33],"product_tag":[],"class_list":{"0":"post-18632","1":"product","2":"type-product","3":"status-publish","4":"has-post-thumbnail","6":"product_cat-okategoriserad","8":"first","9":"instock","10":"shipping-taxable","11":"purchasable","12":"product-type-simple"},"_links":{"self":[{"href":"https:\/\/nordicmart.andreevmaster.com\/sv\/wp-json\/wp\/v2\/product\/18632","targetHints":{"allow":["GET"]}}],"collection":[{"href":"https:\/\/nordicmart.andreevmaster.com\/sv\/wp-json\/wp\/v2\/product"}],"about":[{"href":"https:\/\/nordicmart.andreevmaster.com\/sv\/wp-json\/wp\/v2\/types\/product"}],"replies":[{"embeddable":true,"href":"https:\/\/nordicmart.andreevmaster.com\/sv\/wp-json\/wp\/v2\/comments?post=18632"}],"wp:featuredmedia":[{"embeddable":true,"href":"https:\/\/nordicmart.andreevmaster.com\/sv\/wp-json\/wp\/v2\/media\/45624"}],"wp:attachment":[{"href":"https:\/\/nordicmart.andreevmaster.com\/sv\/wp-json\/wp\/v2\/media?parent=18632"}],"wp:term":[{"taxonomy":"product_brand","embeddable":true,"href":"https:\/\/nordicmart.andreevmaster.com\/sv\/wp-json\/wp\/v2\/product_brand?post=18632"},{"taxonomy":"product_cat","embeddable":true,"href":"https:\/\/nordicmart.andreevmaster.com\/sv\/wp-json\/wp\/v2\/product_cat?post=18632"},{"taxonomy":"product_tag","embeddable":true,"href":"https:\/\/nordicmart.andreevmaster.com\/sv\/wp-json\/wp\/v2\/product_tag?post=18632"}],"curies":[{"name":"wp","href":"https:\/\/api.w.org\/{rel}","templated":true}]}}