{"id":18631,"date":"2026-02-27T00:40:48","date_gmt":"2026-02-27T00:40:48","guid":{"rendered":"https:\/\/nordicmart.andreevmaster.com\/product\/songmics-gamingstol-med-justerbart-landryggsstod\/"},"modified":"2026-02-27T08:29:10","modified_gmt":"2026-02-27T08:29:10","slug":"songmics-gamingstol-med-justerbart-landryggsstod","status":"publish","type":"product","link":"https:\/\/nordicmart.andreevmaster.com\/sv\/produkt\/songmics-gamingstol-med-justerbart-landryggsstod\/","title":{"rendered":"SONGMICS Gamingstol med justerbart l\u00e4ndryggsst\u00f6d"},"content":{"rendered":"<p>SONGMICS Gamingstol, kontorsstol med justerbart l\u00e4ndryggsst\u00f6d, konstl\u00e4der, mjukt nackst\u00f6d, tjock stoppning, fotkors i st\u00e5l, svart RCG35BK<\/p>\n","protected":false},"excerpt":{"rendered":"<p>SONGMICS Gamingstol, kontorsstol med justerbart l\u00e4ndryggsst\u00f6d, konstl\u00e4der, mjukt nackst\u00f6d, tjock stoppning, fotkors i st\u00e5l, svart RCG35BK<\/p>\n","protected":false},"featured_media":45623,"comment_status":"open","ping_status":"closed","template":"","meta":[],"product_brand":[],"product_cat":[33],"product_tag":[],"class_list":{"0":"post-18631","1":"product","2":"type-product","3":"status-publish","4":"has-post-thumbnail","6":"product_cat-okategoriserad","8":"first","9":"instock","10":"shipping-taxable","11":"purchasable","12":"product-type-simple"},"_links":{"self":[{"href":"https:\/\/nordicmart.andreevmaster.com\/sv\/wp-json\/wp\/v2\/product\/18631","targetHints":{"allow":["GET"]}}],"collection":[{"href":"https:\/\/nordicmart.andreevmaster.com\/sv\/wp-json\/wp\/v2\/product"}],"about":[{"href":"https:\/\/nordicmart.andreevmaster.com\/sv\/wp-json\/wp\/v2\/types\/product"}],"replies":[{"embeddable":true,"href":"https:\/\/nordicmart.andreevmaster.com\/sv\/wp-json\/wp\/v2\/comments?post=18631"}],"wp:featuredmedia":[{"embeddable":true,"href":"https:\/\/nordicmart.andreevmaster.com\/sv\/wp-json\/wp\/v2\/media\/45623"}],"wp:attachment":[{"href":"https:\/\/nordicmart.andreevmaster.com\/sv\/wp-json\/wp\/v2\/media?parent=18631"}],"wp:term":[{"taxonomy":"product_brand","embeddable":true,"href":"https:\/\/nordicmart.andreevmaster.com\/sv\/wp-json\/wp\/v2\/product_brand?post=18631"},{"taxonomy":"product_cat","embeddable":true,"href":"https:\/\/nordicmart.andreevmaster.com\/sv\/wp-json\/wp\/v2\/product_cat?post=18631"},{"taxonomy":"product_tag","embeddable":true,"href":"https:\/\/nordicmart.andreevmaster.com\/sv\/wp-json\/wp\/v2\/product_tag?post=18631"}],"curies":[{"name":"wp","href":"https:\/\/api.w.org\/{rel}","templated":true}]}}