{"id":18630,"date":"2026-02-27T00:40:48","date_gmt":"2026-02-27T00:40:48","guid":{"rendered":"https:\/\/nordicmart.andreevmaster.com\/product\/songmics-gamingstol-svart-orange\/"},"modified":"2026-02-27T08:29:09","modified_gmt":"2026-02-27T08:29:09","slug":"songmics-gamingstol-svart-orange","status":"publish","type":"product","link":"https:\/\/nordicmart.andreevmaster.com\/sv\/produkt\/songmics-gamingstol-svart-orange\/","title":{"rendered":"SONGMICS Gamingstol Svart-orange"},"content":{"rendered":"<p>Produktdetaljer: H\u00f6jd (total): 124\u2013132 cm Sitth\u00f6jd: 43\u201351 cm \u00d8 fotkors: 70 cm \u00d8 hjul: 60 mm M\u00e5tt p\u00e5 sits: 53 x 52 cm (B x D) M\u00e5tt ryggst\u00f6d: 85 x 54 cm (H x D) Bruttovikt: 25,12 kg Ram: enhetlig st\u00e5lram 3D-armst\u00f6d: PU-armst\u00f6d, h\u00f6jdjusterbart, sv\u00e4ngbart \u00e5t v\u00e4nster\/h\u00f6ger Material: PU-kl\u00e4dsel, kallskumstoppning, lackerad nylonfotkors<\/p>\n","protected":false},"excerpt":{"rendered":"<p>SONGMICS Songmics Racing stol Kontorsstol Skrivbordsstol Datorstol med armst\u00f6d \u00c5terst\u00e4llningsskum svart-orange RCG32J<\/p>\n","protected":false},"featured_media":45622,"comment_status":"open","ping_status":"closed","template":"","meta":[],"product_brand":[],"product_cat":[33],"product_tag":[],"class_list":{"0":"post-18630","1":"product","2":"type-product","3":"status-publish","4":"has-post-thumbnail","6":"product_cat-okategoriserad","8":"first","9":"instock","10":"shipping-taxable","11":"purchasable","12":"product-type-simple"},"_links":{"self":[{"href":"https:\/\/nordicmart.andreevmaster.com\/sv\/wp-json\/wp\/v2\/product\/18630","targetHints":{"allow":["GET"]}}],"collection":[{"href":"https:\/\/nordicmart.andreevmaster.com\/sv\/wp-json\/wp\/v2\/product"}],"about":[{"href":"https:\/\/nordicmart.andreevmaster.com\/sv\/wp-json\/wp\/v2\/types\/product"}],"replies":[{"embeddable":true,"href":"https:\/\/nordicmart.andreevmaster.com\/sv\/wp-json\/wp\/v2\/comments?post=18630"}],"wp:featuredmedia":[{"embeddable":true,"href":"https:\/\/nordicmart.andreevmaster.com\/sv\/wp-json\/wp\/v2\/media\/45622"}],"wp:attachment":[{"href":"https:\/\/nordicmart.andreevmaster.com\/sv\/wp-json\/wp\/v2\/media?parent=18630"}],"wp:term":[{"taxonomy":"product_brand","embeddable":true,"href":"https:\/\/nordicmart.andreevmaster.com\/sv\/wp-json\/wp\/v2\/product_brand?post=18630"},{"taxonomy":"product_cat","embeddable":true,"href":"https:\/\/nordicmart.andreevmaster.com\/sv\/wp-json\/wp\/v2\/product_cat?post=18630"},{"taxonomy":"product_tag","embeddable":true,"href":"https:\/\/nordicmart.andreevmaster.com\/sv\/wp-json\/wp\/v2\/product_tag?post=18630"}],"curies":[{"name":"wp","href":"https:\/\/api.w.org\/{rel}","templated":true}]}}