{"id":18628,"date":"2026-02-27T00:40:47","date_gmt":"2026-02-27T00:40:47","guid":{"rendered":"https:\/\/nordicmart.andreevmaster.com\/product\/songmics-gamingstol-med-landryggskudde-gra\/"},"modified":"2026-02-27T08:29:09","modified_gmt":"2026-02-27T08:29:09","slug":"songmics-gamingstol-med-landryggskudde-gra","status":"publish","type":"product","link":"https:\/\/nordicmart.andreevmaster.com\/sv\/produkt\/songmics-gamingstol-med-landryggskudde-gra\/","title":{"rendered":"SONGMICS Gamingstol med l\u00e4ndryggskudde Gr\u00e5"},"content":{"rendered":"<p>Produktdetaljer: F\u00e4rg: Gr\u00e5-svart Material: Kl\u00e4dsel: Polyesterv\u00e4v Stoppning: Kallskum Fotkors: St\u00e5l Armst\u00f6dsskaft: St\u00e5l Armst\u00f6d: PU Rullar: Nylonk\u00e4rna med PU-bel\u00e4ggning M\u00e5tt: H\u00f6jd (totalt): 129\u2013139 cm Bredd (totalt): 70 cm Djup (totalt): 71 cm Sitth\u00f6jd: 48\u201358 cm Armst\u00f6dets h\u00f6jd (fr\u00e5n sitsen): 23\u201330 cm Vikt: 20,5 kg Max. statisk belastningskapacitet: 150 kg Leveransomfattning: 1 x gamingstol 1 x tillbeh\u00f6rspaket 1 x bruksanvisning SONGMICS Anm\u00e4rkningar: Luta dig ordentligt mot ryggst\u00f6det n\u00e4r du vill \u00e5terst\u00e4lla det till uppr\u00e4tt l\u00e4ge, eftersom ryggst\u00f6det annars kan falla fram\u00e5t abrupt.<\/p>\n","protected":false},"excerpt":{"rendered":"<p>SONGMICS kontorsstol Gamingstol Chefsstol ergonomisk med justerbara armst\u00f6d, huvudkudde och l\u00e4ndkudde 66 x 72 x 124-132 cm Gr\u00e5-svart RCG13G<\/p>\n","protected":false},"featured_media":45620,"comment_status":"open","ping_status":"closed","template":"","meta":[],"product_brand":[],"product_cat":[33],"product_tag":[],"class_list":{"0":"post-18628","1":"product","2":"type-product","3":"status-publish","4":"has-post-thumbnail","6":"product_cat-okategoriserad","8":"first","9":"instock","10":"shipping-taxable","11":"purchasable","12":"product-type-simple"},"_links":{"self":[{"href":"https:\/\/nordicmart.andreevmaster.com\/sv\/wp-json\/wp\/v2\/product\/18628","targetHints":{"allow":["GET"]}}],"collection":[{"href":"https:\/\/nordicmart.andreevmaster.com\/sv\/wp-json\/wp\/v2\/product"}],"about":[{"href":"https:\/\/nordicmart.andreevmaster.com\/sv\/wp-json\/wp\/v2\/types\/product"}],"replies":[{"embeddable":true,"href":"https:\/\/nordicmart.andreevmaster.com\/sv\/wp-json\/wp\/v2\/comments?post=18628"}],"wp:featuredmedia":[{"embeddable":true,"href":"https:\/\/nordicmart.andreevmaster.com\/sv\/wp-json\/wp\/v2\/media\/45620"}],"wp:attachment":[{"href":"https:\/\/nordicmart.andreevmaster.com\/sv\/wp-json\/wp\/v2\/media?parent=18628"}],"wp:term":[{"taxonomy":"product_brand","embeddable":true,"href":"https:\/\/nordicmart.andreevmaster.com\/sv\/wp-json\/wp\/v2\/product_brand?post=18628"},{"taxonomy":"product_cat","embeddable":true,"href":"https:\/\/nordicmart.andreevmaster.com\/sv\/wp-json\/wp\/v2\/product_cat?post=18628"},{"taxonomy":"product_tag","embeddable":true,"href":"https:\/\/nordicmart.andreevmaster.com\/sv\/wp-json\/wp\/v2\/product_tag?post=18628"}],"curies":[{"name":"wp","href":"https:\/\/api.w.org\/{rel}","templated":true}]}}