{"id":18627,"date":"2026-02-27T00:40:47","date_gmt":"2026-02-27T00:40:47","guid":{"rendered":"https:\/\/nordicmart.andreevmaster.com\/product\/songmics-gamingstol-kunstleder-svart-vit\/"},"modified":"2026-02-27T08:29:09","modified_gmt":"2026-02-27T08:29:09","slug":"songmics-gamingstol-kunstleder-svart-vit","status":"publish","type":"product","link":"https:\/\/nordicmart.andreevmaster.com\/sv\/produkt\/songmics-gamingstol-kunstleder-svart-vit\/","title":{"rendered":"SONGMICS Gamingstol Kunstleder Svart-Vit"},"content":{"rendered":"<p>\u00c4r gaming inte bara ett roligt tidsf\u00f6rdriv f\u00f6r dig, utan ett seri\u00f6st hobby eller till och med ditt yrke? D\u00e5 \u00e4r det h\u00f6g tid att inreda din gamingzon p\u00e5 ett professionellt s\u00e4tt. Riktiga gamers f\u00f6rv\u00e4ntar sig f\u00f6ljande f\u00f6rdelar:Bred sits med h\u00f6gdensitetsstoppning Justerbart l\u00e4ndryggskudde och avtagbart nackst\u00f6d L\u00e4ttrengjort \u00f6verdrag i konstl\u00e4der Gungfunktion 2D-armst\u00f6d som kan justeras upp\u00e5t och ned\u00e5t, \u00e5t v\u00e4nster och h\u00f6ger Ryggst\u00f6dets lutningsvinkel upp till 135 grader Stabil stj\u00e4rnfot i st\u00e5l och l\u00e4ttrullade nylonhjul Testad kvalitet: Denna gamingstol har testats noggrant f\u00f6r att uppfylla dina krav. SGS har kontrollerat stabiliteten hos stj\u00e4rnfoten (rapport nr AJHL1808001818FT; rapportinnehavare: leverant\u00f6r) samt ryggst\u00f6det, sitsen och armst\u00f6den (rapport nr AJHL1809002301FT; rapportinnehavare: leverant\u00f6r). Alla tester gav positiva resultat. Dessutom har gasfj\u00e4dern i gamingstolen testats av T\u00dcV Rheinland enligt DIN 4550 och tilldelats en \u201dBauart gepr\u00fcft\u201d-m\u00e4rkning (certifikat nr 94634129-01; certifikatinnehavare: leverant\u00f6r). Produktdetaljer: F\u00e4rg: Svart-vit Material: Kl\u00e4dsel: PU Stoppning: H\u00f6gdensitetsreflexskum Stj\u00e4rnfot: St\u00e5l Armst\u00f6d (stomme): St\u00e5l Rullar: nylon Storlek: Total h\u00f6jd: 125\u2013135 cm Total bredd: 70,5 cm Total djup: 69 cm Sitth\u00f6jd: 46\u201356 cm Sitsbredd: 42\u201355 cm Sitsdjup: 52 cm Armst\u00f6dens h\u00f6jd (m\u00e4tt fr\u00e5n sitsen): 17\u201324 cm Ryggst\u00f6dets h\u00f6jd: 84 cm Ryggst\u00f6dets bredd: 61 cm Stj\u00e4rnfotsdiameter: 70 cm Hjuldiameter: 65 mm Axeldiameter: 11 mm Vikt: 21 kg Max. statisk belastningskapacitet: 150 kg Leveransomfattning: 1 x gamingstol 1 x tillbeh\u00f6rspaket 1 x bruksanvisning SONGMICS Anm\u00e4rkningar: Dra \u00e5t skruvarna regelbundet.<\/p>\n","protected":false},"excerpt":{"rendered":"<p>SONGMICS kontorsstol, racingstol, gamingstol med h\u00f6g rygg, formskum, vadderad sittsk\u00e5l, justerbar nackst\u00f6d och l\u00e4ndkudde, kontor, hemmakontor, svart-vit RCG12W<\/p>\n","protected":false},"featured_media":45619,"comment_status":"open","ping_status":"closed","template":"","meta":[],"product_brand":[],"product_cat":[33],"product_tag":[],"class_list":{"0":"post-18627","1":"product","2":"type-product","3":"status-publish","4":"has-post-thumbnail","6":"product_cat-okategoriserad","8":"first","9":"instock","10":"shipping-taxable","11":"purchasable","12":"product-type-simple"},"_links":{"self":[{"href":"https:\/\/nordicmart.andreevmaster.com\/sv\/wp-json\/wp\/v2\/product\/18627","targetHints":{"allow":["GET"]}}],"collection":[{"href":"https:\/\/nordicmart.andreevmaster.com\/sv\/wp-json\/wp\/v2\/product"}],"about":[{"href":"https:\/\/nordicmart.andreevmaster.com\/sv\/wp-json\/wp\/v2\/types\/product"}],"replies":[{"embeddable":true,"href":"https:\/\/nordicmart.andreevmaster.com\/sv\/wp-json\/wp\/v2\/comments?post=18627"}],"wp:featuredmedia":[{"embeddable":true,"href":"https:\/\/nordicmart.andreevmaster.com\/sv\/wp-json\/wp\/v2\/media\/45619"}],"wp:attachment":[{"href":"https:\/\/nordicmart.andreevmaster.com\/sv\/wp-json\/wp\/v2\/media?parent=18627"}],"wp:term":[{"taxonomy":"product_brand","embeddable":true,"href":"https:\/\/nordicmart.andreevmaster.com\/sv\/wp-json\/wp\/v2\/product_brand?post=18627"},{"taxonomy":"product_cat","embeddable":true,"href":"https:\/\/nordicmart.andreevmaster.com\/sv\/wp-json\/wp\/v2\/product_cat?post=18627"},{"taxonomy":"product_tag","embeddable":true,"href":"https:\/\/nordicmart.andreevmaster.com\/sv\/wp-json\/wp\/v2\/product_tag?post=18627"}],"curies":[{"name":"wp","href":"https:\/\/api.w.org\/{rel}","templated":true}]}}