{"id":18625,"date":"2026-02-27T00:40:47","date_gmt":"2026-02-27T00:40:47","guid":{"rendered":"https:\/\/nordicmart.andreevmaster.com\/product\/songmics-kontorsstol-ergonomisk-armstod-huvudstod-svart-rod\/"},"modified":"2026-02-27T08:29:08","modified_gmt":"2026-02-27T08:29:08","slug":"songmics-kontorsstol-ergonomisk-armstod-huvudstod-svart-rod","status":"publish","type":"product","link":"https:\/\/nordicmart.andreevmaster.com\/sv\/produkt\/songmics-kontorsstol-ergonomisk-armstod-huvudstod-svart-rod\/","title":{"rendered":"SONGMICS kontorsstol ergonomisk armst\u00f6d huvudst\u00f6d svart-r\u00f6d"},"content":{"rendered":"<p>SONGMICS gamingstol, kontorsstol, ergonomisk, skrivbordsstol med h\u00f6g ryggst\u00f6d, armst\u00f6d, fotst\u00f6d, l\u00e4ndryggsst\u00f6d, huvudkudde<\/p>\n","protected":false},"excerpt":{"rendered":"<p>SONGMICS gamingstol, kontorsstol, ergonomisk, skrivbordsstol med h\u00f6g ryggst\u00f6d, armst\u00f6d, fotst\u00f6d, l\u00e4ndryggsst\u00f6d, huvudkudde<\/p>\n","protected":false},"featured_media":45617,"comment_status":"open","ping_status":"closed","template":"","meta":[],"product_brand":[],"product_cat":[33],"product_tag":[],"class_list":{"0":"post-18625","1":"product","2":"type-product","3":"status-publish","4":"has-post-thumbnail","6":"product_cat-okategoriserad","8":"first","9":"instock","10":"shipping-taxable","11":"purchasable","12":"product-type-simple"},"_links":{"self":[{"href":"https:\/\/nordicmart.andreevmaster.com\/sv\/wp-json\/wp\/v2\/product\/18625","targetHints":{"allow":["GET"]}}],"collection":[{"href":"https:\/\/nordicmart.andreevmaster.com\/sv\/wp-json\/wp\/v2\/product"}],"about":[{"href":"https:\/\/nordicmart.andreevmaster.com\/sv\/wp-json\/wp\/v2\/types\/product"}],"replies":[{"embeddable":true,"href":"https:\/\/nordicmart.andreevmaster.com\/sv\/wp-json\/wp\/v2\/comments?post=18625"}],"wp:featuredmedia":[{"embeddable":true,"href":"https:\/\/nordicmart.andreevmaster.com\/sv\/wp-json\/wp\/v2\/media\/45617"}],"wp:attachment":[{"href":"https:\/\/nordicmart.andreevmaster.com\/sv\/wp-json\/wp\/v2\/media?parent=18625"}],"wp:term":[{"taxonomy":"product_brand","embeddable":true,"href":"https:\/\/nordicmart.andreevmaster.com\/sv\/wp-json\/wp\/v2\/product_brand?post=18625"},{"taxonomy":"product_cat","embeddable":true,"href":"https:\/\/nordicmart.andreevmaster.com\/sv\/wp-json\/wp\/v2\/product_cat?post=18625"},{"taxonomy":"product_tag","embeddable":true,"href":"https:\/\/nordicmart.andreevmaster.com\/sv\/wp-json\/wp\/v2\/product_tag?post=18625"}],"curies":[{"name":"wp","href":"https:\/\/api.w.org\/{rel}","templated":true}]}}