{"id":18624,"date":"2026-02-27T00:40:46","date_gmt":"2026-02-27T00:40:46","guid":{"rendered":"https:\/\/nordicmart.andreevmaster.com\/product\/songmics-kontorsstol-med-justerbara-armstod-svart-rod\/"},"modified":"2026-02-27T08:29:08","modified_gmt":"2026-02-27T08:29:08","slug":"songmics-kontorsstol-med-justerbara-armstod-svart-rod","status":"publish","type":"product","link":"https:\/\/nordicmart.andreevmaster.com\/sv\/produkt\/songmics-kontorsstol-med-justerbara-armstod-svart-rod\/","title":{"rendered":"SONGMICS kontorsstol med justerbara armst\u00f6d Svart-r\u00f6d"},"content":{"rendered":"<p>\u00d6kad produktivitet, b\u00e4ttre hum\u00f6r: En korrekt h\u00e5llning g\u00f6r arbetsdagarna trevligare. Hitta din ideala h\u00e5llning med denna kontorsstol: Din kropp slappnar av, din hj\u00e4rna blir mer produktiv och \u00e5tta timmars arbete flyger f\u00f6rbi.Hur kan du \u00f6ka din produktivitet med denna snurrstol? Kombinationen av svart och r\u00f6tt ger dig en ny energikick. Sitsen \u00e4r h\u00f6j- och s\u00e4nkbar och ryggst\u00f6det kan justeras mellan 90\u00b0 och 135\u00b0 s\u00e5 att du kan hitta den perfekta sittpositionen i f\u00f6rh\u00e5llande till sk\u00e4rmens h\u00f6jd.Den mjuka sitsen, det ergonomiska ryggst\u00f6det, de v\u00e4lstoppade huvudkuddarna och l\u00e4ndst\u00f6det \u2013 allt detta ger dig mer komfort n\u00e4r du arbetar och spelar. H\u00f6jdjusterbara armst\u00f6d som kan sv\u00e4ngas \u00e5t v\u00e4nster och h\u00f6ger ger st\u00f6d f\u00f6r dina underarmar n\u00e4r du beh\u00f6ver det. \u00c4r din hj\u00e4rna tr\u00f6tt av allt t\u00e4nkande? Ta en tupplur! Luta stolen bak\u00e5t. Vila lite! D\u00e4refter kan du forts\u00e4tta arbeta. Produktdetaljer: F\u00e4rg: Svart-r\u00f6d Material: St\u00e5lstomme, skumplaststoppning, PU- och PVC-yta, nylonhjul Stolens totala storlek: 68 x 68 x (126-136) cm (L x B x H) Sitsens h\u00f6jd: 47-57 cm Sitsens m\u00e5tt: 50 x 37 cm (L x B) Ryggst\u00f6dets m\u00e5tt: 53 x 83 cm (L x H) Armst\u00f6dens h\u00f6jd (fr\u00e5n sitsen): 14-21 cm Armst\u00f6dens h\u00f6jd (fr\u00e5n golvet): 61-78 cm Vikt: 18,5 kg Max. statisk belastningskapacitet: 150 kg Leveransomfattning: 1 x kontorsstol 1 x tillbeh\u00f6rspaket 1 x bruksanvisning SONGMICS Anm\u00e4rkningar: Anv\u00e4nd en underl\u00e4gg om du vill anv\u00e4nda stolen p\u00e5 ett tr\u00e4golv.<\/p>\n","protected":false},"excerpt":{"rendered":"<p>SONGMICS Gamingstol, kontorsstol, ergonomisk skrivbordsstol, justerbara armst\u00f6d, 90\u00b0-135\u00b0 lutningsvinkel, gungfunktion, belastningskapacitet upp till 150 kg, st\u00e5lstativ, svart-r\u00f6d RCG062B01<\/p>\n","protected":false},"featured_media":45616,"comment_status":"open","ping_status":"closed","template":"","meta":[],"product_brand":[],"product_cat":[33],"product_tag":[],"class_list":{"0":"post-18624","1":"product","2":"type-product","3":"status-publish","4":"has-post-thumbnail","6":"product_cat-okategoriserad","8":"first","9":"instock","10":"shipping-taxable","11":"purchasable","12":"product-type-simple"},"_links":{"self":[{"href":"https:\/\/nordicmart.andreevmaster.com\/sv\/wp-json\/wp\/v2\/product\/18624","targetHints":{"allow":["GET"]}}],"collection":[{"href":"https:\/\/nordicmart.andreevmaster.com\/sv\/wp-json\/wp\/v2\/product"}],"about":[{"href":"https:\/\/nordicmart.andreevmaster.com\/sv\/wp-json\/wp\/v2\/types\/product"}],"replies":[{"embeddable":true,"href":"https:\/\/nordicmart.andreevmaster.com\/sv\/wp-json\/wp\/v2\/comments?post=18624"}],"wp:featuredmedia":[{"embeddable":true,"href":"https:\/\/nordicmart.andreevmaster.com\/sv\/wp-json\/wp\/v2\/media\/45616"}],"wp:attachment":[{"href":"https:\/\/nordicmart.andreevmaster.com\/sv\/wp-json\/wp\/v2\/media?parent=18624"}],"wp:term":[{"taxonomy":"product_brand","embeddable":true,"href":"https:\/\/nordicmart.andreevmaster.com\/sv\/wp-json\/wp\/v2\/product_brand?post=18624"},{"taxonomy":"product_cat","embeddable":true,"href":"https:\/\/nordicmart.andreevmaster.com\/sv\/wp-json\/wp\/v2\/product_cat?post=18624"},{"taxonomy":"product_tag","embeddable":true,"href":"https:\/\/nordicmart.andreevmaster.com\/sv\/wp-json\/wp\/v2\/product_tag?post=18624"}],"curies":[{"name":"wp","href":"https:\/\/api.w.org\/{rel}","templated":true}]}}