{"id":18623,"date":"2026-02-27T00:40:46","date_gmt":"2026-02-27T00:40:46","guid":{"rendered":"https:\/\/nordicmart.andreevmaster.com\/product\/songmics-gamingstol-polyester-svart-gra\/"},"modified":"2026-02-27T08:29:08","modified_gmt":"2026-02-27T08:29:08","slug":"songmics-gamingstol-polyester-svart-gra","status":"publish","type":"product","link":"https:\/\/nordicmart.andreevmaster.com\/sv\/produkt\/songmics-gamingstol-polyester-svart-gra\/","title":{"rendered":"SONGMICS Gamingstol Polyester Svart-Gr\u00e5"},"content":{"rendered":"<p>Songmics kontorsstol i stilren design kombinerar funktionalitet och komfort med n\u00f6je! Med h\u00f6gkvalitativa material och utm\u00e4rkt kvalitet erbjuder kontorsstolen fr\u00e5n Songmics m\u00e5nga anv\u00e4ndningsm\u00f6jligheter, vare sig det \u00e4r som kontorsstol framf\u00f6r skrivbordet, som gamingstol eller som konferensstol. Sitsh\u00f6jden \u00e4r stegl\u00f6st justerbar, stolen kan vridas 360\u00b0 och ryggst\u00f6det \u00e4r justerbart i flera steg upp till 150\u00b0, vilket ger en avslappnande sittst\u00e4llning. &#8211; Tillverkad av h\u00f6gkvalitativ polyester och formgivande h\u00f6gdensitetsskum, mjuk, bekv\u00e4m och erbjuder h\u00f6g sittkomfort &#8211; Formad ryggst\u00f6d med huvudkudde och ergonomisk sv\u00e4ngning, avlastar nacke och l\u00e4ndrygg, f\u00f6rb\u00e4ttrar sittst\u00e4llningen &#8211; Armst\u00f6den \u00e4r konstruerade f\u00f6r ergonomiskt korrekt sittande och \u00e4r b\u00e5de h\u00f6jd- och sidoreglerbara, s\u00e5 att \u00f6ver- och underarmarna kan bilda en r\u00e4t vinkel, vilket avlastar axelpartiet fr\u00e5n armarnas vikt. Armst\u00f6dens PU-kl\u00e4dsel \u00e4r behaglig och l\u00e4tt att reng\u00f6ra. &#8211; Enkel montering, verktyg medf\u00f6ljer Produktdetaljer: &#8211; Sitth\u00f6jd: 43-51 cm &#8211; Total h\u00f6jd: 124-132 cm &#8211; Stolens bredd utan armst\u00f6d: 53 cm &#8211; Sittdjup: 49 cm &#8211; Ytteravst\u00e5nd mellan b\u00e5da armst\u00f6den: 70 cm &#8211; Ryggst\u00f6dets h\u00f6jd: 85 cm &#8211; Rullens diameter: 60 mm &#8211; Nettovikt: 23,4 kg &#8211; Bruttovikt: 24,7 kg Leveransomfattning: &#8211; 1 x racingstol &#8211; 1 x huvudkudde &#8211; 1 x l\u00e4ndkudde &#8211; 1 x verktyg &#8211; 1 x bruksanvisning (DE, EN, FR, IT, ES) Obs: N\u00e4r du monterar st\u00f6ddelen, t\u00e4nk p\u00e5 att sidan med m\u00e4rket \u201dFront\u201d ska vara v\u00e4nd fram\u00e5t.<\/p>\n","protected":false},"excerpt":{"rendered":"<p>SONGMICS kontorsstol Gamingstol med h\u00f6g ryggst\u00f6d Formskum Vadderad sittsk\u00e5l Justerbara nack- och l\u00e4ndkuddar F\u00f6r hemmakontor eller kontorsarbete Svart-gr\u00e5 RCG02G<\/p>\n","protected":false},"featured_media":45615,"comment_status":"open","ping_status":"closed","template":"","meta":[],"product_brand":[],"product_cat":[33],"product_tag":[],"class_list":{"0":"post-18623","1":"product","2":"type-product","3":"status-publish","4":"has-post-thumbnail","6":"product_cat-okategoriserad","8":"first","9":"instock","10":"shipping-taxable","11":"purchasable","12":"product-type-simple"},"_links":{"self":[{"href":"https:\/\/nordicmart.andreevmaster.com\/sv\/wp-json\/wp\/v2\/product\/18623","targetHints":{"allow":["GET"]}}],"collection":[{"href":"https:\/\/nordicmart.andreevmaster.com\/sv\/wp-json\/wp\/v2\/product"}],"about":[{"href":"https:\/\/nordicmart.andreevmaster.com\/sv\/wp-json\/wp\/v2\/types\/product"}],"replies":[{"embeddable":true,"href":"https:\/\/nordicmart.andreevmaster.com\/sv\/wp-json\/wp\/v2\/comments?post=18623"}],"wp:featuredmedia":[{"embeddable":true,"href":"https:\/\/nordicmart.andreevmaster.com\/sv\/wp-json\/wp\/v2\/media\/45615"}],"wp:attachment":[{"href":"https:\/\/nordicmart.andreevmaster.com\/sv\/wp-json\/wp\/v2\/media?parent=18623"}],"wp:term":[{"taxonomy":"product_brand","embeddable":true,"href":"https:\/\/nordicmart.andreevmaster.com\/sv\/wp-json\/wp\/v2\/product_brand?post=18623"},{"taxonomy":"product_cat","embeddable":true,"href":"https:\/\/nordicmart.andreevmaster.com\/sv\/wp-json\/wp\/v2\/product_cat?post=18623"},{"taxonomy":"product_tag","embeddable":true,"href":"https:\/\/nordicmart.andreevmaster.com\/sv\/wp-json\/wp\/v2\/product_tag?post=18623"}],"curies":[{"name":"wp","href":"https:\/\/api.w.org\/{rel}","templated":true}]}}