{"id":18622,"date":"2026-02-27T00:40:46","date_gmt":"2026-02-27T00:40:46","guid":{"rendered":"https:\/\/nordicmart.andreevmaster.com\/product\/songmics-gamingstol-med-fotstod-svart-bla\/"},"modified":"2026-02-27T08:29:08","modified_gmt":"2026-02-27T08:29:08","slug":"songmics-gamingstol-med-fotstod-svart-bla","status":"publish","type":"product","link":"https:\/\/nordicmart.andreevmaster.com\/sv\/produkt\/songmics-gamingstol-med-fotstod-svart-bla\/","title":{"rendered":"SONGMICS Gamingstol med fotst\u00f6d Svart-Bl\u00e5"},"content":{"rendered":"<p>F\u00f6rb\u00e4ttrad komfort, \u00f6kad produktivitet: Ryggsm\u00e4rtor orsakade av en obekv\u00e4m stol st\u00f6r inte bara arbetet utan p\u00e5verkar \u00e4ven alla andra omr\u00e5den. Denna ergonomiska stol fr\u00e5n SONGMICS erbjuder h\u00f6g komfort s\u00e5 att du kan koncentrera dig p\u00e5 det v\u00e4sentliga.Hur kan du \u00f6ka din produktivitet med denna snurrstol? Kombinationen av svart och bl\u00e5tt ger dig en ny energikick. Sitsen \u00e4r h\u00f6j- och s\u00e4nkbar och ryggst\u00f6det kan justeras mellan 90\u00b0 och 135\u00b0 s\u00e5 att du kan hitta den perfekta sittpositionen i f\u00f6rh\u00e5llande till sk\u00e4rmens h\u00f6jd. Den mjuka sitsen, det ergonomiska ryggst\u00f6det, de v\u00e4lstoppade huvud- och l\u00e4ndkuddarna \u2013 Allt detta ger dig mer komfort n\u00e4r du arbetar och spelar. K\u00e4nner du dig lite tr\u00f6tt? Du kan ta en tupplur! Dra ut fotst\u00f6det under sitsen, luta stolen bak\u00e5t och l\u00e4gg armarna p\u00e5 armst\u00f6den. Vila lite! D\u00e4refter kan du forts\u00e4tta arbeta. Produktdetaljer: F\u00e4rg: Svartbl\u00e5 Material: St\u00e5lstomme, skumplastkl\u00e4dsel, PU- och PVC-yta, nylonhjul Stolens totala storlek: 66 x 73 x (123,5-131,5) cm (L x B x H) Sitsens h\u00f6jd: 48-56 cm Sitsens m\u00e5tt: 42 x 57 cm (L x B) Ryggst\u00f6dets m\u00e5tt: 57 x 82 cm (L x H) Armst\u00f6dens h\u00f6jd (fr\u00e5n sitsen): 28 cm Armst\u00f6dens h\u00f6jd (fr\u00e5n golvet): 72\u201380 cm Vikt: 19,9 kg Max. statisk belastningskapacitet: 150 kg Leveransomfattning: 1 x kontorsstol 1 x tillbeh\u00f6rspaket 1 x bruksanvisning SONGMICS Anm\u00e4rkningar: Anv\u00e4nd en underl\u00e4ggsmatta om du vill anv\u00e4nda stolen p\u00e5 ett tr\u00e4golv.<\/p>\n","protected":false},"excerpt":{"rendered":"<p>SONGMICS gamingstol, ergonomisk kontorsstol, skrivbordsstol, utdragbar fotst\u00f6d, 90\u00b0-135\u00b0 lutningsvinkel, belastningskapacitet upp till 150 kg, svart-bl\u00e5 RCG026B01<\/p>\n","protected":false},"featured_media":45614,"comment_status":"open","ping_status":"closed","template":"","meta":[],"product_brand":[],"product_cat":[33],"product_tag":[],"class_list":{"0":"post-18622","1":"product","2":"type-product","3":"status-publish","4":"has-post-thumbnail","6":"product_cat-okategoriserad","8":"first","9":"instock","10":"shipping-taxable","11":"purchasable","12":"product-type-simple"},"_links":{"self":[{"href":"https:\/\/nordicmart.andreevmaster.com\/sv\/wp-json\/wp\/v2\/product\/18622","targetHints":{"allow":["GET"]}}],"collection":[{"href":"https:\/\/nordicmart.andreevmaster.com\/sv\/wp-json\/wp\/v2\/product"}],"about":[{"href":"https:\/\/nordicmart.andreevmaster.com\/sv\/wp-json\/wp\/v2\/types\/product"}],"replies":[{"embeddable":true,"href":"https:\/\/nordicmart.andreevmaster.com\/sv\/wp-json\/wp\/v2\/comments?post=18622"}],"wp:featuredmedia":[{"embeddable":true,"href":"https:\/\/nordicmart.andreevmaster.com\/sv\/wp-json\/wp\/v2\/media\/45614"}],"wp:attachment":[{"href":"https:\/\/nordicmart.andreevmaster.com\/sv\/wp-json\/wp\/v2\/media?parent=18622"}],"wp:term":[{"taxonomy":"product_brand","embeddable":true,"href":"https:\/\/nordicmart.andreevmaster.com\/sv\/wp-json\/wp\/v2\/product_brand?post=18622"},{"taxonomy":"product_cat","embeddable":true,"href":"https:\/\/nordicmart.andreevmaster.com\/sv\/wp-json\/wp\/v2\/product_cat?post=18622"},{"taxonomy":"product_tag","embeddable":true,"href":"https:\/\/nordicmart.andreevmaster.com\/sv\/wp-json\/wp\/v2\/product_tag?post=18622"}],"curies":[{"name":"wp","href":"https:\/\/api.w.org\/{rel}","templated":true}]}}