{"id":18620,"date":"2026-02-27T00:40:45","date_gmt":"2026-02-27T00:40:45","guid":{"rendered":"https:\/\/nordicmart.andreevmaster.com\/product\/songmics-gamingstol-svart-rod\/"},"modified":"2026-02-27T08:29:07","modified_gmt":"2026-02-27T08:29:07","slug":"songmics-gamingstol-svart-rod","status":"publish","type":"product","link":"https:\/\/nordicmart.andreevmaster.com\/sv\/produkt\/songmics-gamingstol-svart-rod\/","title":{"rendered":"SONGMICS Gamingstol svart-r\u00f6d"},"content":{"rendered":"<p>F\u00f6rb\u00e4ttrad komfort, \u00f6kad produktivitet: Ryggsm\u00e4rtor orsakade av en obekv\u00e4m stol st\u00f6r inte bara arbetet, utan p\u00e5verkar \u00e4ven alla andra omr\u00e5den. Denna ergonomiska stol fr\u00e5n SONGMICS erbjuder dig h\u00f6g komfort s\u00e5 att du kan koncentrera dig p\u00e5 det v\u00e4sentliga. Hur kan du \u00f6ka din produktivitet med denna snurrstol? Kombinationen av svart och r\u00f6tt ger dig en ny energikick. Sitsen \u00e4r h\u00f6j- och s\u00e4nkbar och ryggst\u00f6det kan justeras mellan 90\u00b0 och 135\u00b0 s\u00e5 att du kan hitta den perfekta sittpositionen i f\u00f6rh\u00e5llande till h\u00f6jden p\u00e5 din sk\u00e4rm.Den mjuka sitsen, det ergonomiska ryggst\u00f6det, de v\u00e4lstoppade huvudkuddarna och l\u00e4ndst\u00f6det \u2013 allt detta ger dig mer komfort n\u00e4r du arbetar och spelar. H\u00f6jdjusterbara armst\u00f6d som kan sv\u00e4ngas \u00e5t v\u00e4nster och h\u00f6ger ger st\u00f6d f\u00f6r dina underarmar n\u00e4r du beh\u00f6ver det. \u00c4r din hj\u00e4rna tr\u00f6tt av allt t\u00e4nkande? Du kan ta en tupplur! Dra ut fotst\u00f6det under s\u00e4tet och luta stolen bak\u00e5t. Vila dig lite! D\u00e4refter kan du forts\u00e4tta arbeta. Produktdetaljer: F\u00e4rg: Svart-r\u00f6d Material: St\u00e5lstomme, skumplastkl\u00e4dsel, PU- och PVC-yta, nylonhjul Stolens totala storlek: 68 x 66 x (126-136) cm (L x B x H) Sitsens h\u00f6jd: 47-57 cm Sitsens m\u00e5tt: 50 x 37 cm (L x B) Ryggst\u00f6dets m\u00e5tt: 53 x 83 cm (L x H) Armst\u00f6dens h\u00f6jd (fr\u00e5n sitsen): 14-21 cm Armst\u00f6dens h\u00f6jd (fr\u00e5n golvet): 61\u201378 cm Vikt: 20,3 kg Max. statisk belastningskapacitet: 150 kg Leveransomfattning: 1 x kontorsstol 1 x tillbeh\u00f6rspaket 1 x bruksanvisning SONGMICS Anm\u00e4rkningar: Anv\u00e4nd en underl\u00e4ggsmatta om du vill anv\u00e4nda stolen p\u00e5 ett tr\u00e4golv.<\/p>\n","protected":false},"excerpt":{"rendered":"<p>SONGMICS Gamingstol, kontorsstol, ergonomisk skrivbordsstol, utdragbar fotst\u00f6d, justerbara armst\u00f6d, 90\u00b0-135\u00b0 lutningsvinkel, belastningskapacitet upp till 150 kg, svart-r\u00f6d RCG016B01<\/p>\n","protected":false},"featured_media":45612,"comment_status":"open","ping_status":"closed","template":"","meta":[],"product_brand":[],"product_cat":[33],"product_tag":[],"class_list":{"0":"post-18620","1":"product","2":"type-product","3":"status-publish","4":"has-post-thumbnail","6":"product_cat-okategoriserad","8":"first","9":"instock","10":"shipping-taxable","11":"purchasable","12":"product-type-simple"},"_links":{"self":[{"href":"https:\/\/nordicmart.andreevmaster.com\/sv\/wp-json\/wp\/v2\/product\/18620","targetHints":{"allow":["GET"]}}],"collection":[{"href":"https:\/\/nordicmart.andreevmaster.com\/sv\/wp-json\/wp\/v2\/product"}],"about":[{"href":"https:\/\/nordicmart.andreevmaster.com\/sv\/wp-json\/wp\/v2\/types\/product"}],"replies":[{"embeddable":true,"href":"https:\/\/nordicmart.andreevmaster.com\/sv\/wp-json\/wp\/v2\/comments?post=18620"}],"wp:featuredmedia":[{"embeddable":true,"href":"https:\/\/nordicmart.andreevmaster.com\/sv\/wp-json\/wp\/v2\/media\/45612"}],"wp:attachment":[{"href":"https:\/\/nordicmart.andreevmaster.com\/sv\/wp-json\/wp\/v2\/media?parent=18620"}],"wp:term":[{"taxonomy":"product_brand","embeddable":true,"href":"https:\/\/nordicmart.andreevmaster.com\/sv\/wp-json\/wp\/v2\/product_brand?post=18620"},{"taxonomy":"product_cat","embeddable":true,"href":"https:\/\/nordicmart.andreevmaster.com\/sv\/wp-json\/wp\/v2\/product_cat?post=18620"},{"taxonomy":"product_tag","embeddable":true,"href":"https:\/\/nordicmart.andreevmaster.com\/sv\/wp-json\/wp\/v2\/product_tag?post=18620"}],"curies":[{"name":"wp","href":"https:\/\/api.w.org\/{rel}","templated":true}]}}