{"id":18617,"date":"2026-02-27T00:40:44","date_gmt":"2026-02-27T00:40:44","guid":{"rendered":"https:\/\/nordicmart.andreevmaster.com\/product\/songmics-gamingstol\/"},"modified":"2026-02-27T08:29:06","modified_gmt":"2026-02-27T08:29:06","slug":"songmics-gamingstol","status":"publish","type":"product","link":"https:\/\/nordicmart.andreevmaster.com\/sv\/produkt\/songmics-gamingstol\/","title":{"rendered":"SONGMICS Gamingstol"},"content":{"rendered":"<p>\u00d6kad produktivitet, b\u00e4ttre hum\u00f6r: En felaktig h\u00e5llning g\u00f6r redan anstr\u00e4ngande arbetsdagar \u00e4nnu mer obekv\u00e4ma. Hitta din ideala h\u00e5llning med denna kontorsstol: din kropp slappnar av, din hj\u00e4rna blir mer produktiv och \u00e5tta timmars arbete flyger f\u00f6rbi. F\u00f6rdelar med denna kontorsstol: Justera stolens h\u00f6jd f\u00f6r att hitta din ideala sittposition som passar h\u00f6jden p\u00e5 din sk\u00e4rm.Tack vare l\u00e4ndryggskudden och ryggst\u00f6dets ergonomiska form kan du alltid arbeta avslappnat och med rak rygg. L\u00e5t armarna vila p\u00e5 de bekv\u00e4ma armst\u00f6den som \u00e4r kl\u00e4dda med PU-konstl\u00e4der. Slappna av i nacke och axlar tack vare det h\u00f6ga ryggst\u00f6det med nackst\u00f6d.Tack vare gungfunktionen kan du koppla av bekv\u00e4mt i n\u00e5gra minuter och sedan forts\u00e4tta spela! Produktdetaljer: F\u00e4rg: Svart-r\u00f6d Material: St\u00e5lstomme, skumfyllning, PU-konstl\u00e4dersyta Stolens totala storlek: 71 x 63 x (120-130) cm (L x B x H) Vikt: 14,5 kg Max. statisk belastningskapacitet: 150 kg Leveransomfattning: 1 x gamingstol 1 x tillbeh\u00f6rspaket 1 x bruksanvisning (DE, EN, IT, FR, ES) SONGMICS Anm\u00e4rkningar: \u201dGungfunktion\u201d inneb\u00e4r att ryggst\u00f6det och sitsen r\u00f6r sig bak\u00e5t samtidigt. Ryggst\u00f6det p\u00e5 denna stol kan inte lutas bak\u00e5t separat.<\/p>\n","protected":false},"excerpt":{"rendered":"<p>SONGMICS gamingstol, skrivbordsstol, datorstol, kontorsstol, avtagbart nackst\u00f6d, l\u00e4ndryggskudde, h\u00f6jdjusterbar, vippfunktion, belastningskapacitet upp till 150 kg, ergonomisk, svart-r\u00f6d RCG011B01<\/p>\n","protected":false},"featured_media":45609,"comment_status":"open","ping_status":"closed","template":"","meta":[],"product_brand":[],"product_cat":[33],"product_tag":[],"class_list":{"0":"post-18617","1":"product","2":"type-product","3":"status-publish","4":"has-post-thumbnail","6":"product_cat-okategoriserad","8":"first","9":"instock","10":"shipping-taxable","11":"purchasable","12":"product-type-simple"},"_links":{"self":[{"href":"https:\/\/nordicmart.andreevmaster.com\/sv\/wp-json\/wp\/v2\/product\/18617","targetHints":{"allow":["GET"]}}],"collection":[{"href":"https:\/\/nordicmart.andreevmaster.com\/sv\/wp-json\/wp\/v2\/product"}],"about":[{"href":"https:\/\/nordicmart.andreevmaster.com\/sv\/wp-json\/wp\/v2\/types\/product"}],"replies":[{"embeddable":true,"href":"https:\/\/nordicmart.andreevmaster.com\/sv\/wp-json\/wp\/v2\/comments?post=18617"}],"wp:featuredmedia":[{"embeddable":true,"href":"https:\/\/nordicmart.andreevmaster.com\/sv\/wp-json\/wp\/v2\/media\/45609"}],"wp:attachment":[{"href":"https:\/\/nordicmart.andreevmaster.com\/sv\/wp-json\/wp\/v2\/media?parent=18617"}],"wp:term":[{"taxonomy":"product_brand","embeddable":true,"href":"https:\/\/nordicmart.andreevmaster.com\/sv\/wp-json\/wp\/v2\/product_brand?post=18617"},{"taxonomy":"product_cat","embeddable":true,"href":"https:\/\/nordicmart.andreevmaster.com\/sv\/wp-json\/wp\/v2\/product_cat?post=18617"},{"taxonomy":"product_tag","embeddable":true,"href":"https:\/\/nordicmart.andreevmaster.com\/sv\/wp-json\/wp\/v2\/product_tag?post=18617"}],"curies":[{"name":"wp","href":"https:\/\/api.w.org\/{rel}","templated":true}]}}