{"id":18616,"date":"2026-02-27T00:40:44","date_gmt":"2026-02-27T00:40:44","guid":{"rendered":"https:\/\/nordicmart.andreevmaster.com\/product\/songmics-gamingstol-med-justerbart-ryggstod\/"},"modified":"2026-02-27T08:29:06","modified_gmt":"2026-02-27T08:29:06","slug":"songmics-gamingstol-med-justerbart-ryggstod","status":"publish","type":"product","link":"https:\/\/nordicmart.andreevmaster.com\/sv\/produkt\/songmics-gamingstol-med-justerbart-ryggstod\/","title":{"rendered":"SONGMICS gamingstol med justerbart ryggst\u00f6d"},"content":{"rendered":"<p>Sitsh\u00f6jden \u00e4r stegl\u00f6st justerbar, stolen kan vridas 360\u00b0 och ryggst\u00f6det \u00e4r justerbart i flera steg upp till 150\u00b0, vilket g\u00f6r att du kan luta dig tillbaka och koppla av.Tillverkad av h\u00f6gkvalitativ polyester och formgivande h\u00f6gdensitetsskum, mjuk, bekv\u00e4m och erbjuder h\u00f6g sittkomfort. Formad ryggst\u00f6d med huvudkudde och ergonomisk sv\u00e4ngning, avlastar nacke och l\u00e4ndrygg, f\u00f6rb\u00e4ttrar sittst\u00e4llningen. Armst\u00f6den \u00e4r konstruerade f\u00f6r ergonomiskt korrekt sittande och \u00e4r b\u00e5de h\u00f6jd- och sidoreglerbara, s\u00e5 att \u00f6ver- och underarmarna kan bilda en r\u00e4t vinkel, vilket avlastar axelpartiet fr\u00e5n armarnas vikt. Armst\u00f6dens PU-kl\u00e4dsel \u00e4r behaglig och l\u00e4tt att reng\u00f6ra. Enkel montering, verktyg medf\u00f6ljer. M\u00e5tt: H\u00f6jd (total): 124\u2013132 cm Bredd (total): 68 cm Djup (total): 66 cm Sitth\u00f6jd: 43\u201351 cm Sittbredd (anv\u00e4ndbar): 31\u201336 cm Sittdjup (anv\u00e4ndbart): 49 cm Armst\u00f6dets h\u00f6jd (fr\u00e5n sitsen): 18\u201328 cm Ryggst\u00f6dets h\u00f6jd: 85 cm Ryggst\u00f6dets bredd: 60 cm \u00d8 fotkors: 70 cm; \u00d8 hjul: 60 mm; \u00d8 pinne: 11 mm Material: Kl\u00e4dsel: Polyestertyg Stoppning: Kallskum Fotkors: St\u00e5l Armst\u00f6dets skaft: St\u00e5l Armst\u00f6d: PURullar: NylonBruttovikt: 24 kgMax. belastningsf\u00f6rm\u00e5ga: 150 kgLeveransomfattning:1 x gamingstol1 x beslagsp\u00e5se1 x bruksanvisning (DE, EN, FR, IT, ES)Observera:N\u00e4r du f\u00e4ller tillbaka ryggst\u00f6det b\u00f6r du trycka med ryggen mot det, annars sn\u00e4rtar ryggst\u00f6det snabbt fram\u00e5t.<\/p>\n","protected":false},"excerpt":{"rendered":"<p>SONGMICS kontorsstol Gamingstol med h\u00f6g ryggst\u00f6d Formskumvadderad sittsk\u00e5l Justerbara huvud- och l\u00e4ndkuddar f\u00f6r hemmakontor eller kontorsarbete Svart RCG001<\/p>\n","protected":false},"featured_media":45608,"comment_status":"open","ping_status":"closed","template":"","meta":[],"product_brand":[],"product_cat":[33],"product_tag":[],"class_list":{"0":"post-18616","1":"product","2":"type-product","3":"status-publish","4":"has-post-thumbnail","6":"product_cat-okategoriserad","8":"first","9":"instock","10":"shipping-taxable","11":"purchasable","12":"product-type-simple"},"_links":{"self":[{"href":"https:\/\/nordicmart.andreevmaster.com\/sv\/wp-json\/wp\/v2\/product\/18616","targetHints":{"allow":["GET"]}}],"collection":[{"href":"https:\/\/nordicmart.andreevmaster.com\/sv\/wp-json\/wp\/v2\/product"}],"about":[{"href":"https:\/\/nordicmart.andreevmaster.com\/sv\/wp-json\/wp\/v2\/types\/product"}],"replies":[{"embeddable":true,"href":"https:\/\/nordicmart.andreevmaster.com\/sv\/wp-json\/wp\/v2\/comments?post=18616"}],"wp:featuredmedia":[{"embeddable":true,"href":"https:\/\/nordicmart.andreevmaster.com\/sv\/wp-json\/wp\/v2\/media\/45608"}],"wp:attachment":[{"href":"https:\/\/nordicmart.andreevmaster.com\/sv\/wp-json\/wp\/v2\/media?parent=18616"}],"wp:term":[{"taxonomy":"product_brand","embeddable":true,"href":"https:\/\/nordicmart.andreevmaster.com\/sv\/wp-json\/wp\/v2\/product_brand?post=18616"},{"taxonomy":"product_cat","embeddable":true,"href":"https:\/\/nordicmart.andreevmaster.com\/sv\/wp-json\/wp\/v2\/product_cat?post=18616"},{"taxonomy":"product_tag","embeddable":true,"href":"https:\/\/nordicmart.andreevmaster.com\/sv\/wp-json\/wp\/v2\/product_tag?post=18616"}],"curies":[{"name":"wp","href":"https:\/\/api.w.org\/{rel}","templated":true}]}}