{"id":18615,"date":"2026-02-27T00:40:44","date_gmt":"2026-02-27T00:40:44","guid":{"rendered":"https:\/\/nordicmart.andreevmaster.com\/product\/songmics-byra-med-5-lador-i-al\/"},"modified":"2026-02-27T08:29:06","modified_gmt":"2026-02-27T08:29:06","slug":"songmics-byra-med-5-lador-i-al","status":"publish","type":"product","link":"https:\/\/nordicmart.andreevmaster.com\/sv\/produkt\/songmics-byra-med-5-lador-i-al\/","title":{"rendered":"SONGMICS byr\u00e5 med 5 l\u00e5dor i al"},"content":{"rendered":"<p>Allt har sin plats St\u00e4ll suckulenter och foton p\u00e5 dina n\u00e4ra och k\u00e4ra p\u00e5 byr\u00e5ns stora yta och l\u00e4gg dina kl\u00e4der, tidningar eller b\u00f6cker i de 5 rymliga l\u00e5dorna. Nu n\u00e4r allt \u00e4r sorterat och f\u00f6rvarat p\u00e5 ett ordnat s\u00e4tt kan du snabbt komma \u00e5t de saker du beh\u00f6ver. N\u00e5gra extrafunktioner Ditt hem ska vara en s\u00e4ker plats f\u00f6r b\u00e5de dig och dina barn. D\u00e4rf\u00f6r erbjuder vi denna m\u00f6bel med rundade h\u00f6rn och levererar den tillsammans med ett tippskydd. Dessutom ing\u00e5r fotdynor i leveransen f\u00f6r att skydda ditt golv fr\u00e5n repor. Produktdetaljer: &#8211; F\u00e4rg: M\u00f6rkbrun &#8211; Material: MDF (medeldensitetsfiberplatta), al, bj\u00f6rkfan\u00e9r &#8211; Storlek: 72 x 45 x 96 cm &#8211; Vikt: 35 kg Leveransomfattning: &#8211; 1 x byr\u00e5 &#8211; 1 x p\u00e5se med tillbeh\u00f6r &#8211; 1 x bruksanvisning (DE, EN, FR, ES, IT) VASAGLE Anm\u00e4rkningar: &#8211; Denna produkt levereras i 2 paket. Normalt levereras de samtidigt. Var t\u00e5lmodig om du f\u00f6rst endast f\u00e5r ett paket. Det andra paketet b\u00f6r komma inom kort. &#8211; F\u00e4st produkten p\u00e5 v\u00e4ggen med den medf\u00f6ljande tippskyddet f\u00f6r att f\u00f6rhindra att den v\u00e4lter.<\/p>\n","protected":false},"excerpt":{"rendered":"<p>SONGMICS byr\u00e5 med 5 l\u00e5dor, byr\u00e5 med l\u00e5dor, ram av massivt tr\u00e4, f\u00f6rvaring f\u00f6r badrum, sovrum, barnrum, m\u00f6rkbrun RCD01BR<\/p>\n","protected":false},"featured_media":45607,"comment_status":"open","ping_status":"closed","template":"","meta":[],"product_brand":[],"product_cat":[33],"product_tag":[],"class_list":{"0":"post-18615","1":"product","2":"type-product","3":"status-publish","4":"has-post-thumbnail","6":"product_cat-okategoriserad","8":"first","9":"instock","10":"shipping-taxable","11":"purchasable","12":"product-type-simple"},"_links":{"self":[{"href":"https:\/\/nordicmart.andreevmaster.com\/sv\/wp-json\/wp\/v2\/product\/18615","targetHints":{"allow":["GET"]}}],"collection":[{"href":"https:\/\/nordicmart.andreevmaster.com\/sv\/wp-json\/wp\/v2\/product"}],"about":[{"href":"https:\/\/nordicmart.andreevmaster.com\/sv\/wp-json\/wp\/v2\/types\/product"}],"replies":[{"embeddable":true,"href":"https:\/\/nordicmart.andreevmaster.com\/sv\/wp-json\/wp\/v2\/comments?post=18615"}],"wp:featuredmedia":[{"embeddable":true,"href":"https:\/\/nordicmart.andreevmaster.com\/sv\/wp-json\/wp\/v2\/media\/45607"}],"wp:attachment":[{"href":"https:\/\/nordicmart.andreevmaster.com\/sv\/wp-json\/wp\/v2\/media?parent=18615"}],"wp:term":[{"taxonomy":"product_brand","embeddable":true,"href":"https:\/\/nordicmart.andreevmaster.com\/sv\/wp-json\/wp\/v2\/product_brand?post=18615"},{"taxonomy":"product_cat","embeddable":true,"href":"https:\/\/nordicmart.andreevmaster.com\/sv\/wp-json\/wp\/v2\/product_cat?post=18615"},{"taxonomy":"product_tag","embeddable":true,"href":"https:\/\/nordicmart.andreevmaster.com\/sv\/wp-json\/wp\/v2\/product_tag?post=18615"}],"curies":[{"name":"wp","href":"https:\/\/api.w.org\/{rel}","templated":true}]}}