{"id":18613,"date":"2026-02-27T00:40:43","date_gmt":"2026-02-27T00:40:43","guid":{"rendered":"https:\/\/nordicmart.andreevmaster.com\/product\/rainbow-sunset-vagghylla\/"},"modified":"2026-02-27T08:29:06","modified_gmt":"2026-02-27T08:29:06","slug":"rainbow-sunset-vagghylla","status":"publish","type":"product","link":"https:\/\/nordicmart.andreevmaster.com\/sv\/produkt\/rainbow-sunset-vagghylla\/","title":{"rendered":"Rainbow sunset v\u00e4gghylla"},"content":{"rendered":"<p>Rainbow hylla <\/p>\n<p>Hyllan fr\u00e5n Rainbow-kollektionen \u00e4r perfekt anpassad f\u00f6r b\u00e5de de minsta och de \u00e4ldre barnens behov. Den \u00e4r utrustad med ett sk\u00e5p och tre hyllor, vilket g\u00f6r den mycket funktionell och rymlig. Den kan monteras ovanf\u00f6r skrivbordet, s\u00e4ngen eller l\u00e5gt \u00f6ver golvet, vilket g\u00f6r det enkelt att komma \u00e5t b\u00f6cker, leksaker och andra prylar. Tv\u00e5 hyllor avslutas med ett tr\u00e4stopp, vilket ytterligare skyddar b\u00f6ckerna mot att falla ut. <\/p>\n<p>Produktegenskaper: <\/p>\n<p>&#8211; 4 rymliga hyllor, <\/p>\n<p>&#8211; 1 \u00f6ppningsbart sk\u00e5p, <\/p>\n<p>&#8211; 2 tr\u00e4stopp f\u00f6r att f\u00f6rhindra att f\u00f6rem\u00e5l som placeras p\u00e5 hyllan faller ut, <\/p>\n<p>&#8211; kan h\u00e4ngas h\u00f6gt p\u00e5 v\u00e4ggen eller n\u00e4ra golvet, vilket g\u00f6r det l\u00e4tt f\u00f6r barnet att n\u00e5 hyllan, <\/p>\n<p>&#8211; mycket utrymme f\u00f6r b\u00f6cker, tillbeh\u00f6r eller leksaker, <\/p>\n<p>&#8211; organiserar utrymmet, <\/p>\n<p>&#8211; en tidl\u00f6s design, <\/p>\n<p>&#8211; tillverkad enligt europeiska standarder och s\u00e4kerhetsnormer. <\/p>\n<p>M\u00e5tt (cm):<br \/>\n h\u00f6jd: 105,3<br \/>\n djup: 23,3<br \/>\n bredd: 56,6 <\/p>\n<p>Material och ytbehandling:<br \/>\n -h\u00f6gkvalitativ laminerad skiva som \u00e4r t\u00e5lig mot skador och fukt, l\u00e4tt att h\u00e5lla ren<br \/>\n -lackerad bok<br \/>\n Lackerna som anv\u00e4nds i tillverkningen \u00e4r barns\u00e4kra och certifierade enligt EN71\/3 <\/p>\n<p>F\u00e4rg: <\/p>\n<p>&#8211; rosa <\/p>\n<p>Anv\u00e4ndningsanvisning:<br \/>\n M\u00f6blerna ska torkas av med en mjuk bomullsduk fuktad med vatten eller ett m\u00f6belv\u00e5rdsmedel. <\/p>\n<p>Montering:<br \/>\n M\u00f6blerna levereras i paket f\u00f6r sj\u00e4lvmontering. Detaljerade monteringsanvisningar medf\u00f6ljer i paketen tillsammans med utrustningen.<\/p>\n","protected":false},"excerpt":{"rendered":"<p>Rainbow hylla Hyllan fr\u00e5n Rainbow-kollektionen \u00e4r perfekt anpassad f\u00f6r b\u00e5de de minsta och de \u00e4ldre barnens behov. Den \u00e4r utrustad med ett sk\u00e5p och tre hyllor, vilket g\u00f6r den mycket funktionell och rymlig. Den kan monteras ovanf\u00f6r skrivbordet, s\u00e4ngen eller l\u00e5gt \u00f6ver golvet, vilket g\u00f6r det enkelt att komma \u00e5t b\u00f6cker, leksaker och andra prylar. [&hellip;]<\/p>\n","protected":false},"featured_media":0,"comment_status":"open","ping_status":"closed","template":"","meta":[],"product_brand":[],"product_cat":[33],"product_tag":[],"class_list":{"0":"post-18613","1":"product","2":"type-product","3":"status-publish","5":"product_cat-okategoriserad","7":"first","8":"instock","9":"shipping-taxable","10":"purchasable","11":"product-type-simple"},"_links":{"self":[{"href":"https:\/\/nordicmart.andreevmaster.com\/sv\/wp-json\/wp\/v2\/product\/18613","targetHints":{"allow":["GET"]}}],"collection":[{"href":"https:\/\/nordicmart.andreevmaster.com\/sv\/wp-json\/wp\/v2\/product"}],"about":[{"href":"https:\/\/nordicmart.andreevmaster.com\/sv\/wp-json\/wp\/v2\/types\/product"}],"replies":[{"embeddable":true,"href":"https:\/\/nordicmart.andreevmaster.com\/sv\/wp-json\/wp\/v2\/comments?post=18613"}],"wp:attachment":[{"href":"https:\/\/nordicmart.andreevmaster.com\/sv\/wp-json\/wp\/v2\/media?parent=18613"}],"wp:term":[{"taxonomy":"product_brand","embeddable":true,"href":"https:\/\/nordicmart.andreevmaster.com\/sv\/wp-json\/wp\/v2\/product_brand?post=18613"},{"taxonomy":"product_cat","embeddable":true,"href":"https:\/\/nordicmart.andreevmaster.com\/sv\/wp-json\/wp\/v2\/product_cat?post=18613"},{"taxonomy":"product_tag","embeddable":true,"href":"https:\/\/nordicmart.andreevmaster.com\/sv\/wp-json\/wp\/v2\/product_tag?post=18613"}],"curies":[{"name":"wp","href":"https:\/\/api.w.org\/{rel}","templated":true}]}}