{"id":18608,"date":"2026-02-27T00:40:42","date_gmt":"2026-02-27T00:40:42","guid":{"rendered":"https:\/\/nordicmart.andreevmaster.com\/product\/ratata-lada-60x120\/"},"modified":"2026-02-27T08:29:05","modified_gmt":"2026-02-27T08:29:05","slug":"ratata-lada-60x120","status":"publish","type":"product","link":"https:\/\/nordicmart.andreevmaster.com\/sv\/produkt\/ratata-lada-60x120\/","title":{"rendered":"Ratata l\u00e5da 60&#215;120"},"content":{"rendered":"<p>L\u00e4tthet, plasticitet, exotism<br \/>\nEn kollektion av l\u00e4tta, moderna m\u00f6bler med inslag av kolonialstil. En subtil kombination av tr\u00e4, b\u00f6jda former och rottingens exotiska och genombrutna struktur. Materialets naturliga karakt\u00e4r, h\u00f6ga kvalitet och h\u00e5llbarhet samt m\u00f6jligheten att \u00f6ka soffans storlek g\u00f6r det m\u00f6jligt att skapa en unik rumsk\u00e4nsla som barnen kommer att njuta av i m\u00e5nga \u00e5r.<br \/>\nHuvudsakliga f\u00f6rdelar:<br \/>\n&#8211; en l\u00e5da p\u00e5 hjul, utrustad med praktiska gummiband f\u00f6r att f\u00f6rhindra repor p\u00e5 ytan,<br \/>\n&#8211; tillverkad enligt europeiska standarder och s\u00e4kerhetsnormer <\/p>\n<p>M\u00e5tt (cm):<br \/>\nh\u00f6jd: 15,3<br \/>\ndjup: 64<br \/>\nbredd: 109,2 <\/p>\n<p>Design och finish:<br \/>\n&#8211; Lackerad MDF-skiva,<br \/>\n&#8211; h\u00f6gkvalitativ laminerad skiva som \u00e4r t\u00e5lig mot skador och fukt och l\u00e4tt att h\u00e5lla ren <\/p>\n<p>F\u00e4rg:<br \/>\n&#8211; vit <\/p>\n<p>Anv\u00e4ndningsanvisning:<br \/>\nM\u00f6blerna ska torkas av med en mjuk bomullsduk fuktad med vatten eller ett m\u00f6belv\u00e5rdsmedel. <\/p>\n<p>Montering:<br \/>\nM\u00f6blerna levereras i paket f\u00f6r sj\u00e4lvmontering. Paketen inneh\u00e5ller detaljerade monteringsanvisningar samt tillbeh\u00f6r (skruvar etc.).<\/p>\n","protected":false},"excerpt":{"rendered":"<p>L\u00e4tthet, plasticitet, exotism En kollektion av l\u00e4tta, moderna m\u00f6bler med inslag av kolonialstil. En subtil kombination av tr\u00e4, b\u00f6jda former och rottingens exotiska och genombrutna struktur. Materialets naturliga karakt\u00e4r, h\u00f6ga kvalitet och h\u00e5llbarhet samt m\u00f6jligheten att \u00f6ka soffans storlek g\u00f6r det m\u00f6jligt att skapa en unik rumsk\u00e4nsla som barnen kommer att njuta av i m\u00e5nga [&hellip;]<\/p>\n","protected":false},"featured_media":0,"comment_status":"open","ping_status":"closed","template":"","meta":[],"product_brand":[],"product_cat":[33],"product_tag":[],"class_list":{"0":"post-18608","1":"product","2":"type-product","3":"status-publish","5":"product_cat-okategoriserad","7":"first","8":"instock","9":"shipping-taxable","10":"purchasable","11":"product-type-simple"},"_links":{"self":[{"href":"https:\/\/nordicmart.andreevmaster.com\/sv\/wp-json\/wp\/v2\/product\/18608","targetHints":{"allow":["GET"]}}],"collection":[{"href":"https:\/\/nordicmart.andreevmaster.com\/sv\/wp-json\/wp\/v2\/product"}],"about":[{"href":"https:\/\/nordicmart.andreevmaster.com\/sv\/wp-json\/wp\/v2\/types\/product"}],"replies":[{"embeddable":true,"href":"https:\/\/nordicmart.andreevmaster.com\/sv\/wp-json\/wp\/v2\/comments?post=18608"}],"wp:attachment":[{"href":"https:\/\/nordicmart.andreevmaster.com\/sv\/wp-json\/wp\/v2\/media?parent=18608"}],"wp:term":[{"taxonomy":"product_brand","embeddable":true,"href":"https:\/\/nordicmart.andreevmaster.com\/sv\/wp-json\/wp\/v2\/product_brand?post=18608"},{"taxonomy":"product_cat","embeddable":true,"href":"https:\/\/nordicmart.andreevmaster.com\/sv\/wp-json\/wp\/v2\/product_cat?post=18608"},{"taxonomy":"product_tag","embeddable":true,"href":"https:\/\/nordicmart.andreevmaster.com\/sv\/wp-json\/wp\/v2\/product_tag?post=18608"}],"curies":[{"name":"wp","href":"https:\/\/api.w.org\/{rel}","templated":true}]}}