{"id":18607,"date":"2026-02-27T00:40:42","date_gmt":"2026-02-27T00:40:42","guid":{"rendered":"https:\/\/nordicmart.andreevmaster.com\/product\/ratata-bokhylla\/"},"modified":"2026-02-27T08:29:04","modified_gmt":"2026-02-27T08:29:04","slug":"ratata-bokhylla","status":"publish","type":"product","link":"https:\/\/nordicmart.andreevmaster.com\/sv\/produkt\/ratata-bokhylla\/","title":{"rendered":"Ratata bokhylla"},"content":{"rendered":"<p>L\u00e4tthet, plasticitet, exotism<br \/>\nEn kollektion av l\u00e4tta, moderna m\u00f6bler med inslag av kolonialstil. En subtil kombination av tr\u00e4, b\u00f6jda former och rottingens exotiska och genombrutna struktur. Materialets naturliga karakt\u00e4r, h\u00f6ga kvalitet och h\u00e5llbarhet samt m\u00f6jligheten att \u00f6ka soffans storlek g\u00f6r det m\u00f6jligt att skapa en unik rumsk\u00e4nsla som barnen kommer att njuta av i m\u00e5nga \u00e5r.<br \/>\nHuvudsakliga f\u00f6rdelar:<br \/>\n&#8211; tre rymliga l\u00e5dor.<br \/>\n&#8211; Hafele-skenor med ett system som bromsar l\u00e5dornas st\u00e4ngning,<br \/>\n&#8211; sk\u00e5p med d\u00f6rrar med sj\u00e4lvst\u00e4ngande system, tv\u00e5 justerbara hyllor inuti<br \/>\n-5 hyllor,<br \/>\n&#8211; kan monteras p\u00e5 v\u00e4ggen \u2013 rekommenderas,<br \/>\n&#8211; uppfyller europeiska s\u00e4kerhetsstandarder och normer. \u00a0 <\/p>\n<p>M\u00e5tt (cm):<br \/>\nh\u00f6jd: 150<br \/>\ndjup: 32,5<br \/>\nbredd: 90   <\/p>\n<p>Design  och finish:<br \/>\n&#8211; Lackerad MDF-skiva,<br \/>\n&#8211;  h\u00f6gkvalitativ laminerad skiva som \u00e4r t\u00e5lig mot skador och fukt, l\u00e4tt att h\u00e5lla ren,<br \/>\n&#8211; lackerat boktr\u00e4.- rottingfl\u00e4tning. <\/p>\n<p>De lacker som anv\u00e4nds i tillverkningsprocessen \u00e4r s\u00e4kra f\u00f6r barn och certifierade enligt EN71\/3   <\/p>\n<p>F\u00e4rg:<br \/>\n-vit\/bok\/rotting <\/p>\n<p>Anv\u00e4ndningsanvisning:<br \/>\nM\u00f6blerna ska torkas av med en mjuk bomullsduk fuktad med vatten eller ett m\u00f6belv\u00e5rdsmedel. <\/p>\n<p>Montering: M\u00f6blerna levereras i paket f\u00f6r sj\u00e4lvmontering. Detaljerade monteringsanvisningar medf\u00f6ljer i paketen tillsammans med tillbeh\u00f6ren.<\/p>\n","protected":false},"excerpt":{"rendered":"<p>L\u00e4tthet, plasticitet, exotism En kollektion av l\u00e4tta, moderna m\u00f6bler med inslag av kolonialstil. En subtil kombination av tr\u00e4, b\u00f6jda former och rottingens exotiska och genombrutna struktur. Materialets naturliga karakt\u00e4r, h\u00f6ga kvalitet och h\u00e5llbarhet samt m\u00f6jligheten att \u00f6ka soffans storlek g\u00f6r det m\u00f6jligt att skapa en unik rumsk\u00e4nsla som barnen kommer att njuta av i m\u00e5nga [&hellip;]<\/p>\n","protected":false},"featured_media":0,"comment_status":"open","ping_status":"closed","template":"","meta":[],"product_brand":[],"product_cat":[33],"product_tag":[],"class_list":{"0":"post-18607","1":"product","2":"type-product","3":"status-publish","5":"product_cat-okategoriserad","7":"first","8":"instock","9":"shipping-taxable","10":"purchasable","11":"product-type-simple"},"_links":{"self":[{"href":"https:\/\/nordicmart.andreevmaster.com\/sv\/wp-json\/wp\/v2\/product\/18607","targetHints":{"allow":["GET"]}}],"collection":[{"href":"https:\/\/nordicmart.andreevmaster.com\/sv\/wp-json\/wp\/v2\/product"}],"about":[{"href":"https:\/\/nordicmart.andreevmaster.com\/sv\/wp-json\/wp\/v2\/types\/product"}],"replies":[{"embeddable":true,"href":"https:\/\/nordicmart.andreevmaster.com\/sv\/wp-json\/wp\/v2\/comments?post=18607"}],"wp:attachment":[{"href":"https:\/\/nordicmart.andreevmaster.com\/sv\/wp-json\/wp\/v2\/media?parent=18607"}],"wp:term":[{"taxonomy":"product_brand","embeddable":true,"href":"https:\/\/nordicmart.andreevmaster.com\/sv\/wp-json\/wp\/v2\/product_brand?post=18607"},{"taxonomy":"product_cat","embeddable":true,"href":"https:\/\/nordicmart.andreevmaster.com\/sv\/wp-json\/wp\/v2\/product_cat?post=18607"},{"taxonomy":"product_tag","embeddable":true,"href":"https:\/\/nordicmart.andreevmaster.com\/sv\/wp-json\/wp\/v2\/product_tag?post=18607"}],"curies":[{"name":"wp","href":"https:\/\/api.w.org\/{rel}","templated":true}]}}