{"id":18606,"date":"2026-02-27T00:40:41","date_gmt":"2026-02-27T00:40:41","guid":{"rendered":"https:\/\/nordicmart.andreevmaster.com\/product\/ratata-barnsang-60x120\/"},"modified":"2026-02-27T08:29:04","modified_gmt":"2026-02-27T08:29:04","slug":"ratata-barnsang-60x120","status":"publish","type":"product","link":"https:\/\/nordicmart.andreevmaster.com\/sv\/produkt\/ratata-barnsang-60x120\/","title":{"rendered":"Ratata barns\u00e4ng 60&#215;120"},"content":{"rendered":"<p>L\u00e4tthet, plasticitet, exotism<br \/>\nEn kollektion av l\u00e4tta moderna m\u00f6bler med inslag av kolonialstil. En subtil kombination av tr\u00e4, b\u00f6jda former och rottingens exotiska och genombrutna struktur. Materialets naturliga karakt\u00e4r, h\u00f6ga kvalitet och h\u00e5llbarhet samt m\u00f6jligheten att \u00f6ka soffans storlek g\u00f6r det m\u00f6jligt att skapa en unik rumsinredning som barnen kommer att njuta av i m\u00e5nga \u00e5r. <\/p>\n<p>Huvudsakliga f\u00f6rdelar:<br \/>\n&#8211; uppfyller europeiska s\u00e4kerhetsstandarder och normer<br \/>\n&#8211; fyra avtagbara st\u00e4nger i en av spj\u00e4ls\u00e4ngens ramar g\u00f6r att ditt barn kan kliva in och ut ur spj\u00e4ls\u00e4ngen fritt,<br \/>\n&#8211; tre niv\u00e5er f\u00f6r madrassens l\u00e4ge som kan anpassas efter barnets utveckling<br \/>\n&#8211; kan omvandlas till en soffa,<br \/>\n&#8211; barri\u00e4rer som skyddar mot fall \u00e4r gjorda av st\u00f6d<br \/>\n-rymlig, praktisk l\u00e5da p\u00e5 hjul med d\u00e4ck (l\u00e5dan \u00e4r ett tillval \u2013 kan k\u00f6pas separat)   <\/p>\n<p>M\u00e5tt (cm):<br \/>\nl\u00e4ngd: 123,6<br \/>\nbredd: 64,2<br \/>\nh\u00f6jd: 90 <\/p>\n<p>soffans h\u00f6jd: 60 <\/p>\n<p>Ytterligare information :<br \/>\n-s\u00e4ngen kan utrustas med en madrass \u2013 m\u00e5tt: 120 cm x 60 cm<br \/>\n-anv\u00e4ndningstid: upp till cirka 5 \u00e5rs \u00e5lder. <\/p>\n<p>Design och finish:<br \/>\n&#8211;  Lackerad MDF-skiva,<br \/>\n&#8211;  h\u00f6gkvalitativ laminerad skiva som \u00e4r t\u00e5lig mot skador och fukt, l\u00e4tt att h\u00e5lla ren,<br \/>\n&#8211; lackerat boktr\u00e4. <\/p>\n<p>De lacker som anv\u00e4nds i tillverkningsprocessen \u00e4r s\u00e4kra f\u00f6r barn och certifierade enligt EN71\/3 <\/p>\n<p>F\u00e4rg:<br \/>\n-vit\/bok<\/p>\n<p>Anv\u00e4ndningsanvisning:<br \/>\nM\u00f6blerna ska torkas av med en mjuk bomullsduk fuktad med vatten eller ett m\u00f6belv\u00e5rdsmedel. <\/p>\n<p>Montering:<br \/>\nM\u00f6blerna levereras i paket f\u00f6r sj\u00e4lvmontering. Detaljerade monteringsanvisningar medf\u00f6ljer i f\u00f6rpackningarna tillsammans med utrustningen.<\/p>\n","protected":false},"excerpt":{"rendered":"<p>L\u00e4tthet, plasticitet, exotism En kollektion av l\u00e4tta moderna m\u00f6bler med inslag av kolonialstil. En subtil kombination av tr\u00e4, b\u00f6jda former och rottingens exotiska och genombrutna struktur. Materialets naturliga karakt\u00e4r, h\u00f6ga kvalitet och h\u00e5llbarhet samt m\u00f6jligheten att \u00f6ka soffans storlek g\u00f6r det m\u00f6jligt att skapa en unik rumsinredning som barnen kommer att njuta av i m\u00e5nga [&hellip;]<\/p>\n","protected":false},"featured_media":0,"comment_status":"open","ping_status":"closed","template":"","meta":[],"product_brand":[],"product_cat":[33],"product_tag":[],"class_list":{"0":"post-18606","1":"product","2":"type-product","3":"status-publish","5":"product_cat-okategoriserad","7":"first","8":"instock","9":"shipping-taxable","10":"purchasable","11":"product-type-simple"},"_links":{"self":[{"href":"https:\/\/nordicmart.andreevmaster.com\/sv\/wp-json\/wp\/v2\/product\/18606","targetHints":{"allow":["GET"]}}],"collection":[{"href":"https:\/\/nordicmart.andreevmaster.com\/sv\/wp-json\/wp\/v2\/product"}],"about":[{"href":"https:\/\/nordicmart.andreevmaster.com\/sv\/wp-json\/wp\/v2\/types\/product"}],"replies":[{"embeddable":true,"href":"https:\/\/nordicmart.andreevmaster.com\/sv\/wp-json\/wp\/v2\/comments?post=18606"}],"wp:attachment":[{"href":"https:\/\/nordicmart.andreevmaster.com\/sv\/wp-json\/wp\/v2\/media?parent=18606"}],"wp:term":[{"taxonomy":"product_brand","embeddable":true,"href":"https:\/\/nordicmart.andreevmaster.com\/sv\/wp-json\/wp\/v2\/product_brand?post=18606"},{"taxonomy":"product_cat","embeddable":true,"href":"https:\/\/nordicmart.andreevmaster.com\/sv\/wp-json\/wp\/v2\/product_cat?post=18606"},{"taxonomy":"product_tag","embeddable":true,"href":"https:\/\/nordicmart.andreevmaster.com\/sv\/wp-json\/wp\/v2\/product_tag?post=18606"}],"curies":[{"name":"wp","href":"https:\/\/api.w.org\/{rel}","templated":true}]}}