{"id":18605,"date":"2026-02-27T00:40:41","date_gmt":"2026-02-27T00:40:41","guid":{"rendered":"https:\/\/nordicmart.andreevmaster.com\/product\/ratata-2-dorrars-byra\/"},"modified":"2026-02-27T08:29:04","modified_gmt":"2026-02-27T08:29:04","slug":"ratata-2-dorrars-byra","status":"publish","type":"product","link":"https:\/\/nordicmart.andreevmaster.com\/sv\/produkt\/ratata-2-dorrars-byra\/","title":{"rendered":"Ratata 2-d\u00f6rrars byr\u00e5"},"content":{"rendered":"<p>En kollektion av l\u00e4tta, moderna m\u00f6bler med inslag av kolonialstil. En subtil kombination av tr\u00e4, b\u00f6jda former och rottingens exotiska och genombrutna struktur. Materialets naturliga karakt\u00e4r, h\u00f6ga kvalitet och h\u00e5llbarhet samt m\u00f6jligheten att \u00f6ka soffans storlek g\u00f6r det m\u00f6jligt att skapa en unik rumsk\u00e4nsla som barnen kommer att njuta av i m\u00e5nga \u00e5r.<br \/>\nHuvudsakliga f\u00f6rdelar:<br \/>\n&#8211; rymlig l\u00e5da,<br \/>\n&#8211; sk\u00e5p med d\u00f6rrar med sj\u00e4lvst\u00e4ngande system, justerbar hylla inuti,<br \/>\n&#8211; Hafele-skenor med ett system som bromsar st\u00e4ngningen av l\u00e5dorna,<br \/>\n&#8211; f\u00f6rberedd f\u00f6r montering av sk\u00f6tbord,<br \/>\n&#8211; kan monteras p\u00e5 v\u00e4ggen \u2013 rekommenderas,<br \/>\n&#8211; uppfyller europeiska s\u00e4kerhetsstandarder och normer. <\/p>\n<p>M\u00e5tt (cm):<br \/>\nh\u00f6jd: 90<br \/>\ndjup: 50<br \/>\nbredd: 90<\/p>\n<p>Design och ytbehandling:<br \/>\n&#8211; lackerad MDF-skiva,<br \/>\n&#8211; h\u00f6gkvalitativ laminerad skiva som \u00e4r t\u00e5lig mot skador och fukt, l\u00e4tt att h\u00e5lla ren,<br \/>\n&#8211; lackerad bok,<br \/>\n&#8211; rottingfl\u00e4tning. <\/p>\n<p>De lacker som anv\u00e4nds i tillverkningsprocessen \u00e4r barns\u00e4kra och certifierade enligt EN71\/3 <\/p>\n<p> F\u00e4rg:<br \/>\n-vit\/bok\/rotting<\/p>\n<p>Anv\u00e4ndningsanvisning:<br \/>\nM\u00f6blerna ska torkas av med en mjuk bomullsduk fuktad med vatten eller ett m\u00f6belv\u00e5rdsmedel.\u00a0 \u00a0\u00a0 Montering: M\u00f6blerna levereras i paket f\u00f6r sj\u00e4lvmontering. Detaljerade monteringsanvisningar medf\u00f6ljer i paketen tillsammans med tillbeh\u00f6ren.<\/p>\n","protected":false},"excerpt":{"rendered":"<p>En kollektion av l\u00e4tta, moderna m\u00f6bler med inslag av kolonialstil. En subtil kombination av tr\u00e4, b\u00f6jda former och rottingens exotiska och genombrutna struktur. Materialets naturliga karakt\u00e4r, h\u00f6ga kvalitet och h\u00e5llbarhet samt m\u00f6jligheten att \u00f6ka soffans storlek g\u00f6r det m\u00f6jligt att skapa en unik rumsk\u00e4nsla som barnen kommer att njuta av i m\u00e5nga \u00e5r. Huvudsakliga f\u00f6rdelar: [&hellip;]<\/p>\n","protected":false},"featured_media":0,"comment_status":"open","ping_status":"closed","template":"","meta":[],"product_brand":[],"product_cat":[33],"product_tag":[],"class_list":{"0":"post-18605","1":"product","2":"type-product","3":"status-publish","5":"product_cat-okategoriserad","7":"first","8":"instock","9":"shipping-taxable","10":"purchasable","11":"product-type-simple"},"_links":{"self":[{"href":"https:\/\/nordicmart.andreevmaster.com\/sv\/wp-json\/wp\/v2\/product\/18605","targetHints":{"allow":["GET"]}}],"collection":[{"href":"https:\/\/nordicmart.andreevmaster.com\/sv\/wp-json\/wp\/v2\/product"}],"about":[{"href":"https:\/\/nordicmart.andreevmaster.com\/sv\/wp-json\/wp\/v2\/types\/product"}],"replies":[{"embeddable":true,"href":"https:\/\/nordicmart.andreevmaster.com\/sv\/wp-json\/wp\/v2\/comments?post=18605"}],"wp:attachment":[{"href":"https:\/\/nordicmart.andreevmaster.com\/sv\/wp-json\/wp\/v2\/media?parent=18605"}],"wp:term":[{"taxonomy":"product_brand","embeddable":true,"href":"https:\/\/nordicmart.andreevmaster.com\/sv\/wp-json\/wp\/v2\/product_brand?post=18605"},{"taxonomy":"product_cat","embeddable":true,"href":"https:\/\/nordicmart.andreevmaster.com\/sv\/wp-json\/wp\/v2\/product_cat?post=18605"},{"taxonomy":"product_tag","embeddable":true,"href":"https:\/\/nordicmart.andreevmaster.com\/sv\/wp-json\/wp\/v2\/product_tag?post=18605"}],"curies":[{"name":"wp","href":"https:\/\/api.w.org\/{rel}","templated":true}]}}