{"id":18604,"date":"2026-02-27T00:40:41","date_gmt":"2026-02-27T00:40:41","guid":{"rendered":"https:\/\/nordicmart.andreevmaster.com\/product\/rondi-mesh-kontorsstol-m-1-svart-nat\/"},"modified":"2026-02-27T08:29:04","modified_gmt":"2026-02-27T08:29:04","slug":"rondi-mesh-kontorsstol-m-1-svart-nat","status":"publish","type":"product","link":"https:\/\/nordicmart.andreevmaster.com\/sv\/produkt\/rondi-mesh-kontorsstol-m-1-svart-nat\/","title":{"rendered":"Rondi Mesh kontorsstol M-1 svart n\u00e4t"},"content":{"rendered":"<p>RONDI Integro kontorsstol lockar med sin eleganta design och utm\u00e4rkta funktionalitet. Kl\u00e4dseln i n\u00e4tv\u00e4v ger ett utm\u00e4rkt mikroklimat \u00e4ven i varmt v\u00e4der, vilket g\u00f6r den till ett perfekt val f\u00f6r l\u00e5nga arbetsdagar.<br \/>\nDenna f\u00e5t\u00f6lj \u00e4r helt svart och saknar kromdetaljer, vilket g\u00f6r den l\u00e4mplig f\u00f6r dem som f\u00f6redrar enkla och \u00e5terh\u00e5llsamma l\u00f6sningar i inredningen.Stolen \u00e4r utrustad med ett mjukt nackst\u00f6d som \u00e4r justerbart i h\u00f6jd och lutningsvinkel, vilket g\u00f6r att du kan hitta den mest bekv\u00e4ma positionen f\u00f6r att st\u00f6dja nacken. Ryggst\u00f6dets justerbara l\u00e4ndryggsst\u00f6d ger extra ryggst\u00f6d, vilket minskar belastningen p\u00e5 ryggraden vid l\u00e5ngvarigt sittande. Armst\u00f6den p\u00e5 stolen har en lyftfunktion, vilket \u00e4r praktiskt n\u00e4r man ofta reser sig fr\u00e5n stolen. Mjuka dynor p\u00e5 armst\u00f6den \u00f6kar komforten vid l\u00e5ngvarig anv\u00e4ndning. Sitsen har en ergonomisk form och medelh\u00f6g styvhet, vilket bidrar till korrekt st\u00f6d och minskar tr\u00f6tthet. Stolens mekanism g\u00f6r att du kan justera sitsens h\u00f6jd och gungningens styvhet, vilket ger individuell anpassning efter dina behov. Stolens gaslift har ett \u00f6kat belastningsindex, vilket garanterar dess h\u00e5llbarhet och motst\u00e5ndskraft mot intensiv anv\u00e4ndning. Korset har en elegant matt svart yta som ger denna kontorsstol ett modernt utseende och elegans. Kontorsstolen Integro \u00e4r en perfekt kombination av komfort, funktionalitet och estetik, som kommer att vara ett utm\u00e4rkt tillskott till alla arbetsutrymmen. Observera att stolen levereras omonterad. Leveranspaketet inneh\u00e5ller allt du beh\u00f6ver f\u00f6r montering, vilket inte tar l\u00e5ng tid. F\u00f6r enkelhetens skull bifogar vi en enkel videoinstruktion.<\/p>\n","protected":false},"excerpt":{"rendered":"<p>Modell: Integro<br \/>\nLutningsmekanism: M-1 (lutning)<br \/>\nKl\u00e4dselmaterial: Tyg, n\u00e4t<br \/>\nKl\u00e4dselmaterialets f\u00e4rg: Svart<br \/>\nNackst\u00f6d: Mjukt, h\u00f6jd- och vinkeljustering<br \/>\nArmst\u00f6d: Mjuka, lyftfunktion, f\u00f6rst\u00e4rkt plast (solidgjuten polyamid)<br \/>\nStolsunderrede: Metall, svart<br \/>\nHjul: Gummibelagda<br \/>\nMinsta produkth\u00f6jd: 1170 mm<br \/>\nMaximal produkth\u00f6jd (sitsh\u00f6jd utdragen till max \u2013 nackst\u00f6d utdraget till max): 1265 \u2013 1295 mm<br \/>\nMinsta sitsh\u00f6jd: 475 mm<br \/>\nMaximal sitth\u00f6jd: 580 mm<br \/>\nRyggst\u00f6dets h\u00f6jd: 570 mm<br \/>\nNackst\u00f6dets bredd: 275 mm<br \/>\nNackst\u00f6dets h\u00f6jd: 160 mm<br \/>\nH\u00f6jd fr\u00e5n golv till armst\u00f6d: 665\u2013770 mm<br \/>\nArmst\u00f6dets h\u00f6jd: 300 mm<br \/>\nArmst\u00f6dets l\u00e4ngd: 365 mm<br \/>\nAvst\u00e5nd mellan armst\u00f6d: 435 mm<br \/>\nSitsbredd: 425 mm<br \/>\nSitsdjup: 450 mm<br \/>\nProduktbredd: 570 mm<br \/>\nProduktdjup: 650 mm<br \/>\nProduktvikt: 12 kg<br \/>\nF\u00f6rpackningsvolym: 0,08 m\u00b3<\/p>\n","protected":false},"featured_media":0,"comment_status":"open","ping_status":"closed","template":"","meta":[],"product_brand":[],"product_cat":[33],"product_tag":[],"class_list":{"0":"post-18604","1":"product","2":"type-product","3":"status-publish","5":"product_cat-okategoriserad","7":"first","8":"instock","9":"shipping-taxable","10":"purchasable","11":"product-type-simple"},"_links":{"self":[{"href":"https:\/\/nordicmart.andreevmaster.com\/sv\/wp-json\/wp\/v2\/product\/18604","targetHints":{"allow":["GET"]}}],"collection":[{"href":"https:\/\/nordicmart.andreevmaster.com\/sv\/wp-json\/wp\/v2\/product"}],"about":[{"href":"https:\/\/nordicmart.andreevmaster.com\/sv\/wp-json\/wp\/v2\/types\/product"}],"replies":[{"embeddable":true,"href":"https:\/\/nordicmart.andreevmaster.com\/sv\/wp-json\/wp\/v2\/comments?post=18604"}],"wp:attachment":[{"href":"https:\/\/nordicmart.andreevmaster.com\/sv\/wp-json\/wp\/v2\/media?parent=18604"}],"wp:term":[{"taxonomy":"product_brand","embeddable":true,"href":"https:\/\/nordicmart.andreevmaster.com\/sv\/wp-json\/wp\/v2\/product_brand?post=18604"},{"taxonomy":"product_cat","embeddable":true,"href":"https:\/\/nordicmart.andreevmaster.com\/sv\/wp-json\/wp\/v2\/product_cat?post=18604"},{"taxonomy":"product_tag","embeddable":true,"href":"https:\/\/nordicmart.andreevmaster.com\/sv\/wp-json\/wp\/v2\/product_tag?post=18604"}],"curies":[{"name":"wp","href":"https:\/\/api.w.org\/{rel}","templated":true}]}}