{"id":18602,"date":"2026-02-27T00:40:40","date_gmt":"2026-02-27T00:40:40","guid":{"rendered":"https:\/\/nordicmart.andreevmaster.com\/product\/falk-super-dumper-trailer-3-7-ar\/"},"modified":"2026-02-27T08:29:03","modified_gmt":"2026-02-27T08:29:03","slug":"falk-super-dumper-trailer-3-7-ar","status":"publish","type":"product","link":"https:\/\/nordicmart.andreevmaster.com\/sv\/produkt\/falk-super-dumper-trailer-3-7-ar\/","title":{"rendered":"FALK Super Dumper Trailer 3-7 \u00e5r"},"content":{"rendered":"<p>Super Dumper Super Dumper \u00e4r kompatibel med hela Falk-sortimentet av traktorer f\u00f6r barn i \u00e5ldern 3-7 \u00e5r. Den \u00e4r tillverkad av material av h\u00f6gsta kvalitet, vilket garanterar h\u00e5llbarhet och m\u00e5nga \u00e5rs lekgl\u00e4dje och g\u00f6r varje \u00e4ventyr p\u00e5 g\u00e5rden \u00e4nnu mer sp\u00e4nnande!<\/p>\n<p>Egenskaper:<\/p>\n<p>* &#8211; F\u00f6r barn i \u00e5ldern 3 till 7 \u00e5r<br \/>\n* &#8211; Leksakens m\u00e5tt: 87 x 49 x 48 cm<br \/>\n* &#8211; Kompatibel med alla FALK-traktorer f\u00f6r barn i \u00e5ldern 3-7 \u00e5r<br \/>\n* &#8211; S\u00e4kerhetsl\u00e5s f\u00f6r att f\u00f6rhindra att tippvagnen v\u00e4lter<\/p>\n","protected":false},"excerpt":{"rendered":"<p>Super Dumper Super Dumper \u00e4r kompatibel med hela Falk-sortimentet av traktorer f\u00f6r barn i \u00e5ldern 3-7 \u00e5r. Den \u00e4r tillverkad av material av h\u00f6gsta kvalitet, vilket garanterar h\u00e5llbarhet och m\u00e5nga \u00e5rs lekgl\u00e4dje och g\u00f6r varje \u00e4ventyr p\u00e5 g\u00e5rden \u00e4nnu mer sp\u00e4nnande! Egenskaper: * &#8211; F\u00f6r barn i \u00e5ldern 3 till 7 \u00e5r * &#8211; Leksakens [&hellip;]<\/p>\n","protected":false},"featured_media":0,"comment_status":"open","ping_status":"closed","template":"","meta":[],"product_brand":[],"product_cat":[33],"product_tag":[],"class_list":{"0":"post-18602","1":"product","2":"type-product","3":"status-publish","5":"product_cat-okategoriserad","7":"first","8":"instock","9":"shipping-taxable","10":"purchasable","11":"product-type-simple"},"_links":{"self":[{"href":"https:\/\/nordicmart.andreevmaster.com\/sv\/wp-json\/wp\/v2\/product\/18602","targetHints":{"allow":["GET"]}}],"collection":[{"href":"https:\/\/nordicmart.andreevmaster.com\/sv\/wp-json\/wp\/v2\/product"}],"about":[{"href":"https:\/\/nordicmart.andreevmaster.com\/sv\/wp-json\/wp\/v2\/types\/product"}],"replies":[{"embeddable":true,"href":"https:\/\/nordicmart.andreevmaster.com\/sv\/wp-json\/wp\/v2\/comments?post=18602"}],"wp:attachment":[{"href":"https:\/\/nordicmart.andreevmaster.com\/sv\/wp-json\/wp\/v2\/media?parent=18602"}],"wp:term":[{"taxonomy":"product_brand","embeddable":true,"href":"https:\/\/nordicmart.andreevmaster.com\/sv\/wp-json\/wp\/v2\/product_brand?post=18602"},{"taxonomy":"product_cat","embeddable":true,"href":"https:\/\/nordicmart.andreevmaster.com\/sv\/wp-json\/wp\/v2\/product_cat?post=18602"},{"taxonomy":"product_tag","embeddable":true,"href":"https:\/\/nordicmart.andreevmaster.com\/sv\/wp-json\/wp\/v2\/product_tag?post=18602"}],"curies":[{"name":"wp","href":"https:\/\/api.w.org\/{rel}","templated":true}]}}