{"id":18600,"date":"2026-02-27T00:40:40","date_gmt":"2026-02-27T00:40:40","guid":{"rendered":"https:\/\/nordicmart.andreevmaster.com\/product\/feandrea-hygienunderlagg-for-valpar-60-x-90-cm-100-st\/"},"modified":"2026-02-27T08:29:03","modified_gmt":"2026-02-27T08:29:03","slug":"feandrea-hygienunderlagg-for-valpar-60-x-90-cm-100-st","status":"publish","type":"product","link":"https:\/\/nordicmart.andreevmaster.com\/sv\/produkt\/feandrea-hygienunderlagg-for-valpar-60-x-90-cm-100-st\/","title":{"rendered":"Feandrea hygienunderl\u00e4gg f\u00f6r valpar 60 x 90 cm 100 st"},"content":{"rendered":"<p>Vid utvecklingen av FEANDREA:s produkter st\u00e5r djurens behov i fokus. Dessa uppst\u00e5r redan kort efter f\u00f6dseln, s\u00e5 att \u00e4ven s\u00f6ta valpar t\u00e4nker p\u00e5 godbitar, roliga leksaker och en mysig sovplats; naturligtvis m\u00e5ste de ocks\u00e5 g\u00f6ra sina behov d\u00e5 och d\u00e5, och ibland hamnar det p\u00e5 din nya matta eller det dyra parkettgolvet.FEANDREA valpunderl\u00e4gg \u2013 s\u00e5 l\u00e4r du din hund att g\u00e5 ut steg f\u00f6r steg Anv\u00e4nd v\u00e5ra absorberande tr\u00e4ningsunderl\u00e4gg s\u00e5 att ovanst\u00e5ende scenario snabbt blir ett minne blott. Du beh\u00f6ver bara f\u00e4sta dem p\u00e5 en plats i din l\u00e4genhet och s\u00e4tta din hund p\u00e5 dem om och om igen, \u00e4ven om den har gjort sina behov p\u00e5 en annan plats. Med tiden v\u00e4njer den sig vid Pee Pads, lockas av deras lock\u00e4mnen och g\u00f6r sedan sina behov endast p\u00e5 denna lavendeldoftande valptoalett. Om s\u00e5 \u00e4r fallet kan du bel\u00f6na den med en godbit. Placera sedan underlaget allt n\u00e4rmare ytterd\u00f6rren. P\u00e5 kort tid kommer \u00e4ven din valp att bli rumsren! Produktdetaljer: &#8211; Total storlek: 60 x 90 cm &#8211; Storlek p\u00e5 den absorberande bomullsk\u00e4rnan: 55 x 85 cm Leveransomfattning: &#8211; 1 x l\u00e5da med kissunderl\u00e4gg (100 stycken) FEANDREA Anvisningar: 1. Skada inte underl\u00e4ggen med kniv eller andra vassa f\u00f6rem\u00e5l f\u00f6r att undvika att vattenabsorberande partiklar l\u00e4cker ut och p\u00e5verkar milj\u00f6n. Skador minskar dessutom produktens absorptionsf\u00f6rm\u00e5ga. 2. Se till att ditt husdjur inte tar Pee Pads i munnen. 3. <\/p>\n","protected":false},"excerpt":{"rendered":"<p>Feandrea tr\u00e4ningsunderl\u00e4gg f\u00f6r valpar, valptr\u00e4ningsunderl\u00e4gg, valptoalett, 100 stycken, 60 x 90 cm PTD90B<\/p>\n","protected":false},"featured_media":45605,"comment_status":"open","ping_status":"closed","template":"","meta":[],"product_brand":[],"product_cat":[33],"product_tag":[],"class_list":{"0":"post-18600","1":"product","2":"type-product","3":"status-publish","4":"has-post-thumbnail","6":"product_cat-okategoriserad","8":"first","9":"instock","10":"shipping-taxable","11":"purchasable","12":"product-type-simple"},"_links":{"self":[{"href":"https:\/\/nordicmart.andreevmaster.com\/sv\/wp-json\/wp\/v2\/product\/18600","targetHints":{"allow":["GET"]}}],"collection":[{"href":"https:\/\/nordicmart.andreevmaster.com\/sv\/wp-json\/wp\/v2\/product"}],"about":[{"href":"https:\/\/nordicmart.andreevmaster.com\/sv\/wp-json\/wp\/v2\/types\/product"}],"replies":[{"embeddable":true,"href":"https:\/\/nordicmart.andreevmaster.com\/sv\/wp-json\/wp\/v2\/comments?post=18600"}],"wp:featuredmedia":[{"embeddable":true,"href":"https:\/\/nordicmart.andreevmaster.com\/sv\/wp-json\/wp\/v2\/media\/45605"}],"wp:attachment":[{"href":"https:\/\/nordicmart.andreevmaster.com\/sv\/wp-json\/wp\/v2\/media?parent=18600"}],"wp:term":[{"taxonomy":"product_brand","embeddable":true,"href":"https:\/\/nordicmart.andreevmaster.com\/sv\/wp-json\/wp\/v2\/product_brand?post=18600"},{"taxonomy":"product_cat","embeddable":true,"href":"https:\/\/nordicmart.andreevmaster.com\/sv\/wp-json\/wp\/v2\/product_cat?post=18600"},{"taxonomy":"product_tag","embeddable":true,"href":"https:\/\/nordicmart.andreevmaster.com\/sv\/wp-json\/wp\/v2\/product_tag?post=18600"}],"curies":[{"name":"wp","href":"https:\/\/api.w.org\/{rel}","templated":true}]}}