{"id":18599,"date":"2026-02-27T00:40:40","date_gmt":"2026-02-27T00:40:40","guid":{"rendered":"https:\/\/nordicmart.andreevmaster.com\/product\/feandrea-valpunderlagg-60-x-60-cm-55-stycken\/"},"modified":"2026-02-27T08:29:03","modified_gmt":"2026-02-27T08:29:03","slug":"feandrea-valpunderlagg-60-x-60-cm-55-stycken","status":"publish","type":"product","link":"https:\/\/nordicmart.andreevmaster.com\/sv\/produkt\/feandrea-valpunderlagg-60-x-60-cm-55-stycken\/","title":{"rendered":"Feandrea valpunderl\u00e4gg 60 x 60 cm 55 stycken"},"content":{"rendered":"<p>\u00d6vning ger f\u00e4rdighet F\u00f6r att bygga upp en god relation till hundar \u00e4r tr\u00e4ning oumb\u00e4rligt \u2013 ju tidigare, desto b\u00e4ttre! V\u00e4nta d\u00e4rf\u00f6r inte l\u00e4ngre, utan anv\u00e4nd dessa v\u00e4tskeabsorberande underl\u00e4gg s\u00e5 att din hund blir rumsren s\u00e5 snabbt som m\u00f6jligt. S\u00e5 h\u00e4r anv\u00e4nder du tr\u00e4ningsunderlagen: &#8211; Vik ut ett hygienunderlag och l\u00e4gg det med den bl\u00e5 polyetylensidan ned\u00e5t p\u00e5 en best\u00e4md plats i din bostad &#8211; S\u00e4tt din hund p\u00e5 underlaget s\u00e5 snart den b\u00f6rjar sniffa runt &#8211; Om din hund av misstag har urinerat p\u00e5 en annan plats, reng\u00f6r den omedelbart f\u00f6r att undvika obehagliga lukter och att den urinerar igen &#8211; Om din hund urinerar p\u00e5 tr\u00e4ningsunderl\u00e4gget, ge den en bel\u00f6ning Produktdetaljer: &#8211; F\u00e4rg: Bl\u00e5-vit &#8211; Material: SAP (flytande superabsorberande polymer), l\u00e5ngfibrig cellmassa, hygienpapper, vattent\u00e4t polyetenmembran &#8211; Storlek: 60 x 60 cm (L x B) &#8211; Vikt: 2,5 kg Leveransomfattning: &#8211; 50 x valpunderl\u00e4gg (+ 5 extra underl\u00e4gg som g\u00e5va) FEANDREA Anm\u00e4rkningar:- Skada inte underl\u00e4ggen med kniv eller andra vassa f\u00f6rem\u00e5l f\u00f6r att undvika att vattenabsorberande partiklar l\u00e4cker ut och p\u00e5verkar milj\u00f6n. Skador minskar dessutom produktens absorptionsf\u00f6rm\u00e5ga. &#8211; Se till att ditt husdjur inte stoppar Pee Pads i munnen.- Ditt husdjur b\u00f6r helst urinera i mitten av underl\u00e4ggen. &#8211; Barn f\u00e5r varken leka med underl\u00e4ggen, ta dem i munnen eller anv\u00e4nda dem. Underl\u00e4ggen \u00e4r inte avsedda f\u00f6r m\u00e4nskligt bruk. &#8211; Kassera underl\u00e4ggen p\u00e5 r\u00e4tt s\u00e4tt efter anv\u00e4ndning f\u00f6r att undvika milj\u00f6belastning.<\/p>\n","protected":false},"excerpt":{"rendered":"<p>Feandrea valpunderl\u00e4gg, 60 x 60 cm, 55 stycken, bl\u00e5-vita PTD65BU<\/p>\n","protected":false},"featured_media":45604,"comment_status":"open","ping_status":"closed","template":"","meta":[],"product_brand":[],"product_cat":[33],"product_tag":[],"class_list":{"0":"post-18599","1":"product","2":"type-product","3":"status-publish","4":"has-post-thumbnail","6":"product_cat-okategoriserad","8":"first","9":"instock","10":"shipping-taxable","11":"purchasable","12":"product-type-simple"},"_links":{"self":[{"href":"https:\/\/nordicmart.andreevmaster.com\/sv\/wp-json\/wp\/v2\/product\/18599","targetHints":{"allow":["GET"]}}],"collection":[{"href":"https:\/\/nordicmart.andreevmaster.com\/sv\/wp-json\/wp\/v2\/product"}],"about":[{"href":"https:\/\/nordicmart.andreevmaster.com\/sv\/wp-json\/wp\/v2\/types\/product"}],"replies":[{"embeddable":true,"href":"https:\/\/nordicmart.andreevmaster.com\/sv\/wp-json\/wp\/v2\/comments?post=18599"}],"wp:featuredmedia":[{"embeddable":true,"href":"https:\/\/nordicmart.andreevmaster.com\/sv\/wp-json\/wp\/v2\/media\/45604"}],"wp:attachment":[{"href":"https:\/\/nordicmart.andreevmaster.com\/sv\/wp-json\/wp\/v2\/media?parent=18599"}],"wp:term":[{"taxonomy":"product_brand","embeddable":true,"href":"https:\/\/nordicmart.andreevmaster.com\/sv\/wp-json\/wp\/v2\/product_brand?post=18599"},{"taxonomy":"product_cat","embeddable":true,"href":"https:\/\/nordicmart.andreevmaster.com\/sv\/wp-json\/wp\/v2\/product_cat?post=18599"},{"taxonomy":"product_tag","embeddable":true,"href":"https:\/\/nordicmart.andreevmaster.com\/sv\/wp-json\/wp\/v2\/product_tag?post=18599"}],"curies":[{"name":"wp","href":"https:\/\/api.w.org\/{rel}","templated":true}]}}