{"id":18598,"date":"2026-02-27T00:40:39","date_gmt":"2026-02-27T00:40:39","guid":{"rendered":"https:\/\/nordicmart.andreevmaster.com\/product\/feandrea-hygienunderlagg-for-valpar-60-x-60-cm-100-st\/"},"modified":"2026-02-27T08:29:02","modified_gmt":"2026-02-27T08:29:02","slug":"feandrea-hygienunderlagg-for-valpar-60-x-60-cm-100-st","status":"publish","type":"product","link":"https:\/\/nordicmart.andreevmaster.com\/sv\/produkt\/feandrea-hygienunderlagg-for-valpar-60-x-60-cm-100-st\/","title":{"rendered":"Feandrea hygienunderl\u00e4gg f\u00f6r valpar 60 x 60 cm 100 st"},"content":{"rendered":"<p>Anv\u00e4ndningsanvisning: &#8211; L\u00e4gg hygienunderl\u00e4gget med den bl\u00e5 sidan ned\u00e5t p\u00e5 golvet eller i valptoaletten (p\u00e5 samma plats varje g\u00e5ng). &#8211; S\u00e4tt ditt husdjur p\u00e5 tr\u00e4ningsunderl\u00e4gget s\u00e5 snart det b\u00f6rjar sniffa p\u00e5 det. &#8211; S\u00e4tt ditt husdjur p\u00e5 underl\u00e4gget \u00e4ven om det har gjort sina behov p\u00e5 en annan plats. Ta bort avf\u00f6ring och urin s\u00e5 fort som m\u00f6jligt och ta bort lukten, annars kommer ditt husdjur att forts\u00e4tta g\u00f6ra sina behov p\u00e5 samma plats. &#8211; Varje g\u00e5ng ditt husdjur har gjort sina behov p\u00e5 underlaget b\u00f6r du bel\u00f6na det med dess favoritmat. Ytterligare information: &#8211; Skada inte underlagen med knivar eller andra vassa f\u00f6rem\u00e5l f\u00f6r att undvika att vattenabsorberande partiklar l\u00e4cker ut och p\u00e5verkar milj\u00f6n. Skador minskar dessutom produktens absorptionsf\u00f6rm\u00e5ga. &#8211; Se till att ditt husdjur inte tar Pee Pads i munnen. &#8211; H\u00e5ll barn borta fr\u00e5n tr\u00e4ningsunderlagen. Produkterna \u00e4r inte avsedda f\u00f6r m\u00e4nskligt bruk. &#8211; Kassera underlagen p\u00e5 r\u00e4tt s\u00e4tt efter anv\u00e4ndning f\u00f6r att undvika milj\u00f6belastning. &#8211; Tr\u00e4na ditt husdjur att g\u00f6ra sina behov s\u00e5 n\u00e4ra mitten av tr\u00e4ningsunderlaget som m\u00f6jligt. &#8211; Dessa hygienunderl\u00e4gg har inga klisterremsor, s\u00e5 du kan enkelt ta bort dem fr\u00e5n golvet och kasta dem. Produktdetaljer: &#8211; Total storlek: 60 x 60 cm &#8211; Storlek p\u00e5 den absorberande bomullsk\u00e4rnan: 54 x 54 cm Leveransomfattning: &#8211; 1 x l\u00e5da med kissunderl\u00e4gg (100 stycken)<\/p>\n","protected":false},"excerpt":{"rendered":"<p>Feandrea tr\u00e4ningsunderl\u00e4gg f\u00f6r valpar, valptr\u00e4ningsunderl\u00e4gg, valptoalett, valpunderl\u00e4gg, 60 x 60 cm, 100 stycken PTD60B<\/p>\n","protected":false},"featured_media":45603,"comment_status":"open","ping_status":"closed","template":"","meta":[],"product_brand":[],"product_cat":[33],"product_tag":[],"class_list":{"0":"post-18598","1":"product","2":"type-product","3":"status-publish","4":"has-post-thumbnail","6":"product_cat-okategoriserad","8":"first","9":"instock","10":"shipping-taxable","11":"purchasable","12":"product-type-simple"},"_links":{"self":[{"href":"https:\/\/nordicmart.andreevmaster.com\/sv\/wp-json\/wp\/v2\/product\/18598","targetHints":{"allow":["GET"]}}],"collection":[{"href":"https:\/\/nordicmart.andreevmaster.com\/sv\/wp-json\/wp\/v2\/product"}],"about":[{"href":"https:\/\/nordicmart.andreevmaster.com\/sv\/wp-json\/wp\/v2\/types\/product"}],"replies":[{"embeddable":true,"href":"https:\/\/nordicmart.andreevmaster.com\/sv\/wp-json\/wp\/v2\/comments?post=18598"}],"wp:featuredmedia":[{"embeddable":true,"href":"https:\/\/nordicmart.andreevmaster.com\/sv\/wp-json\/wp\/v2\/media\/45603"}],"wp:attachment":[{"href":"https:\/\/nordicmart.andreevmaster.com\/sv\/wp-json\/wp\/v2\/media?parent=18598"}],"wp:term":[{"taxonomy":"product_brand","embeddable":true,"href":"https:\/\/nordicmart.andreevmaster.com\/sv\/wp-json\/wp\/v2\/product_brand?post=18598"},{"taxonomy":"product_cat","embeddable":true,"href":"https:\/\/nordicmart.andreevmaster.com\/sv\/wp-json\/wp\/v2\/product_cat?post=18598"},{"taxonomy":"product_tag","embeddable":true,"href":"https:\/\/nordicmart.andreevmaster.com\/sv\/wp-json\/wp\/v2\/product_tag?post=18598"}],"curies":[{"name":"wp","href":"https:\/\/api.w.org\/{rel}","templated":true}]}}