{"id":18593,"date":"2026-02-27T00:40:37","date_gmt":"2026-02-27T00:40:37","guid":{"rendered":"https:\/\/nordicmart.andreevmaster.com\/product\/feandrea-valpunderlagg-tvattbara-122-x-61-cm-2-pack-halkfria-gra\/"},"modified":"2026-02-27T08:29:01","modified_gmt":"2026-02-27T08:29:01","slug":"feandrea-valpunderlagg-tvattbara-122-x-61-cm-2-pack-halkfria-gra","status":"publish","type":"product","link":"https:\/\/nordicmart.andreevmaster.com\/sv\/produkt\/feandrea-valpunderlagg-tvattbara-122-x-61-cm-2-pack-halkfria-gra\/","title":{"rendered":"Feandrea valpunderl\u00e4gg tv\u00e4ttbara 122 x 61 cm 2-pack halkfria gr\u00e5"},"content":{"rendered":"<p>Feandrea valpunderl\u00e4gg tv\u00e4ttbara, \u00e5teranv\u00e4ndbara mattor f\u00f6r hundar, 122 x 61 cm, 2-pack, L, hundtoalett, l\u00e4ckages\u00e4kra, halkfria, superabsorberande, marsvin, hamster, gr\u00e5 PTD024G01<br \/>\nF\u00e4rg: Gr\u00e5<br \/>\nMaterial<br \/>\nDet f\u00f6rsta lagret: Polyesterovertyta<br \/>\nDet andra lagret: Polyesterfyllning<br \/>\nTredje lagret: Vattent\u00e4tt TPU (termoplastisk polyuretan)<br \/>\nDet nedersta lagret: Polyester, gummiknoppar<br \/>\nStorlek: 122 x 61 cm (L x B)<br \/>\nVikt f\u00f6r 2 underl\u00e4gg: 0,8 kg<\/p>\n","protected":false},"excerpt":{"rendered":"<p>Feandrea valpunderl\u00e4gg tv\u00e4ttbara, \u00e5teranv\u00e4ndbara mattor f\u00f6r hundar, 122 x 61 cm, 2-pack, L, hundtoalett, l\u00e4ckages\u00e4kra, halkfria, superabsorberande, marsvin, hamster, gr\u00e5 PTD024G01<\/p>\n","protected":false},"featured_media":45598,"comment_status":"open","ping_status":"closed","template":"","meta":[],"product_brand":[],"product_cat":[33],"product_tag":[],"class_list":{"0":"post-18593","1":"product","2":"type-product","3":"status-publish","4":"has-post-thumbnail","6":"product_cat-okategoriserad","8":"first","9":"instock","10":"shipping-taxable","11":"purchasable","12":"product-type-simple"},"_links":{"self":[{"href":"https:\/\/nordicmart.andreevmaster.com\/sv\/wp-json\/wp\/v2\/product\/18593","targetHints":{"allow":["GET"]}}],"collection":[{"href":"https:\/\/nordicmart.andreevmaster.com\/sv\/wp-json\/wp\/v2\/product"}],"about":[{"href":"https:\/\/nordicmart.andreevmaster.com\/sv\/wp-json\/wp\/v2\/types\/product"}],"replies":[{"embeddable":true,"href":"https:\/\/nordicmart.andreevmaster.com\/sv\/wp-json\/wp\/v2\/comments?post=18593"}],"wp:featuredmedia":[{"embeddable":true,"href":"https:\/\/nordicmart.andreevmaster.com\/sv\/wp-json\/wp\/v2\/media\/45598"}],"wp:attachment":[{"href":"https:\/\/nordicmart.andreevmaster.com\/sv\/wp-json\/wp\/v2\/media?parent=18593"}],"wp:term":[{"taxonomy":"product_brand","embeddable":true,"href":"https:\/\/nordicmart.andreevmaster.com\/sv\/wp-json\/wp\/v2\/product_brand?post=18593"},{"taxonomy":"product_cat","embeddable":true,"href":"https:\/\/nordicmart.andreevmaster.com\/sv\/wp-json\/wp\/v2\/product_cat?post=18593"},{"taxonomy":"product_tag","embeddable":true,"href":"https:\/\/nordicmart.andreevmaster.com\/sv\/wp-json\/wp\/v2\/product_tag?post=18593"}],"curies":[{"name":"wp","href":"https:\/\/api.w.org\/{rel}","templated":true}]}}