{"id":18590,"date":"2026-02-27T00:40:36","date_gmt":"2026-02-27T00:40:36","guid":{"rendered":"https:\/\/nordicmart.andreevmaster.com\/product\/feandrea-valpunderlagg-tvattbara-2-pack-152-x-122-cm-duvgra\/"},"modified":"2026-02-27T08:29:01","modified_gmt":"2026-02-27T08:29:01","slug":"feandrea-valpunderlagg-tvattbara-2-pack-152-x-122-cm-duvgra","status":"publish","type":"product","link":"https:\/\/nordicmart.andreevmaster.com\/sv\/produkt\/feandrea-valpunderlagg-tvattbara-2-pack-152-x-122-cm-duvgra\/","title":{"rendered":"Feandrea valpunderl\u00e4gg tv\u00e4ttbara 2-pack 152 x 122 cm duvgr\u00e5"},"content":{"rendered":"<p>Feandrea hundmatta, 2-pack, \u00e5teranv\u00e4ndbar hundmatta, 61 x 46 cm, S, vattent\u00e4t, l\u00e4ckages\u00e4ker, halkfri, absorberande f\u00f6r hundar, katter, kaniner, duvgr\u00e5 PTD001G01<br \/>\nF\u00e4rg: Duvgr\u00e5<br \/>\nMaterial:<br \/>\n1:a lagret: 150 g\/m\u00b2 flanell<br \/>\n2:a lagret: Polyesterfyllning<br \/>\n3:e lager: Vattent\u00e4tt TPU (termoplastisk polyuretan)<br \/>\n4. lager: Polyester, halkfria gummiknoppar<br \/>\nStorlek p\u00e5 varje underlag: 152 x 122 cm (L x B)<br \/>\nTotalvikt: 2,7 kg<\/p>\n","protected":false},"excerpt":{"rendered":"<p>Feandrea hundmatta, 2-pack, \u00e5teranv\u00e4ndbar hundmatta, 61 x 46 cm, S, vattent\u00e4t, l\u00e4ckages\u00e4ker, halkfri, absorberande f\u00f6r hundar, katter, kaniner, duvgr\u00e5 PTD001G01<\/p>\n","protected":false},"featured_media":45595,"comment_status":"open","ping_status":"closed","template":"","meta":[],"product_brand":[],"product_cat":[33],"product_tag":[],"class_list":{"0":"post-18590","1":"product","2":"type-product","3":"status-publish","4":"has-post-thumbnail","6":"product_cat-okategoriserad","8":"first","9":"instock","10":"shipping-taxable","11":"purchasable","12":"product-type-simple"},"_links":{"self":[{"href":"https:\/\/nordicmart.andreevmaster.com\/sv\/wp-json\/wp\/v2\/product\/18590","targetHints":{"allow":["GET"]}}],"collection":[{"href":"https:\/\/nordicmart.andreevmaster.com\/sv\/wp-json\/wp\/v2\/product"}],"about":[{"href":"https:\/\/nordicmart.andreevmaster.com\/sv\/wp-json\/wp\/v2\/types\/product"}],"replies":[{"embeddable":true,"href":"https:\/\/nordicmart.andreevmaster.com\/sv\/wp-json\/wp\/v2\/comments?post=18590"}],"wp:featuredmedia":[{"embeddable":true,"href":"https:\/\/nordicmart.andreevmaster.com\/sv\/wp-json\/wp\/v2\/media\/45595"}],"wp:attachment":[{"href":"https:\/\/nordicmart.andreevmaster.com\/sv\/wp-json\/wp\/v2\/media?parent=18590"}],"wp:term":[{"taxonomy":"product_brand","embeddable":true,"href":"https:\/\/nordicmart.andreevmaster.com\/sv\/wp-json\/wp\/v2\/product_brand?post=18590"},{"taxonomy":"product_cat","embeddable":true,"href":"https:\/\/nordicmart.andreevmaster.com\/sv\/wp-json\/wp\/v2\/product_cat?post=18590"},{"taxonomy":"product_tag","embeddable":true,"href":"https:\/\/nordicmart.andreevmaster.com\/sv\/wp-json\/wp\/v2\/product_tag?post=18590"}],"curies":[{"name":"wp","href":"https:\/\/api.w.org\/{rel}","templated":true}]}}