{"id":18585,"date":"2026-02-27T00:40:35","date_gmt":"2026-02-27T00:40:35","guid":{"rendered":"https:\/\/nordicmart.andreevmaster.com\/product\/feandrea-forhojd-hundskal-med-stativ-och-lada\/"},"modified":"2026-02-27T08:29:00","modified_gmt":"2026-02-27T08:29:00","slug":"feandrea-forhojd-hundskal-med-stativ-och-lada","status":"publish","type":"product","link":"https:\/\/nordicmart.andreevmaster.com\/sv\/produkt\/feandrea-forhojd-hundskal-med-stativ-och-lada\/","title":{"rendered":"Feandrea f\u00f6rh\u00f6jd hundsk\u00e5l med stativ och l\u00e5da"},"content":{"rendered":"<p>Feandrea f\u00f6rh\u00f6jd hundsk\u00e5l, f\u00f6r stora hundar, matsk\u00e5l med stativ, f\u00f6rh\u00f6jd matsk\u00e5l med l\u00e5da, matstation, 2 sk\u00e5lar, 39 cm h\u00f6g<br \/>\nF\u00e4rg: Vintagebrun-svart<br \/>\nMaterial: sp\u00e5nskiva, st\u00e5l, rostfritt st\u00e5l<br \/>\nStorlek: 42 x 34,3 x 39 cm (L x B x H)<br \/>\nVikt: 6,4 kg<\/p>\n","protected":false},"excerpt":{"rendered":"<p>Feandrea f\u00f6rh\u00f6jd hundsk\u00e5l, f\u00f6r stora hundar, matsk\u00e5l med stativ, f\u00f6rh\u00f6jd matsk\u00e5l med l\u00e5da, matstation, 2 sk\u00e5lar, 39 cm h\u00f6g<\/p>\n","protected":false},"featured_media":45590,"comment_status":"open","ping_status":"closed","template":"","meta":[],"product_brand":[],"product_cat":[33],"product_tag":[],"class_list":{"0":"post-18585","1":"product","2":"type-product","3":"status-publish","4":"has-post-thumbnail","6":"product_cat-okategoriserad","8":"first","9":"instock","10":"shipping-taxable","11":"purchasable","12":"product-type-simple"},"_links":{"self":[{"href":"https:\/\/nordicmart.andreevmaster.com\/sv\/wp-json\/wp\/v2\/product\/18585","targetHints":{"allow":["GET"]}}],"collection":[{"href":"https:\/\/nordicmart.andreevmaster.com\/sv\/wp-json\/wp\/v2\/product"}],"about":[{"href":"https:\/\/nordicmart.andreevmaster.com\/sv\/wp-json\/wp\/v2\/types\/product"}],"replies":[{"embeddable":true,"href":"https:\/\/nordicmart.andreevmaster.com\/sv\/wp-json\/wp\/v2\/comments?post=18585"}],"wp:featuredmedia":[{"embeddable":true,"href":"https:\/\/nordicmart.andreevmaster.com\/sv\/wp-json\/wp\/v2\/media\/45590"}],"wp:attachment":[{"href":"https:\/\/nordicmart.andreevmaster.com\/sv\/wp-json\/wp\/v2\/media?parent=18585"}],"wp:term":[{"taxonomy":"product_brand","embeddable":true,"href":"https:\/\/nordicmart.andreevmaster.com\/sv\/wp-json\/wp\/v2\/product_brand?post=18585"},{"taxonomy":"product_cat","embeddable":true,"href":"https:\/\/nordicmart.andreevmaster.com\/sv\/wp-json\/wp\/v2\/product_cat?post=18585"},{"taxonomy":"product_tag","embeddable":true,"href":"https:\/\/nordicmart.andreevmaster.com\/sv\/wp-json\/wp\/v2\/product_tag?post=18585"}],"curies":[{"name":"wp","href":"https:\/\/api.w.org\/{rel}","templated":true}]}}