{"id":18584,"date":"2026-02-27T00:40:35","date_gmt":"2026-02-27T00:40:35","guid":{"rendered":"https:\/\/nordicmart.andreevmaster.com\/product\/feandrea-hundskalar-med-stativ\/"},"modified":"2026-02-27T08:28:59","modified_gmt":"2026-02-27T08:28:59","slug":"feandrea-hundskalar-med-stativ","status":"publish","type":"product","link":"https:\/\/nordicmart.andreevmaster.com\/sv\/produkt\/feandrea-hundskalar-med-stativ\/","title":{"rendered":"Feandrea hundsk\u00e5lar med stativ"},"content":{"rendered":"<p>Feandrea Raised Bowls, bambuupph\u00f6jd sk\u00e5lst\u00e4llning f\u00f6r hund, katt, 18 cm h\u00f6g, 15\u00b0 lutning, halkskyddsdesign, med 2 avtagbara sk\u00e5lar i rostfritt st\u00e5l, naturlig PRB02N<\/p>\n","protected":false},"excerpt":{"rendered":"<p>Feandrea Raised Bowls, bambuupph\u00f6jd sk\u00e5lst\u00e4llning f\u00f6r hund, katt, 18 cm h\u00f6g, 15\u00b0 lutning, halkskyddsdesign, med 2 avtagbara sk\u00e5lar i rostfritt st\u00e5l, naturlig PRB02N<\/p>\n","protected":false},"featured_media":45589,"comment_status":"open","ping_status":"closed","template":"","meta":[],"product_brand":[],"product_cat":[33],"product_tag":[],"class_list":{"0":"post-18584","1":"product","2":"type-product","3":"status-publish","4":"has-post-thumbnail","6":"product_cat-okategoriserad","8":"first","9":"instock","10":"shipping-taxable","11":"purchasable","12":"product-type-simple"},"_links":{"self":[{"href":"https:\/\/nordicmart.andreevmaster.com\/sv\/wp-json\/wp\/v2\/product\/18584","targetHints":{"allow":["GET"]}}],"collection":[{"href":"https:\/\/nordicmart.andreevmaster.com\/sv\/wp-json\/wp\/v2\/product"}],"about":[{"href":"https:\/\/nordicmart.andreevmaster.com\/sv\/wp-json\/wp\/v2\/types\/product"}],"replies":[{"embeddable":true,"href":"https:\/\/nordicmart.andreevmaster.com\/sv\/wp-json\/wp\/v2\/comments?post=18584"}],"wp:featuredmedia":[{"embeddable":true,"href":"https:\/\/nordicmart.andreevmaster.com\/sv\/wp-json\/wp\/v2\/media\/45589"}],"wp:attachment":[{"href":"https:\/\/nordicmart.andreevmaster.com\/sv\/wp-json\/wp\/v2\/media?parent=18584"}],"wp:term":[{"taxonomy":"product_brand","embeddable":true,"href":"https:\/\/nordicmart.andreevmaster.com\/sv\/wp-json\/wp\/v2\/product_brand?post=18584"},{"taxonomy":"product_cat","embeddable":true,"href":"https:\/\/nordicmart.andreevmaster.com\/sv\/wp-json\/wp\/v2\/product_cat?post=18584"},{"taxonomy":"product_tag","embeddable":true,"href":"https:\/\/nordicmart.andreevmaster.com\/sv\/wp-json\/wp\/v2\/product_tag?post=18584"}],"curies":[{"name":"wp","href":"https:\/\/api.w.org\/{rel}","templated":true}]}}