{"id":18583,"date":"2026-02-27T00:40:35","date_gmt":"2026-02-27T00:40:35","guid":{"rendered":"https:\/\/nordicmart.andreevmaster.com\/product\/feandrea-hundskal-med-bambustall-2-matskalar-for-prb01n\/"},"modified":"2026-02-27T08:28:59","modified_gmt":"2026-02-27T08:28:59","slug":"feandrea-hundskal-med-bambustall-2-matskalar-for-prb01n","status":"publish","type":"product","link":"https:\/\/nordicmart.andreevmaster.com\/sv\/produkt\/feandrea-hundskal-med-bambustall-2-matskalar-for-prb01n\/","title":{"rendered":"Feandrea hundsk\u00e5l med bambust\u00e4ll 2 matsk\u00e5lar f\u00f6r PRB01N"},"content":{"rendered":"<p>Produktdetaljer: F\u00e4rg: bambuf\u00e4rgad, silver Material: bambu, 304 rostfritt st\u00e5l Storlek: 35 x 20 x 10 cm (L x B x H) Vikt: 0,8 kg Leveransomfattning: 1 x matsk\u00e5l 1 x tillbeh\u00f6rspaket 1 x bruksanvisning (DE, EN, IT, FR, ES) FEANDREA Anm\u00e4rkningar:P\u00e5 grund av lutningsvinkeln \u00e4r det inte m\u00f6jligt att fylla sk\u00e5larna helt. Fyll dem endast till 3\/4 f\u00f6r att f\u00f6rhindra att vatten spiller \u00f6ver eller mat faller ut. Ta bort vatten- eller matrester p\u00e5 bambustativet s\u00e5 fort som m\u00f6jligt. Det b\u00f6r alltid vara torrt och rent f\u00f6r att motverka bakterietillv\u00e4xt. N\u00e4r du packar upp produkten kan den ha en \u201dny\u201d lukt. Oroa dig inte, lacken som anv\u00e4nds \u00e4r s\u00e4ker. Placera produkten p\u00e5 en v\u00e4l ventilerad plats s\u00e5 f\u00f6rsvinner lukten inom n\u00e5gra timmar. Halkskydd medf\u00f6ljer s\u00e5 att sk\u00e5len inte glider. F\u00f6rvara reservskydden p\u00e5 en s\u00e4ker plats s\u00e5 att ditt husdjur inte kan sv\u00e4lja dem.<\/p>\n","protected":false},"excerpt":{"rendered":"<p>Feandrea hundsk\u00e5l med bambust\u00e4ll, 2 matsk\u00e5lar f\u00f6r hundar och katter PRB01N<\/p>\n","protected":false},"featured_media":45588,"comment_status":"open","ping_status":"closed","template":"","meta":[],"product_brand":[],"product_cat":[33],"product_tag":[],"class_list":{"0":"post-18583","1":"product","2":"type-product","3":"status-publish","4":"has-post-thumbnail","6":"product_cat-okategoriserad","8":"first","9":"instock","10":"shipping-taxable","11":"purchasable","12":"product-type-simple"},"_links":{"self":[{"href":"https:\/\/nordicmart.andreevmaster.com\/sv\/wp-json\/wp\/v2\/product\/18583","targetHints":{"allow":["GET"]}}],"collection":[{"href":"https:\/\/nordicmart.andreevmaster.com\/sv\/wp-json\/wp\/v2\/product"}],"about":[{"href":"https:\/\/nordicmart.andreevmaster.com\/sv\/wp-json\/wp\/v2\/types\/product"}],"replies":[{"embeddable":true,"href":"https:\/\/nordicmart.andreevmaster.com\/sv\/wp-json\/wp\/v2\/comments?post=18583"}],"wp:featuredmedia":[{"embeddable":true,"href":"https:\/\/nordicmart.andreevmaster.com\/sv\/wp-json\/wp\/v2\/media\/45588"}],"wp:attachment":[{"href":"https:\/\/nordicmart.andreevmaster.com\/sv\/wp-json\/wp\/v2\/media?parent=18583"}],"wp:term":[{"taxonomy":"product_brand","embeddable":true,"href":"https:\/\/nordicmart.andreevmaster.com\/sv\/wp-json\/wp\/v2\/product_brand?post=18583"},{"taxonomy":"product_cat","embeddable":true,"href":"https:\/\/nordicmart.andreevmaster.com\/sv\/wp-json\/wp\/v2\/product_cat?post=18583"},{"taxonomy":"product_tag","embeddable":true,"href":"https:\/\/nordicmart.andreevmaster.com\/sv\/wp-json\/wp\/v2\/product_tag?post=18583"}],"curies":[{"name":"wp","href":"https:\/\/api.w.org\/{rel}","templated":true}]}}