{"id":18582,"date":"2026-02-27T00:40:34","date_gmt":"2026-02-27T00:40:34","guid":{"rendered":"https:\/\/nordicmart.andreevmaster.com\/product\/feandrea-hoj-och-sankbara-matskalar\/"},"modified":"2026-02-27T08:28:59","modified_gmt":"2026-02-27T08:28:59","slug":"feandrea-hoj-och-sankbara-matskalar","status":"publish","type":"product","link":"https:\/\/nordicmart.andreevmaster.com\/sv\/produkt\/feandrea-hoj-och-sankbara-matskalar\/","title":{"rendered":"Feandrea H\u00f6j- och s\u00e4nkbara matsk\u00e5lar"},"content":{"rendered":"<p>S\u00e5 m\u00e5r din p\u00e4lskling bra Sk\u00e4m bort din fluffiga v\u00e4n med denna upph\u00f6jda matsk\u00e5l och ge den en unik matupplevelse. Tack vare den 3-faldiga h\u00f6jdjusteringen (6 cm, 16 cm och 20 cm) passar denna sk\u00e5l f\u00f6r katter, valpar och sm\u00e5 till medelstora hundraser. F\u00f6r en ren matplats I leveransen ing\u00e5r 2 matsk\u00e5lar i rostfritt st\u00e5l, s\u00e5 att du enkelt kan separera vatten och torrfoder. Dessutom finns det tack vare matsk\u00e5larnas h\u00f6jd ingen st\u00f6rre risk att din lilla \u00e4lskling smutsar ner hela golvet med hundmat. Matsk\u00e5len med bambust\u00e4llning \u00e4r dessutom mycket l\u00e4tt att reng\u00f6ra. Produktdetaljer: &#8211; F\u00e4rg: bambuf\u00e4rgad, silver &#8211; Material: bambu, 304 rostfritt st\u00e5l &#8211; Storlek: 40 x 22 x 6\/16\/20 cm (L x B x H) &#8211; Vikt: 1,8 kg Leveransomfattning:- 1 x matsk\u00e5l &#8211; 1 x tillbeh\u00f6rspaket &#8211; 1 x bruksanvisning (DE, EN, IT, FR, ES) FEANDREA Anm\u00e4rkningar: &#8211; Denna produkt kan monteras i tre olika h\u00f6jder (6 cm, 16 cm och 20 cm), s\u00e5 att den passar husdjur av olika storlek.- Torka bort vatten eller matrester fr\u00e5n bambustativet s\u00e5 fort som m\u00f6jligt. Det ska alltid vara torrt och rent f\u00f6r att undvika bakterietillv\u00e4xt. &#8211; N\u00e4r du packar upp produkten kan den ha en \u201dny\u201d lukt. Oroa dig inte, lacken som anv\u00e4nds \u00e4r s\u00e4ker. Placera produkten p\u00e5 en v\u00e4l ventilerad plats s\u00e5 f\u00f6rsvinner lukten inom n\u00e5gra timmar.<\/p>\n","protected":false},"excerpt":{"rendered":"<p>Feandrea hundsk\u00e5l katter, 2 matsk\u00e5lar, bambu, h\u00f6jdjusterbar PRB004N01<\/p>\n","protected":false},"featured_media":45587,"comment_status":"open","ping_status":"closed","template":"","meta":[],"product_brand":[],"product_cat":[33],"product_tag":[],"class_list":{"0":"post-18582","1":"product","2":"type-product","3":"status-publish","4":"has-post-thumbnail","6":"product_cat-okategoriserad","8":"first","9":"instock","10":"shipping-taxable","11":"purchasable","12":"product-type-simple"},"_links":{"self":[{"href":"https:\/\/nordicmart.andreevmaster.com\/sv\/wp-json\/wp\/v2\/product\/18582","targetHints":{"allow":["GET"]}}],"collection":[{"href":"https:\/\/nordicmart.andreevmaster.com\/sv\/wp-json\/wp\/v2\/product"}],"about":[{"href":"https:\/\/nordicmart.andreevmaster.com\/sv\/wp-json\/wp\/v2\/types\/product"}],"replies":[{"embeddable":true,"href":"https:\/\/nordicmart.andreevmaster.com\/sv\/wp-json\/wp\/v2\/comments?post=18582"}],"wp:featuredmedia":[{"embeddable":true,"href":"https:\/\/nordicmart.andreevmaster.com\/sv\/wp-json\/wp\/v2\/media\/45587"}],"wp:attachment":[{"href":"https:\/\/nordicmart.andreevmaster.com\/sv\/wp-json\/wp\/v2\/media?parent=18582"}],"wp:term":[{"taxonomy":"product_brand","embeddable":true,"href":"https:\/\/nordicmart.andreevmaster.com\/sv\/wp-json\/wp\/v2\/product_brand?post=18582"},{"taxonomy":"product_cat","embeddable":true,"href":"https:\/\/nordicmart.andreevmaster.com\/sv\/wp-json\/wp\/v2\/product_cat?post=18582"},{"taxonomy":"product_tag","embeddable":true,"href":"https:\/\/nordicmart.andreevmaster.com\/sv\/wp-json\/wp\/v2\/product_tag?post=18582"}],"curies":[{"name":"wp","href":"https:\/\/api.w.org\/{rel}","templated":true}]}}