{"id":18581,"date":"2026-02-27T00:40:34","date_gmt":"2026-02-27T00:40:34","guid":{"rendered":"https:\/\/nordicmart.andreevmaster.com\/product\/feandrea-kattlada-i-rostfritt-stal-med-skopa-och-borste-cappuccinobeige\/"},"modified":"2026-02-27T08:28:59","modified_gmt":"2026-02-27T08:28:59","slug":"feandrea-kattlada-i-rostfritt-stal-med-skopa-och-borste-cappuccinobeige","status":"publish","type":"product","link":"https:\/\/nordicmart.andreevmaster.com\/sv\/produkt\/feandrea-kattlada-i-rostfritt-stal-med-skopa-och-borste-cappuccinobeige\/","title":{"rendered":"Feandrea kattl\u00e5da i rostfritt st\u00e5l med skopa och borste, cappuccinobeige"},"content":{"rendered":"<p>Feandrea kattl\u00e5da i rostfritt st\u00e5l, XL, katttoalett med lock, med skopa, borste och 2 ing\u00e5ngar, f\u00f6r katter upp till 15 kg, duvgr\u00e5 PPT005G01<br \/>\nF\u00e4rg: Cappuccinobeige<br \/>\nMaterial: Rostfritt st\u00e5l, PP (polypropen)<br \/>\nStorlek: 61 x 41 x 36,5 cm (L x B x H)<br \/>\nVikt: 3,1 kg<br \/>\nMax. statisk belastningskapacitet p\u00e5 ovansidan: 15 kg<\/p>\n","protected":false},"excerpt":{"rendered":"<p>Feandrea kattl\u00e5da i rostfritt st\u00e5l, XL, katttoalett med lock, med skopa, borste och 2 ing\u00e5ngar, f\u00f6r katter upp till 15 kg, duvgr\u00e5 PPT005G01<\/p>\n","protected":false},"featured_media":45586,"comment_status":"open","ping_status":"closed","template":"","meta":[],"product_brand":[],"product_cat":[33],"product_tag":[],"class_list":{"0":"post-18581","1":"product","2":"type-product","3":"status-publish","4":"has-post-thumbnail","6":"product_cat-okategoriserad","8":"first","9":"instock","10":"shipping-taxable","11":"purchasable","12":"product-type-simple"},"_links":{"self":[{"href":"https:\/\/nordicmart.andreevmaster.com\/sv\/wp-json\/wp\/v2\/product\/18581","targetHints":{"allow":["GET"]}}],"collection":[{"href":"https:\/\/nordicmart.andreevmaster.com\/sv\/wp-json\/wp\/v2\/product"}],"about":[{"href":"https:\/\/nordicmart.andreevmaster.com\/sv\/wp-json\/wp\/v2\/types\/product"}],"replies":[{"embeddable":true,"href":"https:\/\/nordicmart.andreevmaster.com\/sv\/wp-json\/wp\/v2\/comments?post=18581"}],"wp:featuredmedia":[{"embeddable":true,"href":"https:\/\/nordicmart.andreevmaster.com\/sv\/wp-json\/wp\/v2\/media\/45586"}],"wp:attachment":[{"href":"https:\/\/nordicmart.andreevmaster.com\/sv\/wp-json\/wp\/v2\/media?parent=18581"}],"wp:term":[{"taxonomy":"product_brand","embeddable":true,"href":"https:\/\/nordicmart.andreevmaster.com\/sv\/wp-json\/wp\/v2\/product_brand?post=18581"},{"taxonomy":"product_cat","embeddable":true,"href":"https:\/\/nordicmart.andreevmaster.com\/sv\/wp-json\/wp\/v2\/product_cat?post=18581"},{"taxonomy":"product_tag","embeddable":true,"href":"https:\/\/nordicmart.andreevmaster.com\/sv\/wp-json\/wp\/v2\/product_tag?post=18581"}],"curies":[{"name":"wp","href":"https:\/\/api.w.org\/{rel}","templated":true}]}}