{"id":18579,"date":"2026-02-27T00:40:34","date_gmt":"2026-02-27T00:40:34","guid":{"rendered":"https:\/\/nordicmart.andreevmaster.com\/product\/feandrea-kattlada-stor-med-hoga-sidovaggar-och-skopa-sandbeige\/"},"modified":"2026-02-27T08:28:58","modified_gmt":"2026-02-27T08:28:58","slug":"feandrea-kattlada-stor-med-hoga-sidovaggar-och-skopa-sandbeige","status":"publish","type":"product","link":"https:\/\/nordicmart.andreevmaster.com\/sv\/produkt\/feandrea-kattlada-stor-med-hoga-sidovaggar-och-skopa-sandbeige\/","title":{"rendered":"Feandrea kattl\u00e5da stor med h\u00f6ga sidov\u00e4ggar och skopa sandbeige"},"content":{"rendered":"<p>Feandrea kl\u00e4ttertr\u00e4d, med sj\u00e4lvuppv\u00e4rmande t\u00e4cken, f\u00f6r stora katter, kattkl\u00e4ttertr\u00e4d, 2 kattborstar, 9 \u00d8 11,1 cm tjocka stammar, stora plattformar, grotta<br \/>\nF\u00e4rg: Sandbeige<br \/>\nMaterial: PP-plast (polypropen)<br \/>\nStorlek: 64 x 76 x 33 cm (L x B x H)<br \/>\nVikt: 2,8 kg<\/p>\n","protected":false},"excerpt":{"rendered":"<p>Feandrea kl\u00e4ttertr\u00e4d, med sj\u00e4lvuppv\u00e4rmande t\u00e4cken, f\u00f6r stora katter, kattkl\u00e4ttertr\u00e4d, 2 kattborstar, 9 \u00d8 11,1 cm tjocka stammar, stora plattformar, grotta<\/p>\n","protected":false},"featured_media":45584,"comment_status":"open","ping_status":"closed","template":"","meta":[],"product_brand":[],"product_cat":[33],"product_tag":[],"class_list":{"0":"post-18579","1":"product","2":"type-product","3":"status-publish","4":"has-post-thumbnail","6":"product_cat-okategoriserad","8":"first","9":"instock","10":"shipping-taxable","11":"purchasable","12":"product-type-simple"},"_links":{"self":[{"href":"https:\/\/nordicmart.andreevmaster.com\/sv\/wp-json\/wp\/v2\/product\/18579","targetHints":{"allow":["GET"]}}],"collection":[{"href":"https:\/\/nordicmart.andreevmaster.com\/sv\/wp-json\/wp\/v2\/product"}],"about":[{"href":"https:\/\/nordicmart.andreevmaster.com\/sv\/wp-json\/wp\/v2\/types\/product"}],"replies":[{"embeddable":true,"href":"https:\/\/nordicmart.andreevmaster.com\/sv\/wp-json\/wp\/v2\/comments?post=18579"}],"wp:featuredmedia":[{"embeddable":true,"href":"https:\/\/nordicmart.andreevmaster.com\/sv\/wp-json\/wp\/v2\/media\/45584"}],"wp:attachment":[{"href":"https:\/\/nordicmart.andreevmaster.com\/sv\/wp-json\/wp\/v2\/media?parent=18579"}],"wp:term":[{"taxonomy":"product_brand","embeddable":true,"href":"https:\/\/nordicmart.andreevmaster.com\/sv\/wp-json\/wp\/v2\/product_brand?post=18579"},{"taxonomy":"product_cat","embeddable":true,"href":"https:\/\/nordicmart.andreevmaster.com\/sv\/wp-json\/wp\/v2\/product_cat?post=18579"},{"taxonomy":"product_tag","embeddable":true,"href":"https:\/\/nordicmart.andreevmaster.com\/sv\/wp-json\/wp\/v2\/product_tag?post=18579"}],"curies":[{"name":"wp","href":"https:\/\/api.w.org\/{rel}","templated":true}]}}