{"id":18577,"date":"2026-02-27T00:40:33","date_gmt":"2026-02-27T00:40:33","guid":{"rendered":"https:\/\/nordicmart.andreevmaster.com\/product\/feandrea-kattlada-med-hoga-sidovaggar-duvgra\/"},"modified":"2026-02-27T08:28:58","modified_gmt":"2026-02-27T08:28:58","slug":"feandrea-kattlada-med-hoga-sidovaggar-duvgra","status":"publish","type":"product","link":"https:\/\/nordicmart.andreevmaster.com\/sv\/produkt\/feandrea-kattlada-med-hoga-sidovaggar-duvgra\/","title":{"rendered":"Feandrea kattl\u00e5da med h\u00f6ga sidov\u00e4ggar, duvgr\u00e5"},"content":{"rendered":"<p>Feandrea kattl\u00e5da, extra stor katttoalett, med h\u00f6ga sidov\u00e4ggar, kattstr\u00f6matta, f\u00f6rvaringsbox, skopa, f\u00f6r stora katter, duvgr\u00e5 PPT003G01<br \/>\nF\u00e4rg: Duvgr\u00e5<br \/>\nMaterial: PP-plast (polypropen)<br \/>\nStorlek: 64 x 76 x 33 cm (L x B x H)<br \/>\nVikt: 2,8 kg<\/p>\n","protected":false},"excerpt":{"rendered":"<p>Feandrea kattl\u00e5da, extra stor katttoalett, med h\u00f6ga sidov\u00e4ggar, kattstr\u00f6matta, f\u00f6rvaringsbox, skopa, f\u00f6r stora katter, duvgr\u00e5 PPT003G01<\/p>\n","protected":false},"featured_media":45582,"comment_status":"open","ping_status":"closed","template":"","meta":[],"product_brand":[],"product_cat":[33],"product_tag":[],"class_list":{"0":"post-18577","1":"product","2":"type-product","3":"status-publish","4":"has-post-thumbnail","6":"product_cat-okategoriserad","8":"first","9":"instock","10":"shipping-taxable","11":"purchasable","12":"product-type-simple"},"_links":{"self":[{"href":"https:\/\/nordicmart.andreevmaster.com\/sv\/wp-json\/wp\/v2\/product\/18577","targetHints":{"allow":["GET"]}}],"collection":[{"href":"https:\/\/nordicmart.andreevmaster.com\/sv\/wp-json\/wp\/v2\/product"}],"about":[{"href":"https:\/\/nordicmart.andreevmaster.com\/sv\/wp-json\/wp\/v2\/types\/product"}],"replies":[{"embeddable":true,"href":"https:\/\/nordicmart.andreevmaster.com\/sv\/wp-json\/wp\/v2\/comments?post=18577"}],"wp:featuredmedia":[{"embeddable":true,"href":"https:\/\/nordicmart.andreevmaster.com\/sv\/wp-json\/wp\/v2\/media\/45582"}],"wp:attachment":[{"href":"https:\/\/nordicmart.andreevmaster.com\/sv\/wp-json\/wp\/v2\/media?parent=18577"}],"wp:term":[{"taxonomy":"product_brand","embeddable":true,"href":"https:\/\/nordicmart.andreevmaster.com\/sv\/wp-json\/wp\/v2\/product_brand?post=18577"},{"taxonomy":"product_cat","embeddable":true,"href":"https:\/\/nordicmart.andreevmaster.com\/sv\/wp-json\/wp\/v2\/product_cat?post=18577"},{"taxonomy":"product_tag","embeddable":true,"href":"https:\/\/nordicmart.andreevmaster.com\/sv\/wp-json\/wp\/v2\/product_tag?post=18577"}],"curies":[{"name":"wp","href":"https:\/\/api.w.org\/{rel}","templated":true}]}}