{"id":18573,"date":"2026-02-27T00:40:32","date_gmt":"2026-02-27T00:40:32","guid":{"rendered":"https:\/\/nordicmart.andreevmaster.com\/product\/feandrea-kattlada-med-lock-och-skopa-rymlig-vit-pastellrosa\/"},"modified":"2026-02-27T08:28:57","modified_gmt":"2026-02-27T08:28:57","slug":"feandrea-kattlada-med-lock-och-skopa-rymlig-vit-pastellrosa","status":"publish","type":"product","link":"https:\/\/nordicmart.andreevmaster.com\/sv\/produkt\/feandrea-kattlada-med-lock-och-skopa-rymlig-vit-pastellrosa\/","title":{"rendered":"Feandrea kattl\u00e5da med lock och skopa, rymlig, vit-pastellrosa"},"content":{"rendered":"<p>Feandrea kattl\u00e5da, katttoalett, med lock, f\u00f6r katter upp till 15 kg, havregrynf\u00e4rgad-varmgr\u00e5<br \/>\nF\u00e4rg: Vit-pastellrosa<br \/>\nMaterial: PP (polypropen), PC (polykarbonat)<br \/>\nStorlek: 54,3 x 42,5 x 37,8 cm (L x B x H)<br \/>\nVikt: 3,4 kg<br \/>\nMax. statisk belastningskapacitet p\u00e5 ovansidan: 15 kg<\/p>\n","protected":false},"excerpt":{"rendered":"<p>Feandrea kattl\u00e5da, katttoalett, med lock, f\u00f6r katter upp till 15 kg, havregrynf\u00e4rgad-varmgr\u00e5<\/p>\n","protected":false},"featured_media":45578,"comment_status":"open","ping_status":"closed","template":"","meta":[],"product_brand":[],"product_cat":[33],"product_tag":[],"class_list":{"0":"post-18573","1":"product","2":"type-product","3":"status-publish","4":"has-post-thumbnail","6":"product_cat-okategoriserad","8":"first","9":"instock","10":"shipping-taxable","11":"purchasable","12":"product-type-simple"},"_links":{"self":[{"href":"https:\/\/nordicmart.andreevmaster.com\/sv\/wp-json\/wp\/v2\/product\/18573","targetHints":{"allow":["GET"]}}],"collection":[{"href":"https:\/\/nordicmart.andreevmaster.com\/sv\/wp-json\/wp\/v2\/product"}],"about":[{"href":"https:\/\/nordicmart.andreevmaster.com\/sv\/wp-json\/wp\/v2\/types\/product"}],"replies":[{"embeddable":true,"href":"https:\/\/nordicmart.andreevmaster.com\/sv\/wp-json\/wp\/v2\/comments?post=18573"}],"wp:featuredmedia":[{"embeddable":true,"href":"https:\/\/nordicmart.andreevmaster.com\/sv\/wp-json\/wp\/v2\/media\/45578"}],"wp:attachment":[{"href":"https:\/\/nordicmart.andreevmaster.com\/sv\/wp-json\/wp\/v2\/media?parent=18573"}],"wp:term":[{"taxonomy":"product_brand","embeddable":true,"href":"https:\/\/nordicmart.andreevmaster.com\/sv\/wp-json\/wp\/v2\/product_brand?post=18573"},{"taxonomy":"product_cat","embeddable":true,"href":"https:\/\/nordicmart.andreevmaster.com\/sv\/wp-json\/wp\/v2\/product_cat?post=18573"},{"taxonomy":"product_tag","embeddable":true,"href":"https:\/\/nordicmart.andreevmaster.com\/sv\/wp-json\/wp\/v2\/product_tag?post=18573"}],"curies":[{"name":"wp","href":"https:\/\/api.w.org\/{rel}","templated":true}]}}