{"id":18572,"date":"2026-02-27T00:40:32","date_gmt":"2026-02-27T00:40:32","guid":{"rendered":"https:\/\/nordicmart.andreevmaster.com\/product\/feandrea-kattlada-med-lock\/"},"modified":"2026-02-27T08:28:57","modified_gmt":"2026-02-27T08:28:57","slug":"feandrea-kattlada-med-lock","status":"publish","type":"product","link":"https:\/\/nordicmart.andreevmaster.com\/sv\/produkt\/feandrea-kattlada-med-lock\/","title":{"rendered":"Feandrea kattl\u00e5da med lock"},"content":{"rendered":"<p>G\u00f6r alla katter n\u00f6jda &#8211; F\u00f6r skygga katter: Den slutna designen ger din katt avskildhet. &#8211; F\u00f6r st\u00f6rre eller tjocka katter: Denna kattl\u00e5da med topp\u00f6ppning \u00e4r rymlig inuti och toppen t\u00e5l upp till 15 kg. &#8211; F\u00f6r &#8221;gr\u00e4vare&#8221;: De h\u00f6ga v\u00e4ggarna och den l\u00e4ckages\u00e4kra designen f\u00f6rhindrar att kattsand flyger ut p\u00e5 golvet. &#8211; F\u00f6r katter som bor tillsammans med hundar: En d\u00f6rr h\u00e5ller nyfikna hundar ute. Det underl\u00e4ttar ocks\u00e5 f\u00f6r \u00e4garen. &#8211; Enkel montering: Kattl\u00e5dan \u00e4r klar att anv\u00e4ndas p\u00e5 bara 5 minuter. &#8211; F\u00e4rre sp\u00e5r: Gallerp\u00e5s\u00e4ttningen h\u00e5ller str\u00f6et i l\u00e5dan och underl\u00e4ttar ditt arbete. &#8211; Inget l\u00e4ckage: En f\u00f6rl\u00e4ngd kant ovanf\u00f6r l\u00e5dan och en sluten botten under f\u00f6rhindrar att kattsand eller urin hamnar p\u00e5 golvet. &#8211; Enkel reng\u00f6ring: Den h\u00f6gblanka ytan \u00e4r smutsavvisande och l\u00e4tt att reng\u00f6ra. Den medf\u00f6ljande spaden och borsten \u00e4r ocks\u00e5 till hj\u00e4lp. &#8211; Hopf\u00e4llbar och b\u00e4rbar: N\u00e4r den inte anv\u00e4nds eller vid flytt kan kattl\u00e5dan f\u00e4llas ihop f\u00f6r att spara plats och utan anstr\u00e4ngning. Produktdetaljer:- F\u00e4rg: Havregrynsf\u00e4rgad-Varmgr\u00e5- Material: PP (polypropen), PC (polykarbonat)- Storlek: 42,5 x 54,3 x 37,8 cm (L x B x H)- Vikt: 3,4 kg- Max. statisk belastningskapacitet p\u00e5 ovansidan: 15 kgLeveransomfattning:- 1 x kattl\u00e5da &#8211; 1 x kattstr\u00f6skopa &#8211; 1 x borste &#8211; 1 x bruksanvisning FEANDREA Anm\u00e4rkningar: &#8211; Reng\u00f6r kattl\u00e5dan regelbundet. &#8211; F\u00f6lj noggrant anvisningarna f\u00f6r montering av produkten. F\u00f6r att undvika skador b\u00f6r du inte montera eller demontera produkten p\u00e5 ett ovarsamt s\u00e4tt.<\/p>\n","protected":false},"excerpt":{"rendered":"<p>Feandrea kattl\u00e5da, katttoalett, med lock, f\u00f6r katter upp till 15 kg, havregrynf\u00e4rgad-varmgr\u00e5<\/p>\n","protected":false},"featured_media":45577,"comment_status":"open","ping_status":"closed","template":"","meta":[],"product_brand":[],"product_cat":[33],"product_tag":[],"class_list":{"0":"post-18572","1":"product","2":"type-product","3":"status-publish","4":"has-post-thumbnail","6":"product_cat-okategoriserad","8":"first","9":"instock","10":"shipping-taxable","11":"purchasable","12":"product-type-simple"},"_links":{"self":[{"href":"https:\/\/nordicmart.andreevmaster.com\/sv\/wp-json\/wp\/v2\/product\/18572","targetHints":{"allow":["GET"]}}],"collection":[{"href":"https:\/\/nordicmart.andreevmaster.com\/sv\/wp-json\/wp\/v2\/product"}],"about":[{"href":"https:\/\/nordicmart.andreevmaster.com\/sv\/wp-json\/wp\/v2\/types\/product"}],"replies":[{"embeddable":true,"href":"https:\/\/nordicmart.andreevmaster.com\/sv\/wp-json\/wp\/v2\/comments?post=18572"}],"wp:featuredmedia":[{"embeddable":true,"href":"https:\/\/nordicmart.andreevmaster.com\/sv\/wp-json\/wp\/v2\/media\/45577"}],"wp:attachment":[{"href":"https:\/\/nordicmart.andreevmaster.com\/sv\/wp-json\/wp\/v2\/media?parent=18572"}],"wp:term":[{"taxonomy":"product_brand","embeddable":true,"href":"https:\/\/nordicmart.andreevmaster.com\/sv\/wp-json\/wp\/v2\/product_brand?post=18572"},{"taxonomy":"product_cat","embeddable":true,"href":"https:\/\/nordicmart.andreevmaster.com\/sv\/wp-json\/wp\/v2\/product_cat?post=18572"},{"taxonomy":"product_tag","embeddable":true,"href":"https:\/\/nordicmart.andreevmaster.com\/sv\/wp-json\/wp\/v2\/product_tag?post=18572"}],"curies":[{"name":"wp","href":"https:\/\/api.w.org\/{rel}","templated":true}]}}