{"id":18570,"date":"2026-02-27T00:40:31","date_gmt":"2026-02-27T00:40:31","guid":{"rendered":"https:\/\/nordicmart.andreevmaster.com\/product\/feandrea-hundbur-attkantig-svart\/"},"modified":"2026-02-27T08:28:56","modified_gmt":"2026-02-27T08:28:56","slug":"feandrea-hundbur-attkantig-svart","status":"publish","type":"product","link":"https:\/\/nordicmart.andreevmaster.com\/sv\/produkt\/feandrea-hundbur-attkantig-svart\/","title":{"rendered":"Feandrea hundbur  \u00c5ttkantig svart"},"content":{"rendered":"<p>Produktbeskrivning:  Valphagen av robust metalltr\u00e5d och f\u00f6rtjockat fyrkantigt r\u00f6r \u00e4r m\u00e5ngsidig. Med denna valphage fr\u00e5n FEANDREA k\u00e4nner sig ditt djur som hemma under bar himmel! Valphagen erbjuder tillr\u00e4ckligt med utrymme f\u00f6r din valp att leka, sova eller mysa. Den \u00e4r snygg och h\u00e5llbar, har god ventilation och ger fri sikt \u00f6ver djuret. Obs:  &#8211; Vid manuell m\u00e4tning kan avvikelser p\u00e5 ca 1-2 cm f\u00f6rekomma. Innan du k\u00f6per, m\u00e4t noggrant storleken, br\u00f6stvidd och midjevidd p\u00e5 ditt husdjur. Produktdetaljer: &#8211; Material: j\u00e4rnr\u00f6r  &#8211; F\u00e4rg: svart (PPK88H) &#8211; M\u00e5tt p\u00e5 varje gallerv\u00e4gg: 77 x 80 cm &#8211; M\u00e5tt i rektangul\u00e4r form: ca 246 x 83 cm &#8211; Diagonal i \u00e5ttkantig form: 210 cm &#8211; Avst\u00e5nd mellan motsatta sidor i \u00e5ttkantig form: 200 cm &#8211; M\u00e5tt i kvadrat: 163 x 163 cm &#8211; D\u00f6rrm\u00e5tt: 32 x 62 cm &#8211; Maskstorlek: ca 3,8 x 15 cm Leveransomfattning:  &#8211; 1 x valphage (7 x gallerelement utan d\u00f6rr, 1 x gallerelement med d\u00f6rr)  &#8211; 8 x st\u00e4nger f\u00f6r stabilare f\u00f6rankring i marken  &#8211; 1 x bruksanvisning (DE, FR, EN, IT, ES)<\/p>\n","protected":false},"excerpt":{"rendered":"<p>Feandrea valpbur valpbur djurbur utomhusbur hundbur valpstaket avsp\u00e4rrningsgaller f\u00f6r hundar kaniner sm\u00e5 husdjur 8-kantig svart 80 x 80 cm PPK88H<\/p>\n","protected":false},"featured_media":45575,"comment_status":"open","ping_status":"closed","template":"","meta":[],"product_brand":[],"product_cat":[33],"product_tag":[],"class_list":{"0":"post-18570","1":"product","2":"type-product","3":"status-publish","4":"has-post-thumbnail","6":"product_cat-okategoriserad","8":"first","9":"instock","10":"shipping-taxable","11":"purchasable","12":"product-type-simple"},"_links":{"self":[{"href":"https:\/\/nordicmart.andreevmaster.com\/sv\/wp-json\/wp\/v2\/product\/18570","targetHints":{"allow":["GET"]}}],"collection":[{"href":"https:\/\/nordicmart.andreevmaster.com\/sv\/wp-json\/wp\/v2\/product"}],"about":[{"href":"https:\/\/nordicmart.andreevmaster.com\/sv\/wp-json\/wp\/v2\/types\/product"}],"replies":[{"embeddable":true,"href":"https:\/\/nordicmart.andreevmaster.com\/sv\/wp-json\/wp\/v2\/comments?post=18570"}],"wp:featuredmedia":[{"embeddable":true,"href":"https:\/\/nordicmart.andreevmaster.com\/sv\/wp-json\/wp\/v2\/media\/45575"}],"wp:attachment":[{"href":"https:\/\/nordicmart.andreevmaster.com\/sv\/wp-json\/wp\/v2\/media?parent=18570"}],"wp:term":[{"taxonomy":"product_brand","embeddable":true,"href":"https:\/\/nordicmart.andreevmaster.com\/sv\/wp-json\/wp\/v2\/product_brand?post=18570"},{"taxonomy":"product_cat","embeddable":true,"href":"https:\/\/nordicmart.andreevmaster.com\/sv\/wp-json\/wp\/v2\/product_cat?post=18570"},{"taxonomy":"product_tag","embeddable":true,"href":"https:\/\/nordicmart.andreevmaster.com\/sv\/wp-json\/wp\/v2\/product_tag?post=18570"}],"curies":[{"name":"wp","href":"https:\/\/api.w.org\/{rel}","templated":true}]}}