{"id":18567,"date":"2026-02-27T00:40:31","date_gmt":"2026-02-27T00:40:31","guid":{"rendered":"https:\/\/nordicmart.andreevmaster.com\/product\/feandrea-8-kantig-valphage\/"},"modified":"2026-02-27T08:28:56","modified_gmt":"2026-02-27T08:28:56","slug":"feandrea-8-kantig-valphage","status":"publish","type":"product","link":"https:\/\/nordicmart.andreevmaster.com\/sv\/produkt\/feandrea-8-kantig-valphage\/","title":{"rendered":"Feandrea 8-kantig valphage"},"content":{"rendered":"<p>Med denna valphage fr\u00e5n FEANDREA kommer ditt husdjur att trivas b\u00e4st utomhus! Tack vare den genomt\u00e4nkta konstruktionen kan hundboxen monteras och demonteras snabbt utan verktyg. Gallerv\u00e4ggarna kopplas enkelt ihop med st\u00e4nger, som kan stickas ner i marken f\u00f6r att garantera tillr\u00e4cklig stabilitet. D\u00f6rren \u00e4r stor och m\u00f6jligg\u00f6r snabb och enkel \u00e5tkomst till djuren. Dubbel l\u00e5sning och tv\u00e5 l\u00e5sbultar p\u00e5 d\u00f6rren ger extra s\u00e4kerhet. Inh\u00e4gnaden kan byggas om flexibelt. Du kan k\u00f6pa flera delar och koppla ihop gallren efter behag, till en st\u00f6rre inh\u00e4gnad eller till ett staket.Valphagen erbjuder tillr\u00e4ckligt med utrymme f\u00f6r att din valp ska kunna leka, sova eller mysa d\u00e4r. Detta 1 m h\u00f6ga staket har optimal h\u00f6jd, \u00e4r dessutom v\u00e4l ventilerat och erbjuder obegr\u00e4nsad sikt \u00f6ver djuret. Produktdetaljer: &#8211; Material: j\u00e4rnr\u00f6r &#8211; F\u00e4rg: gr\u00e5 (PPK86G) &#8211; M\u00e5tt f\u00f6r varje gallerv\u00e4gg: 77 x 60 cm &#8211; M\u00e5tt i rektangul\u00e4r form: ca 246 x 83 cm &#8211; Diagonal i \u00e5ttkantig form: 210 cm &#8211; Avst\u00e5nd mellan motsatta sidor i \u00e5ttkantig form: 200 cm &#8211; M\u00e5tt i kvadrat: 163 x 163 cm &#8211; D\u00f6rrm\u00e5tt: 32 x 45 cm \u2013 Maskstorlek: ca 3,8 x 14 cm \u2013 Nettovikt: 14,8 kg Leveransomfattning:- 1 x valphage (7 x gallerelement utan d\u00f6rr, 1 x gallerelement med d\u00f6rr) &#8211; 8 x stavar f\u00f6r stabilare f\u00f6rankring i marken &#8211; 1 x bruksanvisning (ES, EN, DE, FR, IT) Anm\u00e4rkningar: Vid manuell m\u00e4tning kan avvikelser p\u00e5 ca 1-2 cm f\u00f6rekomma. Innan du k\u00f6per, m\u00e4t noggrant storleken, br\u00f6stvidd och midjevidd p\u00e5 ditt husdjur.<\/p>\n","protected":false},"excerpt":{"rendered":"<p>Feandrea valphage valphage djurhage utomhushage hundhage valpstaket avsp\u00e4rrningsstaket staket galler valpar kaniner 8-kantig svart 77 x 60 cm PPK86H<\/p>\n","protected":false},"featured_media":45572,"comment_status":"open","ping_status":"closed","template":"","meta":[],"product_brand":[],"product_cat":[33],"product_tag":[],"class_list":{"0":"post-18567","1":"product","2":"type-product","3":"status-publish","4":"has-post-thumbnail","6":"product_cat-okategoriserad","8":"first","9":"instock","10":"shipping-taxable","11":"purchasable","12":"product-type-simple"},"_links":{"self":[{"href":"https:\/\/nordicmart.andreevmaster.com\/sv\/wp-json\/wp\/v2\/product\/18567","targetHints":{"allow":["GET"]}}],"collection":[{"href":"https:\/\/nordicmart.andreevmaster.com\/sv\/wp-json\/wp\/v2\/product"}],"about":[{"href":"https:\/\/nordicmart.andreevmaster.com\/sv\/wp-json\/wp\/v2\/types\/product"}],"replies":[{"embeddable":true,"href":"https:\/\/nordicmart.andreevmaster.com\/sv\/wp-json\/wp\/v2\/comments?post=18567"}],"wp:featuredmedia":[{"embeddable":true,"href":"https:\/\/nordicmart.andreevmaster.com\/sv\/wp-json\/wp\/v2\/media\/45572"}],"wp:attachment":[{"href":"https:\/\/nordicmart.andreevmaster.com\/sv\/wp-json\/wp\/v2\/media?parent=18567"}],"wp:term":[{"taxonomy":"product_brand","embeddable":true,"href":"https:\/\/nordicmart.andreevmaster.com\/sv\/wp-json\/wp\/v2\/product_brand?post=18567"},{"taxonomy":"product_cat","embeddable":true,"href":"https:\/\/nordicmart.andreevmaster.com\/sv\/wp-json\/wp\/v2\/product_cat?post=18567"},{"taxonomy":"product_tag","embeddable":true,"href":"https:\/\/nordicmart.andreevmaster.com\/sv\/wp-json\/wp\/v2\/product_tag?post=18567"}],"curies":[{"name":"wp","href":"https:\/\/api.w.org\/{rel}","templated":true}]}}