{"id":18565,"date":"2026-02-27T00:40:30","date_gmt":"2026-02-27T00:40:30","guid":{"rendered":"https:\/\/nordicmart.andreevmaster.com\/product\/feandrea-8-kantig-utomhusbur\/"},"modified":"2026-02-27T08:28:55","modified_gmt":"2026-02-27T08:28:55","slug":"feandrea-8-kantig-utomhusbur","status":"publish","type":"product","link":"https:\/\/nordicmart.andreevmaster.com\/sv\/produkt\/feandrea-8-kantig-utomhusbur\/","title":{"rendered":"Feandrea 8-kantig utomhusbur"},"content":{"rendered":"<p>Produktbeskrivning: T\u00e4nk bara p\u00e5 hur bekv\u00e4m din hund kommer att k\u00e4nna sig i denna rymliga utomhushage fr\u00e5n FEANDREA! Husdjur har s\u00e5 mycket energi och vill springa av sig, men de beh\u00f6ver ocks\u00e5 fasta gr\u00e4nser. Denna utomhushage \u00e4r utvecklad som ett alternativ till en tr\u00e5ng bur och g\u00f6r det m\u00f6jligt f\u00f6r hunden att leka fritt i en s\u00e4ker milj\u00f6.  En k\u00e4nsla av frihet under s\u00e4kra f\u00f6rh\u00e5llanden Metallst\u00e4ngerna i denna valphage har rundade h\u00f6rn s\u00e5 att din lille v\u00e4n inte kan skada sig n\u00e4r han leker. Kopplingsst\u00e4ngerna kan ocks\u00e5 stickas ner i marken om du anv\u00e4nder hagen i tr\u00e4dg\u00e5rden. Detta ger parken lite extra stabilitet. Oroa dig inte f\u00f6r f\u00f6rvaringen Eftersom hundburen endast best\u00e5r av 8 delar kan du enkelt och snabbt montera och demontera den utan verktyg. Parken kan dessutom enkelt transporteras i bagageutrymmet. Produktdetaljer: &#8211; F\u00e4rg: Gr\u00e5 &#8211; Material: Metall &#8211; Storlek p\u00e5 burdel: 77 x 100 cm (B x H) &#8211; Storlek p\u00e5 d\u00f6rren: 32 x 82 cm (B x H) &#8211; Storlek rektangul\u00e4r konstruktion: 235 x 77 x 100 cm (L x B x H) &#8211; Storlek kvadratisk konstruktion: 157 x 157 x 100 cm (L x B x H) &#8211; Vikt: 21,3 kg Leveransomfattning: &#8211; 1 x bur &#8211; 8 x kopplingsst\u00e5ng &#8211; 8 x plastk\u00e5pa &#8211; 1 x bruksanvisning (DE, EN, FR, ES, IT) FEANDREA Anm\u00e4rkningar: &#8211; M\u00e4t ditt husdjur innan du best\u00e4ller denna produkt f\u00f6r att undvika att k\u00f6pa en bur i fel storlek. &#8211; Denna produkt \u00e4r inte en leksak. L\u00e5t inte barn anv\u00e4nda den som s\u00e5dan. &#8211; Placera produkten p\u00e5 en plan yta. EAN: 6955880353286<\/p>\n","protected":false},"excerpt":{"rendered":"<p>Feandrea valphage valphage djurhage frihage hundhage valpstaket avsp\u00e4rrningsstaket staket galler valpar kaniner 8-kantig svart 77 x 100 cm PPK81H<\/p>\n","protected":false},"featured_media":45570,"comment_status":"open","ping_status":"closed","template":"","meta":[],"product_brand":[],"product_cat":[33],"product_tag":[],"class_list":{"0":"post-18565","1":"product","2":"type-product","3":"status-publish","4":"has-post-thumbnail","6":"product_cat-okategoriserad","8":"first","9":"instock","10":"shipping-taxable","11":"purchasable","12":"product-type-simple"},"_links":{"self":[{"href":"https:\/\/nordicmart.andreevmaster.com\/sv\/wp-json\/wp\/v2\/product\/18565","targetHints":{"allow":["GET"]}}],"collection":[{"href":"https:\/\/nordicmart.andreevmaster.com\/sv\/wp-json\/wp\/v2\/product"}],"about":[{"href":"https:\/\/nordicmart.andreevmaster.com\/sv\/wp-json\/wp\/v2\/types\/product"}],"replies":[{"embeddable":true,"href":"https:\/\/nordicmart.andreevmaster.com\/sv\/wp-json\/wp\/v2\/comments?post=18565"}],"wp:featuredmedia":[{"embeddable":true,"href":"https:\/\/nordicmart.andreevmaster.com\/sv\/wp-json\/wp\/v2\/media\/45570"}],"wp:attachment":[{"href":"https:\/\/nordicmart.andreevmaster.com\/sv\/wp-json\/wp\/v2\/media?parent=18565"}],"wp:term":[{"taxonomy":"product_brand","embeddable":true,"href":"https:\/\/nordicmart.andreevmaster.com\/sv\/wp-json\/wp\/v2\/product_brand?post=18565"},{"taxonomy":"product_cat","embeddable":true,"href":"https:\/\/nordicmart.andreevmaster.com\/sv\/wp-json\/wp\/v2\/product_cat?post=18565"},{"taxonomy":"product_tag","embeddable":true,"href":"https:\/\/nordicmart.andreevmaster.com\/sv\/wp-json\/wp\/v2\/product_tag?post=18565"}],"curies":[{"name":"wp","href":"https:\/\/api.w.org\/{rel}","templated":true}]}}