{"id":18564,"date":"2026-02-27T00:40:30","date_gmt":"2026-02-27T00:40:30","guid":{"rendered":"https:\/\/nordicmart.andreevmaster.com\/product\/feandrea-valphage-for-hundar\/"},"modified":"2026-02-27T08:28:55","modified_gmt":"2026-02-27T08:28:55","slug":"feandrea-valphage-for-hundar","status":"publish","type":"product","link":"https:\/\/nordicmart.andreevmaster.com\/sv\/produkt\/feandrea-valphage-for-hundar\/","title":{"rendered":"Feandrea valphage f\u00f6r hundar"},"content":{"rendered":"<p>Eget hem f\u00f6r ditt husdjur. Kan dessutom f\u00e4llas ihop f\u00f6r att spara plats. FEANDREA:s h\u00f6gkvalitativa hundbur, som best\u00e5r av fyra gallerv\u00e4ggar, \u00e4r ett optimalt val f\u00f6r dig. Denna valphage erbjuder tillr\u00e4ckligt med utrymme f\u00f6r leksaker och hundkuddar och ger d\u00e4rmed din hund mycket n\u00f6je. Tack vare den praktiska designen kan den monteras och demonteras snabbt utan verktyg. Dessutom kan den f\u00e4llas ihop f\u00f6r att spara plats. Produktdetaljer: &#8211; Material: j\u00e4rnr\u00f6r &#8211; F\u00e4rg: svart (PPK74H) &#8211; M\u00e5tt: 122 x 70 x 80 cm (B x H x D) &#8211; M\u00e5tt p\u00e5 varje galler: 120 x 70 cm, 75 x 70 cm &#8211; M\u00e5tt p\u00e5 d\u00f6rren: 57 x 54 cm &#8211; Maskstorlek: 3,8 x 14 cm &#8211; Nettovikt: 11 kg Leveransomfattning:- 1 x valphage &#8211; 1 x bruksanvisning (DE, EN, IT, FR, ES) Anm\u00e4rkningar: Produkten \u00e4r inte en leksak, l\u00e5t inte barn leka med den. Anv\u00e4nd produkten endast p\u00e5 plan underlag. M\u00e4t noggrant storleken, br\u00f6stvidd och midjevidd p\u00e5 ditt husdjur innan k\u00f6p.<\/p>\n","protected":false},"excerpt":{"rendered":"<p>Feandrea valphage f\u00f6r hundar kaniner sm\u00e5 husdjur svart 122 x 70 x 80 cm PPK74H<\/p>\n","protected":false},"featured_media":45569,"comment_status":"open","ping_status":"closed","template":"","meta":[],"product_brand":[],"product_cat":[33],"product_tag":[],"class_list":{"0":"post-18564","1":"product","2":"type-product","3":"status-publish","4":"has-post-thumbnail","6":"product_cat-okategoriserad","8":"first","9":"instock","10":"shipping-taxable","11":"purchasable","12":"product-type-simple"},"_links":{"self":[{"href":"https:\/\/nordicmart.andreevmaster.com\/sv\/wp-json\/wp\/v2\/product\/18564","targetHints":{"allow":["GET"]}}],"collection":[{"href":"https:\/\/nordicmart.andreevmaster.com\/sv\/wp-json\/wp\/v2\/product"}],"about":[{"href":"https:\/\/nordicmart.andreevmaster.com\/sv\/wp-json\/wp\/v2\/types\/product"}],"replies":[{"embeddable":true,"href":"https:\/\/nordicmart.andreevmaster.com\/sv\/wp-json\/wp\/v2\/comments?post=18564"}],"wp:featuredmedia":[{"embeddable":true,"href":"https:\/\/nordicmart.andreevmaster.com\/sv\/wp-json\/wp\/v2\/media\/45569"}],"wp:attachment":[{"href":"https:\/\/nordicmart.andreevmaster.com\/sv\/wp-json\/wp\/v2\/media?parent=18564"}],"wp:term":[{"taxonomy":"product_brand","embeddable":true,"href":"https:\/\/nordicmart.andreevmaster.com\/sv\/wp-json\/wp\/v2\/product_brand?post=18564"},{"taxonomy":"product_cat","embeddable":true,"href":"https:\/\/nordicmart.andreevmaster.com\/sv\/wp-json\/wp\/v2\/product_cat?post=18564"},{"taxonomy":"product_tag","embeddable":true,"href":"https:\/\/nordicmart.andreevmaster.com\/sv\/wp-json\/wp\/v2\/product_tag?post=18564"}],"curies":[{"name":"wp","href":"https:\/\/api.w.org\/{rel}","templated":true}]}}