{"id":18563,"date":"2026-02-27T00:40:30","date_gmt":"2026-02-27T00:40:30","guid":{"rendered":"https:\/\/nordicmart.andreevmaster.com\/product\/feandrea-lekhage-for-husdjur\/"},"modified":"2026-02-27T08:28:55","modified_gmt":"2026-02-27T08:28:55","slug":"feandrea-lekhage-for-husdjur","status":"publish","type":"product","link":"https:\/\/nordicmart.andreevmaster.com\/sv\/produkt\/feandrea-lekhage-for-husdjur\/","title":{"rendered":"Feandrea lekhage f\u00f6r husdjur"},"content":{"rendered":"<p>Husdjur ska alltid k\u00e4nna sig trygga och bekv\u00e4ma, s\u00e4rskilt n\u00e4r de flyttar till ett nytt hem. Denna utomhusbur fr\u00e5n FEANDREA ger ditt husdjur en k\u00e4nsla av trygghet och hindrar det samtidigt fr\u00e5n att gnaga p\u00e5 dina m\u00f6bler eller skor n\u00e4r du \u00e4r bortrest. \u201dMitt personliga VIP-omr\u00e5de\u201d Denna bur best\u00e5r av endast fyra gallerelement och \u00e4r enkel att montera och f\u00e4lla ihop. Du kan enkelt flytta den fr\u00e5n vardagsrummet till tr\u00e4dg\u00e5rden eller l\u00e4gga den platt i bagageutrymmet n\u00e4r du vill resa med ditt husdjur. I denna rastg\u00e5rd kommer din p\u00e4lskling att k\u00e4nna sig som hemma \u00f6verallt. En k\u00e4nsla av frihet och s\u00e4kerhet Med stabila metallst\u00e4nger, rundade h\u00f6rn och kanter, genomskinliga gallerelement och en d\u00f6rr med L-formad sp\u00e4rr erbjuder denna lekhage din lilla v\u00e4n en s\u00e4ker lekplats. S\u00e5 kan du l\u00e4mna rummet med sinnesro eller titta p\u00e5 din s\u00f6ta p\u00e4lsboll medan den leker. Produktdetaljer: &#8211; F\u00e4rg: Gr\u00e5 &#8211; Material: Metall &#8211; Total storlek: 122 x 80 x 70 cm (L x B x H) &#8211; Storlek stort burdel: 120 x 70 cm (L x H) &#8211; Storlek litet burdel: 75 x 70 cm (L x H) &#8211; D\u00f6rrens storlek: 57 x 54 cm (L x H) &#8211; Maskstorlek: ca 4,2 x 14 cm &#8211; Vikt: 11 kg Leveransomfattning: &#8211; 1 x utomhusbur &#8211; 1 x bruksanvisning FEANDREA Anm\u00e4rkningar: &#8211; M\u00e4t ditt husdjur innan du best\u00e4ller denna produkt f\u00f6r att undvika att k\u00f6pa en bur i fel storlek. &#8211; Denna produkt \u00e4r inte en leksak. L\u00e5t inte barn anv\u00e4nda den som s\u00e5dan. &#8211; Placera produkten p\u00e5 en plan yta. &#8211; Om du beh\u00f6ver en st\u00f6rre storlek kan du best\u00e4lla tv\u00e5 eller flera exemplar av denna produkt.<\/p>\n","protected":false},"excerpt":{"rendered":"<p>Feandrea valphage f\u00f6r hundar kaniner sm\u00e5 husdjur svart 122 x 70 x 80 cm PPK74H<\/p>\n","protected":false},"featured_media":45568,"comment_status":"open","ping_status":"closed","template":"","meta":[],"product_brand":[],"product_cat":[33],"product_tag":[],"class_list":{"0":"post-18563","1":"product","2":"type-product","3":"status-publish","4":"has-post-thumbnail","6":"product_cat-okategoriserad","8":"first","9":"instock","10":"shipping-taxable","11":"purchasable","12":"product-type-simple"},"_links":{"self":[{"href":"https:\/\/nordicmart.andreevmaster.com\/sv\/wp-json\/wp\/v2\/product\/18563","targetHints":{"allow":["GET"]}}],"collection":[{"href":"https:\/\/nordicmart.andreevmaster.com\/sv\/wp-json\/wp\/v2\/product"}],"about":[{"href":"https:\/\/nordicmart.andreevmaster.com\/sv\/wp-json\/wp\/v2\/types\/product"}],"replies":[{"embeddable":true,"href":"https:\/\/nordicmart.andreevmaster.com\/sv\/wp-json\/wp\/v2\/comments?post=18563"}],"wp:featuredmedia":[{"embeddable":true,"href":"https:\/\/nordicmart.andreevmaster.com\/sv\/wp-json\/wp\/v2\/media\/45568"}],"wp:attachment":[{"href":"https:\/\/nordicmart.andreevmaster.com\/sv\/wp-json\/wp\/v2\/media?parent=18563"}],"wp:term":[{"taxonomy":"product_brand","embeddable":true,"href":"https:\/\/nordicmart.andreevmaster.com\/sv\/wp-json\/wp\/v2\/product_brand?post=18563"},{"taxonomy":"product_cat","embeddable":true,"href":"https:\/\/nordicmart.andreevmaster.com\/sv\/wp-json\/wp\/v2\/product_cat?post=18563"},{"taxonomy":"product_tag","embeddable":true,"href":"https:\/\/nordicmart.andreevmaster.com\/sv\/wp-json\/wp\/v2\/product_tag?post=18563"}],"curies":[{"name":"wp","href":"https:\/\/api.w.org\/{rel}","templated":true}]}}